{"id":3435,"date":"2025-03-26T14:40:08","date_gmt":"2025-03-26T14:40:08","guid":{"rendered":"https:\/\/marcela.pt\/services-for-home-owners\/"},"modified":"2025-05-25T20:57:01","modified_gmt":"2025-05-25T20:57:01","slug":"servicos-para-proprietarios","status":"publish","type":"page","link":"https:\/\/marcela.pt\/pt-pt\/administracao-de-propriedades-para-alugar\/servicos-para-proprietarios\/","title":{"rendered":"Servi\u00e7os para Propriet\u00e1rios"},"content":{"rendered":"<div class=\"gb-container gb-container-91572876 dng-section\">\n<div class=\"gb-container gb-container-36971048 dng-section\">\n<div class=\"gb-container gb-container-faad1f8f dng-c-section__inner\">\n\n<p class=\"gb-headline gb-headline-46360ab7 gb-headline-text dng-c-title-description-with-image__title title1\">Servi\u00e7os para Propriet\u00e1rios<\/p>\n\n\n<div class=\"gb-container gb-container-d51ea3fa dng-c-title-description-with-image__vertical-line\"><\/div>\n\n\n<p class=\"gb-headline gb-headline-292983b1 gb-headline-text dng-c-title-description-with-image__text body1\">Contamos com mais de 15 anos de experi\u00eancia na \u00e1rea e com uma rede cuidadosamente selecionada de parceiros e empresas de confian\u00e7a, que trabalham em conjunto conosco para garantir que a sua propriedade est\u00e1 sempre nas melhores condi\u00e7\u00f5es.<\/p>\n\n<\/div>\n\n<div class=\"gb-container gb-container-c95e9fa0 dng-c-title-description-with-image__image-container\">\n\n<figure class=\"gb-block-image gb-block-image-dc2653dc\"><img decoding=\"async\" width=\"1920\" height=\"1280\" class=\"gb-image gb-image-dc2653dc dng-c-title-description-with-image__image-container-img lazyload\" data-src=\"https:\/\/marcela.pt\/wp-content\/uploads\/2025\/04\/2_6874d396-1d86-4a39-8fa8-3fd17e31e4a5.webp\" alt=\"\" title=\"2_6874d396-1d86-4a39-8fa8-3fd17e31e4a5\" data-srcset=\"https:\/\/marcela.pt\/wp-content\/uploads\/2025\/04\/2_6874d396-1d86-4a39-8fa8-3fd17e31e4a5.webp 1920w, https:\/\/marcela.pt\/wp-content\/uploads\/2025\/04\/2_6874d396-1d86-4a39-8fa8-3fd17e31e4a5-300x200.webp 300w, https:\/\/marcela.pt\/wp-content\/uploads\/2025\/04\/2_6874d396-1d86-4a39-8fa8-3fd17e31e4a5-1024x683.webp 1024w, https:\/\/marcela.pt\/wp-content\/uploads\/2025\/04\/2_6874d396-1d86-4a39-8fa8-3fd17e31e4a5-768x512.webp 768w, https:\/\/marcela.pt\/wp-content\/uploads\/2025\/04\/2_6874d396-1d86-4a39-8fa8-3fd17e31e4a5-1536x1024.webp 1536w\" data-sizes=\"(max-width: 1920px) 100vw, 1920px\" src=\"data:image\/svg+xml;base64,PHN2ZyB3aWR0aD0iMSIgaGVpZ2h0PSIxIiB4bWxucz0iaHR0cDovL3d3dy53My5vcmcvMjAwMC9zdmciPjwvc3ZnPg==\" style=\"--smush-placeholder-width: 1920px; --smush-placeholder-aspect-ratio: 1920\/1280;\" \/><\/figure>\n\n<\/div>\n<\/div>\n\n<div class=\"gb-container gb-container-0f51f7b7 dng-c-title-description-with-image__image-container\"><\/div>\n<\/div>\n\n<div class=\"gb-container gb-container-5459de1c\">\n<div class=\"gb-grid-wrapper gb-grid-wrapper-aa3d0022 _rightOffset\">\n<div class=\"gb-grid-column gb-grid-column-f9a0421e\"><div class=\"gb-container gb-container-f9a0421e\">\n\n<figure class=\"gb-block-image gb-block-image-296e7a58\"><img decoding=\"async\" width=\"2560\" height=\"1707\" class=\"gb-image gb-image-296e7a58 lazyload\" data-src=\"https:\/\/marcela.pt\/wp-content\/uploads\/2025\/04\/modern-scandinavian-home-interior-with-design-wooden-commode-dried-leafs-ceramic-vases-personal-accessories-stylish-home-decor-template-copy-space-white-walls-scaled.webp\" alt=\"\" title=\"modern-scandinavian-home-interior-with-design-wooden-commode-dried-leafs-ceramic-vases-personal-accessories-stylish-home-decor-template-copy-space-white-walls\" data-srcset=\"https:\/\/marcela.pt\/wp-content\/uploads\/2025\/04\/modern-scandinavian-home-interior-with-design-wooden-commode-dried-leafs-ceramic-vases-personal-accessories-stylish-home-decor-template-copy-space-white-walls-scaled.webp 2560w, https:\/\/marcela.pt\/wp-content\/uploads\/2025\/04\/modern-scandinavian-home-interior-with-design-wooden-commode-dried-leafs-ceramic-vases-personal-accessories-stylish-home-decor-template-copy-space-white-walls-300x200.webp 300w, https:\/\/marcela.pt\/wp-content\/uploads\/2025\/04\/modern-scandinavian-home-interior-with-design-wooden-commode-dried-leafs-ceramic-vases-personal-accessories-stylish-home-decor-template-copy-space-white-walls-1024x683.webp 1024w, https:\/\/marcela.pt\/wp-content\/uploads\/2025\/04\/modern-scandinavian-home-interior-with-design-wooden-commode-dried-leafs-ceramic-vases-personal-accessories-stylish-home-decor-template-copy-space-white-walls-768x512.webp 768w, https:\/\/marcela.pt\/wp-content\/uploads\/2025\/04\/modern-scandinavian-home-interior-with-design-wooden-commode-dried-leafs-ceramic-vases-personal-accessories-stylish-home-decor-template-copy-space-white-walls-1536x1024.webp 1536w, https:\/\/marcela.pt\/wp-content\/uploads\/2025\/04\/modern-scandinavian-home-interior-with-design-wooden-commode-dried-leafs-ceramic-vases-personal-accessories-stylish-home-decor-template-copy-space-white-walls-2048x1365.webp 2048w\" data-sizes=\"(max-width: 2560px) 100vw, 2560px\" src=\"data:image\/svg+xml;base64,PHN2ZyB3aWR0aD0iMSIgaGVpZ2h0PSIxIiB4bWxucz0iaHR0cDovL3d3dy53My5vcmcvMjAwMC9zdmciPjwvc3ZnPg==\" style=\"--smush-placeholder-width: 2560px; --smush-placeholder-aspect-ratio: 2560\/1707;\" \/><\/figure>\n\n\n<div class=\"gb-container gb-container-8b638211 dng-horizontal-line\"><\/div>\n<\/div><\/div>\n\n<div class=\"gb-grid-column gb-grid-column-1b9de41a\"><div class=\"gb-container gb-container-1b9de41a\">\n\n<h2 class=\"gb-headline gb-headline-d0146425 gb-headline-text\">Servi\u00e7os de Gest\u00e3o de Propriedades<\/h2>\n\n\n\n<p class=\"gb-headline gb-headline-66d07c24 gb-headline-text body1\">A gest\u00e3o de propriedades pode ser assustadora, mas os nossos servi\u00e7os abrangentes garantem que a sua propriedade \u00e9 gerida sem problemas e bem mantida.<\/p>\n\n\n\n<a class=\"gb-button gb-button-b6471ab4 gb-button-text dng-btn-single\" href=\"https:\/\/marcela.pt\/pt-pt\/administracao-de-propriedades-para-alugar\/servicos-para-proprietarios\/servicos-de-gestao-de-propriedade\/\">saiba mais<\/a>\n\n<\/div><\/div>\n<\/div>\n\n<div class=\"gb-container gb-container-75befdee dng-content-section\"><\/div>\n<\/div>\n\n<div class=\"gb-container gb-container-821aee91\">\n<div class=\"gb-grid-wrapper gb-grid-wrapper-85f6e187 _leftOffset\">\n<div class=\"gb-grid-column gb-grid-column-2601a55f\"><div class=\"gb-container gb-container-2601a55f\">\n\n<figure class=\"gb-block-image gb-block-image-6b79296a\"><img decoding=\"async\" width=\"1920\" height=\"1280\" class=\"gb-image gb-image-6b79296a lazyload\" data-src=\"https:\/\/marcela.pt\/wp-content\/uploads\/2025\/04\/43-24460-78d1f4f8b6655591b02d22fabb36a692d73ccaed32aa79b785db18e2812971fd-5d967755-8efe-4765-b15a-1e2af02b4b79.webp\" alt=\"\" title=\"43-24460-78d1f4f8b6655591b02d22fabb36a692d73ccaed32aa79b785db18e2812971fd-5d967755-8efe-4765-b15a-1e2af02b4b79\" data-srcset=\"https:\/\/marcela.pt\/wp-content\/uploads\/2025\/04\/43-24460-78d1f4f8b6655591b02d22fabb36a692d73ccaed32aa79b785db18e2812971fd-5d967755-8efe-4765-b15a-1e2af02b4b79.webp 1920w, https:\/\/marcela.pt\/wp-content\/uploads\/2025\/04\/43-24460-78d1f4f8b6655591b02d22fabb36a692d73ccaed32aa79b785db18e2812971fd-5d967755-8efe-4765-b15a-1e2af02b4b79-300x200.webp 300w, https:\/\/marcela.pt\/wp-content\/uploads\/2025\/04\/43-24460-78d1f4f8b6655591b02d22fabb36a692d73ccaed32aa79b785db18e2812971fd-5d967755-8efe-4765-b15a-1e2af02b4b79-1024x683.webp 1024w, https:\/\/marcela.pt\/wp-content\/uploads\/2025\/04\/43-24460-78d1f4f8b6655591b02d22fabb36a692d73ccaed32aa79b785db18e2812971fd-5d967755-8efe-4765-b15a-1e2af02b4b79-768x512.webp 768w, https:\/\/marcela.pt\/wp-content\/uploads\/2025\/04\/43-24460-78d1f4f8b6655591b02d22fabb36a692d73ccaed32aa79b785db18e2812971fd-5d967755-8efe-4765-b15a-1e2af02b4b79-1536x1024.webp 1536w\" data-sizes=\"(max-width: 1920px) 100vw, 1920px\" src=\"data:image\/svg+xml;base64,PHN2ZyB3aWR0aD0iMSIgaGVpZ2h0PSIxIiB4bWxucz0iaHR0cDovL3d3dy53My5vcmcvMjAwMC9zdmciPjwvc3ZnPg==\" style=\"--smush-placeholder-width: 1920px; --smush-placeholder-aspect-ratio: 1920\/1280;\" \/><\/figure>\n\n\n<div class=\"gb-container gb-container-3dcb2436 dng-horizontal-line\"><\/div>\n<\/div><\/div>\n\n<div class=\"gb-grid-column gb-grid-column-7c6420e2\"><div class=\"gb-container gb-container-7c6420e2\">\n\n<h2 class=\"gb-headline gb-headline-cc6f1584 gb-headline-text\">Servi\u00e7os de Arrendamento<\/h2>\n\n\n\n<p class=\"gb-headline gb-headline-23fcc0bb gb-headline-text body1\">Bem-vindo ao nosso servi\u00e7o de arrendamentos. Maximizamos o rendimento dos seus arrendamentos ao mesmo tempo que asseguramos uma experi\u00eancia perfeita para os propriet\u00e1rios e h\u00f3spedes.<\/p>\n\n\n\n<a class=\"gb-button gb-button-ab5f4546 gb-button-text dng-btn-single\" href=\"https:\/\/marcela.pt\/pt-pt\/administracao-de-propriedades-para-alugar\/servicos-para-proprietarios\/servicos-de-arrendamento\/\">Saiba Mais<\/a>\n\n<\/div><\/div>\n<\/div>\n<\/div>\n\n<div class=\"gb-container gb-container-130c35f8\">\n<div class=\"gb-container gb-container-c27931be dng-c-section\">\n\n<h2 class=\"gb-headline gb-headline-531518c9 gb-headline-text title1\">Pensa em alugar o seu im\u00f3vel?<\/h2>\n\n\n\n<h5 class=\"gb-headline gb-headline-8caaf6c8 gb-headline-text\">Saiba como maximizar o valor do seu im\u00f3vel, alug\u00e1-lo de forma r\u00e1pida e sem complica\u00e7\u00f5es.<\/h5>\n\n\n\n<a class=\"gb-button gb-button-0c47776e gb-button-text dng-btn-single\" href=\"#contact-form\">Contacte-nos<\/a>\n\n<\/div>\n<\/div>\n\n<div class=\"gb-container gb-container-ca6bf674\" id=\"contact-form\"><\/div>\n\n\r\n<div id=\"dng-c-form-services-for-home-owners-block_8d7d4446f39b1df658ddbb9210e4013c\" class=\"dng-c-form-services-for-home-owners section-space\">\r\n    <div class=\"dng-content-section\">\r\n        <div class=\"gpc-contactForm_outer\">\r\n                            <h3>Diga-nos como podemos ajud\u00e1-lo<\/h3>\r\n                                                <div class=\"casfariContactLead\">\r\n                <form action=\"\" id=\"marcela_contactForm\">\r\n                    <input type=\"hidden\" id=\"dngForm_nonce_data\" name=\"dngForm_nonce_data\" value=\"854aeababb\" \/>                    <input type=\"hidden\" name=\"action\" value=\"marcela_contactForm\">\r\n                    <input type=\"hidden\" name=\"recipient_mail\" value=\"info@marcela.pt\">\r\n                    <input type=\"hidden\" name=\"contact_type\" id=\"contact_type\" value=\"buyer\">\r\n                    <input type=\"hidden\" name=\"lead_title\" id=\"lead_title\" value=\"Services for Home Owners\">\r\n                    <input type=\"hidden\" name=\"tag\" id=\"tag\" value=\"Home Services Form pt-pt\">\r\n                    <input type=\"hidden\" name=\"form_name\" id=\"form_name\" value=\"Services for Home Owners\">\r\n                    <div class=\"gpcContact_row\">\r\n                        <div class=\"gpcContact_col12\">\r\n                            <div class=\"cas-select\">\r\n                                <!-- <label class=\"body2\" for=\"lead_subject\">Assunto<\/label> -->\r\n                                <select name=\"leadType\" id=\"leadType\">\r\n                                    <option value=\"\">Assunto<\/option>\r\n                                    <option value=\"Property Management Services\">Servi\u00e7os de gest\u00e3o de propriedades<\/option>\r\n                                    <option value=\"Rentals Services\">Servi\u00e7os de arrendamento<\/option>\r\n                                <\/select>\r\n                            <\/div>\r\n                        <\/div>\r\n                        <div class=\"gpcContact_col6\">\r\n                            <div class=\"cas-input\">\r\n                                <input type=\"text\" name=\"name\" id=\"name\" required placeholder=\"Nome*\">\r\n                            <\/div>\r\n                        <\/div>\r\n                        <div class=\"gpcContact_col6\">\r\n                            <div class=\"cas-input\">\r\n                                <input type=\"text\" name=\"surname\" id=\"surname\" required placeholder=\"Sobrenome*\">\r\n                            <\/div>\r\n                        <\/div>\r\n                        <div class=\"gpcContact_col6\">\r\n                            <div class=\"cas-input\">\r\n                                <input type=\"tel\" name=\"phone\" id=\"phone_\" required placeholder=\"N\u00famero de telefone*\">\r\n                            <\/div>\r\n                        <\/div>\r\n                        <div class=\"gpcContact_col6\">\r\n                            <div class=\"cas-input\">\r\n                                <input type=\"email\" name=\"email\" id=\"email\" required placeholder=\"Email*\">\r\n                            <\/div>\r\n                        <\/div>\r\n                        <div class=\"gpcContact_col12\">\r\n                            <textarea name=\"message\" id=\"message\" required placeholder=\"Mensagem\"><\/textarea>\r\n                        <\/div>\r\n                    <\/div>\r\n                    <div class=\"leadForm_contsent\">\r\n                        <div class=\"leadForm_contsent--col\">\r\n                            <div class=\"privacy-formcheck\">\r\n                                <input type=\"checkbox\" required>\r\n                                <p class=\"caption\">Autorizo \u200b\u200ba Marcela Real Estate a manter e utilizar as minhas informa\u00e7\u00f5es pessoais conforme descrito na sua <a href=\"\/pt-pt\/politica-de-privacidade\/\"> Pol\u00edtica de Privacidade <\/a>  e em conformidade com as leis em vigor.<\/p>\r\n                            <\/div>\r\n                        <\/div>\r\n                        <div class=\"leadForm_contsent--col leadForm_contsent--colsm\">\r\n                            <div class=\"privacy-formcheck cas-news_info\">\r\n                                <input type=\"checkbox\" name=\"cas_mailchimp\">\r\n                                <p class=\"caption\">Subscreva a nossa Newsletter<\/p>\r\n                            <\/div>\r\n                        <\/div>\r\n                        <div class=\"leadForm_contsent--col leadForm_contsent--colmd\">\r\n                            <button class=\"btn-black button-text\" type=\"submit\">ENVIAR<\/button>\r\n                        <\/div>\r\n                    <\/div>\r\n                <\/form>\r\n                <!-- Success Message -->\r\n                <div class=\"form_message form_success\" style=\"display: none;\">\r\n                    <p><\/p>\r\n                <\/div>\r\n                <!-- Error Message -->\r\n                <div class=\"form_message form_error\" style=\"display: none;\">\r\n                    <p><\/p>\r\n                <\/div>\r\n            <\/div>\r\n        <\/div>\r\n    <\/div>\r\n<\/div>","protected":false},"excerpt":{"rendered":"<p>Servi\u00e7os para Propriet\u00e1rios Contamos com mais de 15 anos de experi\u00eancia na \u00e1rea e com uma rede cuidadosamente selecionada de parceiros e empresas de confian\u00e7a, que trabalham em conjunto conosco para garantir que a sua propriedade est\u00e1 sempre nas melhores condi\u00e7\u00f5es. Pensa em alugar o seu im\u00f3vel? Saiba como maximizar o valor do seu im\u00f3vel, &#8230; <a title=\"Servi\u00e7os para Propriet\u00e1rios\" class=\"read-more\" href=\"https:\/\/marcela.pt\/pt-pt\/administracao-de-propriedades-para-alugar\/servicos-para-proprietarios\/\" aria-label=\"Leia mais sobre Servi\u00e7os para Propriet\u00e1rios\">Ler mais<\/a><\/p>\n","protected":false},"author":4,"featured_media":0,"parent":3439,"menu_order":0,"comment_status":"closed","ping_status":"closed","template":"","meta":{"_acf_changed":false,"footnotes":""},"class_list":["post-3435","page","type-page","status-publish"],"acf":[],"yoast_head":"<!-- This site is optimized with the Yoast SEO Premium plugin v25.1 (Yoast SEO v25.1) - https:\/\/yoast.com\/wordpress\/plugins\/seo\/ -->\n<title>Servi\u00e7os para Propriet\u00e1rios - Marcela Real Estate<\/title>\n<meta name=\"robots\" content=\"index, follow, max-snippet:-1, max-image-preview:large, max-video-preview:-1\" \/>\n<link rel=\"canonical\" href=\"https:\/\/marcela.pt\/pt-pt\/administracao-de-propriedades-para-alugar\/servicos-para-proprietarios\/\" \/>\n<meta property=\"og:locale\" content=\"pt_PT\" \/>\n<meta property=\"og:type\" content=\"article\" \/>\n<meta property=\"og:title\" content=\"Servi\u00e7os para Propriet\u00e1rios\" \/>\n<meta property=\"og:description\" content=\"Servi\u00e7os para Propriet\u00e1rios Contamos com mais de 15 anos de experi\u00eancia na \u00e1rea e com uma rede cuidadosamente selecionada de parceiros e empresas de confian\u00e7a, que trabalham em conjunto conosco para garantir que a sua propriedade est\u00e1 sempre nas melhores condi\u00e7\u00f5es. Pensa em alugar o seu im\u00f3vel? Saiba como maximizar o valor do seu im\u00f3vel, ... Ler mais\" \/>\n<meta property=\"og:url\" content=\"https:\/\/marcela.pt\/pt-pt\/administracao-de-propriedades-para-alugar\/servicos-para-proprietarios\/\" \/>\n<meta property=\"og:site_name\" content=\"Marcela Real Estate\" \/>\n<meta property=\"article:modified_time\" content=\"2025-05-25T20:57:01+00:00\" \/>\n<meta property=\"og:image\" content=\"https:\/\/marcela.pt\/wp-content\/uploads\/2025\/04\/2_6874d396-1d86-4a39-8fa8-3fd17e31e4a5.webp\" \/>\n<meta name=\"twitter:card\" content=\"summary_large_image\" \/>\n<meta name=\"twitter:label1\" content=\"Tempo estimado de leitura\" \/>\n\t<meta name=\"twitter:data1\" content=\"2 minutos\" \/>\n<script type=\"application\/ld+json\" class=\"yoast-schema-graph\">{\"@context\":\"https:\/\/schema.org\",\"@graph\":[{\"@type\":\"WebPage\",\"@id\":\"https:\/\/marcela.pt\/pt-pt\/administracao-de-propriedades-para-alugar\/servicos-para-proprietarios\/\",\"url\":\"https:\/\/marcela.pt\/pt-pt\/administracao-de-propriedades-para-alugar\/servicos-para-proprietarios\/\",\"name\":\"Servi\u00e7os para Propriet\u00e1rios - Marcela Real Estate\",\"isPartOf\":{\"@id\":\"https:\/\/marcela.pt\/pt-pt\/#website\"},\"primaryImageOfPage\":{\"@id\":\"https:\/\/marcela.pt\/pt-pt\/administracao-de-propriedades-para-alugar\/servicos-para-proprietarios\/#primaryimage\"},\"image\":{\"@id\":\"https:\/\/marcela.pt\/pt-pt\/administracao-de-propriedades-para-alugar\/servicos-para-proprietarios\/#primaryimage\"},\"thumbnailUrl\":\"https:\/\/marcela.pt\/wp-content\/uploads\/2025\/04\/2_6874d396-1d86-4a39-8fa8-3fd17e31e4a5.webp\",\"datePublished\":\"2025-03-26T14:40:08+00:00\",\"dateModified\":\"2025-05-25T20:57:01+00:00\",\"breadcrumb\":{\"@id\":\"https:\/\/marcela.pt\/pt-pt\/administracao-de-propriedades-para-alugar\/servicos-para-proprietarios\/#breadcrumb\"},\"inLanguage\":\"pt-PT\",\"potentialAction\":[{\"@type\":\"ReadAction\",\"target\":[\"https:\/\/marcela.pt\/pt-pt\/administracao-de-propriedades-para-alugar\/servicos-para-proprietarios\/\"]}]},{\"@type\":\"ImageObject\",\"inLanguage\":\"pt-PT\",\"@id\":\"https:\/\/marcela.pt\/pt-pt\/administracao-de-propriedades-para-alugar\/servicos-para-proprietarios\/#primaryimage\",\"url\":\"https:\/\/marcela.pt\/wp-content\/uploads\/2025\/04\/2_6874d396-1d86-4a39-8fa8-3fd17e31e4a5.webp\",\"contentUrl\":\"https:\/\/marcela.pt\/wp-content\/uploads\/2025\/04\/2_6874d396-1d86-4a39-8fa8-3fd17e31e4a5.webp\"},{\"@type\":\"BreadcrumbList\",\"@id\":\"https:\/\/marcela.pt\/pt-pt\/administracao-de-propriedades-para-alugar\/servicos-para-proprietarios\/#breadcrumb\",\"itemListElement\":[{\"@type\":\"ListItem\",\"position\":1,\"name\":\"Home\",\"item\":\"https:\/\/marcela.pt\/pt-pt\/\"},{\"@type\":\"ListItem\",\"position\":2,\"name\":\"Arrendamento e Gest\u00e3o de Propriedades\",\"item\":\"https:\/\/marcela.pt\/rentals-property-management\/\"},{\"@type\":\"ListItem\",\"position\":3,\"name\":\"Servi\u00e7os para Propriet\u00e1rios\"}]},{\"@type\":\"WebSite\",\"@id\":\"https:\/\/marcela.pt\/pt-pt\/#website\",\"url\":\"https:\/\/marcela.pt\/pt-pt\/\",\"name\":\"Marcela Real Estate\",\"description\":\"Ag\u00eancia imobili\u00e1ria em Lagos, Algarve\",\"publisher\":{\"@id\":\"https:\/\/marcela.pt\/pt-pt\/#organization\"},\"potentialAction\":[{\"@type\":\"SearchAction\",\"target\":{\"@type\":\"EntryPoint\",\"urlTemplate\":\"https:\/\/marcela.pt\/pt-pt\/?s={search_term_string}\"},\"query-input\":{\"@type\":\"PropertyValueSpecification\",\"valueRequired\":true,\"valueName\":\"search_term_string\"}}],\"inLanguage\":\"pt-PT\"},{\"@type\":\"Organization\",\"@id\":\"https:\/\/marcela.pt\/pt-pt\/#organization\",\"name\":\"Marcela Real Estate\",\"url\":\"https:\/\/marcela.pt\/pt-pt\/\",\"logo\":{\"@type\":\"ImageObject\",\"inLanguage\":\"pt-PT\",\"@id\":\"https:\/\/marcela.pt\/pt-pt\/#\/schema\/logo\/image\/\",\"url\":\"https:\/\/marcela.pt\/wp-content\/uploads\/2025\/03\/logo_white.svg\",\"contentUrl\":\"https:\/\/marcela.pt\/wp-content\/uploads\/2025\/03\/logo_white.svg\",\"caption\":\"Marcela Real Estate\"},\"image\":{\"@id\":\"https:\/\/marcela.pt\/pt-pt\/#\/schema\/logo\/image\/\"}}]}<\/script>\n<!-- \/ Yoast SEO Premium plugin. -->","yoast_head_json":{"title":"Servi\u00e7os para Propriet\u00e1rios - Marcela Real Estate","robots":{"index":"index","follow":"follow","max-snippet":"max-snippet:-1","max-image-preview":"max-image-preview:large","max-video-preview":"max-video-preview:-1"},"canonical":"https:\/\/marcela.pt\/pt-pt\/administracao-de-propriedades-para-alugar\/servicos-para-proprietarios\/","og_locale":"pt_PT","og_type":"article","og_title":"Servi\u00e7os para Propriet\u00e1rios","og_description":"Servi\u00e7os para Propriet\u00e1rios Contamos com mais de 15 anos de experi\u00eancia na \u00e1rea e com uma rede cuidadosamente selecionada de parceiros e empresas de confian\u00e7a, que trabalham em conjunto conosco para garantir que a sua propriedade est\u00e1 sempre nas melhores condi\u00e7\u00f5es. Pensa em alugar o seu im\u00f3vel? Saiba como maximizar o valor do seu im\u00f3vel, ... Ler mais","og_url":"https:\/\/marcela.pt\/pt-pt\/administracao-de-propriedades-para-alugar\/servicos-para-proprietarios\/","og_site_name":"Marcela Real Estate","article_modified_time":"2025-05-25T20:57:01+00:00","og_image":[{"url":"https:\/\/marcela.pt\/wp-content\/uploads\/2025\/04\/2_6874d396-1d86-4a39-8fa8-3fd17e31e4a5.webp","type":"","width":"","height":""}],"twitter_card":"summary_large_image","twitter_misc":{"Tempo estimado de leitura":"2 minutos"},"schema":{"@context":"https:\/\/schema.org","@graph":[{"@type":"WebPage","@id":"https:\/\/marcela.pt\/pt-pt\/administracao-de-propriedades-para-alugar\/servicos-para-proprietarios\/","url":"https:\/\/marcela.pt\/pt-pt\/administracao-de-propriedades-para-alugar\/servicos-para-proprietarios\/","name":"Servi\u00e7os para Propriet\u00e1rios - Marcela Real Estate","isPartOf":{"@id":"https:\/\/marcela.pt\/pt-pt\/#website"},"primaryImageOfPage":{"@id":"https:\/\/marcela.pt\/pt-pt\/administracao-de-propriedades-para-alugar\/servicos-para-proprietarios\/#primaryimage"},"image":{"@id":"https:\/\/marcela.pt\/pt-pt\/administracao-de-propriedades-para-alugar\/servicos-para-proprietarios\/#primaryimage"},"thumbnailUrl":"https:\/\/marcela.pt\/wp-content\/uploads\/2025\/04\/2_6874d396-1d86-4a39-8fa8-3fd17e31e4a5.webp","datePublished":"2025-03-26T14:40:08+00:00","dateModified":"2025-05-25T20:57:01+00:00","breadcrumb":{"@id":"https:\/\/marcela.pt\/pt-pt\/administracao-de-propriedades-para-alugar\/servicos-para-proprietarios\/#breadcrumb"},"inLanguage":"pt-PT","potentialAction":[{"@type":"ReadAction","target":["https:\/\/marcela.pt\/pt-pt\/administracao-de-propriedades-para-alugar\/servicos-para-proprietarios\/"]}]},{"@type":"ImageObject","inLanguage":"pt-PT","@id":"https:\/\/marcela.pt\/pt-pt\/administracao-de-propriedades-para-alugar\/servicos-para-proprietarios\/#primaryimage","url":"https:\/\/marcela.pt\/wp-content\/uploads\/2025\/04\/2_6874d396-1d86-4a39-8fa8-3fd17e31e4a5.webp","contentUrl":"https:\/\/marcela.pt\/wp-content\/uploads\/2025\/04\/2_6874d396-1d86-4a39-8fa8-3fd17e31e4a5.webp"},{"@type":"BreadcrumbList","@id":"https:\/\/marcela.pt\/pt-pt\/administracao-de-propriedades-para-alugar\/servicos-para-proprietarios\/#breadcrumb","itemListElement":[{"@type":"ListItem","position":1,"name":"Home","item":"https:\/\/marcela.pt\/pt-pt\/"},{"@type":"ListItem","position":2,"name":"Arrendamento e Gest\u00e3o de Propriedades","item":"https:\/\/marcela.pt\/rentals-property-management\/"},{"@type":"ListItem","position":3,"name":"Servi\u00e7os para Propriet\u00e1rios"}]},{"@type":"WebSite","@id":"https:\/\/marcela.pt\/pt-pt\/#website","url":"https:\/\/marcela.pt\/pt-pt\/","name":"Marcela Real Estate","description":"Ag\u00eancia imobili\u00e1ria em Lagos, Algarve","publisher":{"@id":"https:\/\/marcela.pt\/pt-pt\/#organization"},"potentialAction":[{"@type":"SearchAction","target":{"@type":"EntryPoint","urlTemplate":"https:\/\/marcela.pt\/pt-pt\/?s={search_term_string}"},"query-input":{"@type":"PropertyValueSpecification","valueRequired":true,"valueName":"search_term_string"}}],"inLanguage":"pt-PT"},{"@type":"Organization","@id":"https:\/\/marcela.pt\/pt-pt\/#organization","name":"Marcela Real Estate","url":"https:\/\/marcela.pt\/pt-pt\/","logo":{"@type":"ImageObject","inLanguage":"pt-PT","@id":"https:\/\/marcela.pt\/pt-pt\/#\/schema\/logo\/image\/","url":"https:\/\/marcela.pt\/wp-content\/uploads\/2025\/03\/logo_white.svg","contentUrl":"https:\/\/marcela.pt\/wp-content\/uploads\/2025\/03\/logo_white.svg","caption":"Marcela Real Estate"},"image":{"@id":"https:\/\/marcela.pt\/pt-pt\/#\/schema\/logo\/image\/"}}]}},"_links":{"self":[{"href":"https:\/\/marcela.pt\/pt-pt\/wp-json\/wp\/v2\/pages\/3435","targetHints":{"allow":["GET"]}}],"collection":[{"href":"https:\/\/marcela.pt\/pt-pt\/wp-json\/wp\/v2\/pages"}],"about":[{"href":"https:\/\/marcela.pt\/pt-pt\/wp-json\/wp\/v2\/types\/page"}],"author":[{"embeddable":true,"href":"https:\/\/marcela.pt\/pt-pt\/wp-json\/wp\/v2\/users\/4"}],"replies":[{"embeddable":true,"href":"https:\/\/marcela.pt\/pt-pt\/wp-json\/wp\/v2\/comments?post=3435"}],"version-history":[{"count":8,"href":"https:\/\/marcela.pt\/pt-pt\/wp-json\/wp\/v2\/pages\/3435\/revisions"}],"predecessor-version":[{"id":4546,"href":"https:\/\/marcela.pt\/pt-pt\/wp-json\/wp\/v2\/pages\/3435\/revisions\/4546"}],"up":[{"embeddable":true,"href":"https:\/\/marcela.pt\/pt-pt\/wp-json\/wp\/v2\/pages\/3439"}],"wp:attachment":[{"href":"https:\/\/marcela.pt\/pt-pt\/wp-json\/wp\/v2\/media?parent=3435"}],"curies":[{"name":"wp","href":"https:\/\/api.w.org\/{rel}","templated":true}]}}