{"id":3415,"date":"2025-03-27T19:37:34","date_gmt":"2025-03-27T19:37:34","guid":{"rendered":"https:\/\/marcela.pt\/non-regular-residents\/"},"modified":"2025-05-23T16:09:46","modified_gmt":"2025-05-23T16:09:46","slug":"residentes-nao-habituais","status":"publish","type":"page","link":"https:\/\/marcela.pt\/pt-pt\/residentes-nao-habituais\/","title":{"rendered":"Residentes N\u00e3o Habituais"},"content":{"rendered":"<div class=\"gb-container gb-container-3445eade lazyload\" style=\"background-image:inherit;\" data-bg-image=\"url(https:\/\/marcela.pt\/wp-content\/smush-webp\/2025\/04\/142d051c5e-1743591660_0-scaled.jpg.webp)\">\n<div class=\"gb-container gb-container-86cbda9b\">\n<div class=\"gb-container gb-container-9621040f dng-full-container\">\n\n<h1 class=\"gb-headline gb-headline-1f9bcafa gb-headline-text\">Residentes N\u00e3o Habituais<\/h1>\n\n<\/div>\n<\/div>\n<\/div>\n\n<div class=\"gb-container gb-container-b9dae18f dng-c-section dng-c-border-bottom\">\n<div class=\"gb-container gb-container-dd5c8ffe dng-c-section__inner\">\n\n<div class=\"wp-block-group is-vertical is-nowrap is-layout-flex wp-container-core-group-is-layout-fc43baa9 wp-block-group-is-layout-flex\">\n<h3 class=\"gb-headline gb-headline-a110cd26 gb-headline-text dng-c-tdc-image__title\">Com base num regime fiscal favor\u00e1vel, destina-se a atrair para Portugal cidad\u00e3os n\u00e3o residentes, profissionais qualificados para actividades de elevado valor acrescentado, bem como indiv\u00edduos com elevado patrim\u00f3nio ou poder de compra.<\/h3>\n\n\n\n<p class=\"gb-headline gb-headline-c9e009ae gb-headline-text dng-c-dc-image__description body1\">Esta atrac\u00e7\u00e3o baseia-se na aplica\u00e7\u00e3o do m\u00e9todo de isen\u00e7\u00e3o como m\u00e9todo preferencial de elimina\u00e7\u00e3o de dupla tributa\u00e7\u00e3o jur\u00eddica internacional de fonte estrangeira e aplica\u00e7\u00e3o de uma taxa especial de 20% (mitigada e tributa\u00e7\u00e3o proporcional) a certos rendimentos.<\/p>\n<\/div>\n\n<\/div>\n<\/div>\n\n<div class=\"gb-container gb-container-8d74430f dng-c-section dng-c-border-bottom\">\n<div class=\"gb-container gb-container-6aca6519 dng-c-section__inner\">\n\n<div class=\"wp-block-group is-vertical is-nowrap is-layout-flex wp-container-core-group-is-layout-fc43baa9 wp-block-group-is-layout-flex\">\n<h3 class=\"gb-headline gb-headline-46629ae0 gb-headline-text dng-c-tdc-image__title\">RECEITAS<\/h3>\n\n\n\n<p class=\"gb-headline gb-headline-3a629a66 gb-headline-text dng-c-dc-image__description body1\">N\u00e3o residentes em Portugal que pretendam estabelecer resid\u00eancia permanente em Portugal ou que desejem regressar ap\u00f3s um m\u00ednimo de 5 anos de aus\u00eancia (por exemplo, profissionais independentes, pensionistas, trabalhadores dependentes).<br><br>Ou mesmo os n\u00e3o residentes que se estabelecem como residentes tempor\u00e1rios, resultam de rela\u00e7\u00f5es de destacamento (por exemplo, profissionais independentes, trabalhadores assalariados, membros de \u00f3rg\u00e3os estatut\u00e1rios).<\/p>\n\n\n\n<p class=\"gb-headline gb-headline-b1817139 gb-headline-text dng-c-dc-image__description body1\">Selecione a sua propriedade <a href=\"https:\/\/marcela.pt\/pt-pt\/propriedades-para-comprar\/\">aqui<\/a> e entre em contacto. Ficaremos felizes em ajud\u00e1-lo!<\/p>\n<\/div>\n\n<\/div>\n<\/div>\n\n<div class=\"gb-container gb-container-30747f34\">\n<div class=\"gb-container gb-container-2b403e5d dng-c-section\">\n\n<h2 class=\"gb-headline gb-headline-3b3636f7 gb-headline-text title1\">Contacte-nos para mais informa\u00e7\u00f5es<\/h2>\n\n\n\n<h4 class=\"gb-headline gb-headline-b326a1c9 gb-headline-text\">Ficaremos felizes em ajud\u00e1-lo!<\/h4>\n\n\n\n<a class=\"gb-button gb-button-bac96397 gb-button-text dng-btn-single\" href=\"https:\/\/marcela.pt\/pt-pt\/contactos\/\">DESCUBRA MAIS<\/a>\n\n<\/div>\n<\/div>","protected":false},"excerpt":{"rendered":"<p>Residentes N\u00e3o Habituais Com base num regime fiscal favor\u00e1vel, destina-se a atrair para Portugal cidad\u00e3os n\u00e3o residentes, profissionais qualificados para actividades de elevado valor acrescentado, bem como indiv\u00edduos com elevado patrim\u00f3nio ou poder de compra. Esta atrac\u00e7\u00e3o baseia-se na aplica\u00e7\u00e3o do m\u00e9todo de isen\u00e7\u00e3o como m\u00e9todo preferencial de elimina\u00e7\u00e3o de dupla tributa\u00e7\u00e3o jur\u00eddica internacional de &#8230; <a title=\"Residentes N\u00e3o Habituais\" class=\"read-more\" href=\"https:\/\/marcela.pt\/pt-pt\/residentes-nao-habituais\/\" aria-label=\"Leia mais sobre Residentes N\u00e3o Habituais\">Ler mais<\/a><\/p>\n","protected":false},"author":4,"featured_media":3166,"parent":0,"menu_order":0,"comment_status":"closed","ping_status":"closed","template":"","meta":{"_acf_changed":false,"footnotes":""},"class_list":["post-3415","page","type-page","status-publish","has-post-thumbnail"],"acf":[],"yoast_head":"<!-- This site is optimized with the Yoast SEO Premium plugin v25.1 (Yoast SEO v25.1) - https:\/\/yoast.com\/wordpress\/plugins\/seo\/ -->\n<title>Residentes N\u00e3o Habituais - Marcela Real Estate<\/title>\n<meta name=\"description\" content=\"Descubra os benef\u00edcios fiscais para Residentes N\u00e3o Habituais em Portugal. Veja como investir e viver no Algarve com apoio especializado da Marcela Real Estate.\" \/>\n<meta name=\"robots\" content=\"index, follow, max-snippet:-1, max-image-preview:large, max-video-preview:-1\" \/>\n<link rel=\"canonical\" href=\"https:\/\/marcela.pt\/pt-pt\/residentes-nao-habituais\/\" \/>\n<meta property=\"og:locale\" content=\"pt_PT\" \/>\n<meta property=\"og:type\" content=\"article\" \/>\n<meta property=\"og:title\" content=\"Residentes N\u00e3o Habituais\" \/>\n<meta property=\"og:description\" content=\"Descubra os benef\u00edcios fiscais para Residentes N\u00e3o Habituais em Portugal. Veja como investir e viver no Algarve com apoio especializado da Marcela Real Estate.\" \/>\n<meta property=\"og:url\" content=\"https:\/\/marcela.pt\/pt-pt\/residentes-nao-habituais\/\" \/>\n<meta property=\"og:site_name\" content=\"Marcela Real Estate\" \/>\n<meta property=\"article:modified_time\" content=\"2025-05-23T16:09:46+00:00\" \/>\n<meta property=\"og:image\" content=\"https:\/\/marcela.pt\/wp-content\/uploads\/2025\/04\/142d051c5e-1743591660_0-scaled.jpg\" \/>\n\t<meta property=\"og:image:width\" content=\"2560\" \/>\n\t<meta property=\"og:image:height\" content=\"1442\" \/>\n\t<meta property=\"og:image:type\" content=\"image\/jpeg\" \/>\n<meta name=\"twitter:card\" content=\"summary_large_image\" \/>\n<meta name=\"twitter:label1\" content=\"Tempo estimado de leitura\" \/>\n\t<meta name=\"twitter:data1\" content=\"1 minuto\" \/>\n<script type=\"application\/ld+json\" class=\"yoast-schema-graph\">{\"@context\":\"https:\/\/schema.org\",\"@graph\":[{\"@type\":\"WebPage\",\"@id\":\"https:\/\/marcela.pt\/pt-pt\/residentes-nao-habituais\/\",\"url\":\"https:\/\/marcela.pt\/pt-pt\/residentes-nao-habituais\/\",\"name\":\"Residentes N\u00e3o Habituais - Marcela Real Estate\",\"isPartOf\":{\"@id\":\"https:\/\/marcela.pt\/pt-pt\/#website\"},\"primaryImageOfPage\":{\"@id\":\"https:\/\/marcela.pt\/pt-pt\/residentes-nao-habituais\/#primaryimage\"},\"image\":{\"@id\":\"https:\/\/marcela.pt\/pt-pt\/residentes-nao-habituais\/#primaryimage\"},\"thumbnailUrl\":\"https:\/\/marcela.pt\/wp-content\/uploads\/2025\/04\/142d051c5e-1743591660_0-scaled.jpg\",\"datePublished\":\"2025-03-27T19:37:34+00:00\",\"dateModified\":\"2025-05-23T16:09:46+00:00\",\"description\":\"Descubra os benef\u00edcios fiscais para Residentes N\u00e3o Habituais em Portugal. Veja como investir e viver no Algarve com apoio especializado da Marcela Real Estate.\",\"breadcrumb\":{\"@id\":\"https:\/\/marcela.pt\/pt-pt\/residentes-nao-habituais\/#breadcrumb\"},\"inLanguage\":\"pt-PT\",\"potentialAction\":[{\"@type\":\"ReadAction\",\"target\":[\"https:\/\/marcela.pt\/pt-pt\/residentes-nao-habituais\/\"]}]},{\"@type\":\"ImageObject\",\"inLanguage\":\"pt-PT\",\"@id\":\"https:\/\/marcela.pt\/pt-pt\/residentes-nao-habituais\/#primaryimage\",\"url\":\"https:\/\/marcela.pt\/wp-content\/uploads\/2025\/04\/142d051c5e-1743591660_0-scaled.jpg\",\"contentUrl\":\"https:\/\/marcela.pt\/wp-content\/uploads\/2025\/04\/142d051c5e-1743591660_0-scaled.jpg\",\"width\":2560,\"height\":1442},{\"@type\":\"BreadcrumbList\",\"@id\":\"https:\/\/marcela.pt\/pt-pt\/residentes-nao-habituais\/#breadcrumb\",\"itemListElement\":[{\"@type\":\"ListItem\",\"position\":1,\"name\":\"Home\",\"item\":\"https:\/\/marcela.pt\/pt-pt\/\"},{\"@type\":\"ListItem\",\"position\":2,\"name\":\"Residentes N\u00e3o Habituais\"}]},{\"@type\":\"WebSite\",\"@id\":\"https:\/\/marcela.pt\/pt-pt\/#website\",\"url\":\"https:\/\/marcela.pt\/pt-pt\/\",\"name\":\"Marcela Real Estate\",\"description\":\"Ag\u00eancia imobili\u00e1ria em Lagos, Algarve\",\"publisher\":{\"@id\":\"https:\/\/marcela.pt\/pt-pt\/#organization\"},\"potentialAction\":[{\"@type\":\"SearchAction\",\"target\":{\"@type\":\"EntryPoint\",\"urlTemplate\":\"https:\/\/marcela.pt\/pt-pt\/?s={search_term_string}\"},\"query-input\":{\"@type\":\"PropertyValueSpecification\",\"valueRequired\":true,\"valueName\":\"search_term_string\"}}],\"inLanguage\":\"pt-PT\"},{\"@type\":\"Organization\",\"@id\":\"https:\/\/marcela.pt\/pt-pt\/#organization\",\"name\":\"Marcela Real Estate\",\"url\":\"https:\/\/marcela.pt\/pt-pt\/\",\"logo\":{\"@type\":\"ImageObject\",\"inLanguage\":\"pt-PT\",\"@id\":\"https:\/\/marcela.pt\/pt-pt\/#\/schema\/logo\/image\/\",\"url\":\"https:\/\/marcela.pt\/wp-content\/uploads\/2025\/03\/logo_white.svg\",\"contentUrl\":\"https:\/\/marcela.pt\/wp-content\/uploads\/2025\/03\/logo_white.svg\",\"caption\":\"Marcela Real Estate\"},\"image\":{\"@id\":\"https:\/\/marcela.pt\/pt-pt\/#\/schema\/logo\/image\/\"}}]}<\/script>\n<!-- \/ Yoast SEO Premium plugin. -->","yoast_head_json":{"title":"Residentes N\u00e3o Habituais - Marcela Real Estate","description":"Descubra os benef\u00edcios fiscais para Residentes N\u00e3o Habituais em Portugal. Veja como investir e viver no Algarve com apoio especializado da Marcela Real Estate.","robots":{"index":"index","follow":"follow","max-snippet":"max-snippet:-1","max-image-preview":"max-image-preview:large","max-video-preview":"max-video-preview:-1"},"canonical":"https:\/\/marcela.pt\/pt-pt\/residentes-nao-habituais\/","og_locale":"pt_PT","og_type":"article","og_title":"Residentes N\u00e3o Habituais","og_description":"Descubra os benef\u00edcios fiscais para Residentes N\u00e3o Habituais em Portugal. Veja como investir e viver no Algarve com apoio especializado da Marcela Real Estate.","og_url":"https:\/\/marcela.pt\/pt-pt\/residentes-nao-habituais\/","og_site_name":"Marcela Real Estate","article_modified_time":"2025-05-23T16:09:46+00:00","og_image":[{"width":2560,"height":1442,"url":"https:\/\/marcela.pt\/wp-content\/uploads\/2025\/04\/142d051c5e-1743591660_0-scaled.jpg","type":"image\/jpeg"}],"twitter_card":"summary_large_image","twitter_misc":{"Tempo estimado de leitura":"1 minuto"},"schema":{"@context":"https:\/\/schema.org","@graph":[{"@type":"WebPage","@id":"https:\/\/marcela.pt\/pt-pt\/residentes-nao-habituais\/","url":"https:\/\/marcela.pt\/pt-pt\/residentes-nao-habituais\/","name":"Residentes N\u00e3o Habituais - Marcela Real Estate","isPartOf":{"@id":"https:\/\/marcela.pt\/pt-pt\/#website"},"primaryImageOfPage":{"@id":"https:\/\/marcela.pt\/pt-pt\/residentes-nao-habituais\/#primaryimage"},"image":{"@id":"https:\/\/marcela.pt\/pt-pt\/residentes-nao-habituais\/#primaryimage"},"thumbnailUrl":"https:\/\/marcela.pt\/wp-content\/uploads\/2025\/04\/142d051c5e-1743591660_0-scaled.jpg","datePublished":"2025-03-27T19:37:34+00:00","dateModified":"2025-05-23T16:09:46+00:00","description":"Descubra os benef\u00edcios fiscais para Residentes N\u00e3o Habituais em Portugal. Veja como investir e viver no Algarve com apoio especializado da Marcela Real Estate.","breadcrumb":{"@id":"https:\/\/marcela.pt\/pt-pt\/residentes-nao-habituais\/#breadcrumb"},"inLanguage":"pt-PT","potentialAction":[{"@type":"ReadAction","target":["https:\/\/marcela.pt\/pt-pt\/residentes-nao-habituais\/"]}]},{"@type":"ImageObject","inLanguage":"pt-PT","@id":"https:\/\/marcela.pt\/pt-pt\/residentes-nao-habituais\/#primaryimage","url":"https:\/\/marcela.pt\/wp-content\/uploads\/2025\/04\/142d051c5e-1743591660_0-scaled.jpg","contentUrl":"https:\/\/marcela.pt\/wp-content\/uploads\/2025\/04\/142d051c5e-1743591660_0-scaled.jpg","width":2560,"height":1442},{"@type":"BreadcrumbList","@id":"https:\/\/marcela.pt\/pt-pt\/residentes-nao-habituais\/#breadcrumb","itemListElement":[{"@type":"ListItem","position":1,"name":"Home","item":"https:\/\/marcela.pt\/pt-pt\/"},{"@type":"ListItem","position":2,"name":"Residentes N\u00e3o Habituais"}]},{"@type":"WebSite","@id":"https:\/\/marcela.pt\/pt-pt\/#website","url":"https:\/\/marcela.pt\/pt-pt\/","name":"Marcela Real Estate","description":"Ag\u00eancia imobili\u00e1ria em Lagos, Algarve","publisher":{"@id":"https:\/\/marcela.pt\/pt-pt\/#organization"},"potentialAction":[{"@type":"SearchAction","target":{"@type":"EntryPoint","urlTemplate":"https:\/\/marcela.pt\/pt-pt\/?s={search_term_string}"},"query-input":{"@type":"PropertyValueSpecification","valueRequired":true,"valueName":"search_term_string"}}],"inLanguage":"pt-PT"},{"@type":"Organization","@id":"https:\/\/marcela.pt\/pt-pt\/#organization","name":"Marcela Real Estate","url":"https:\/\/marcela.pt\/pt-pt\/","logo":{"@type":"ImageObject","inLanguage":"pt-PT","@id":"https:\/\/marcela.pt\/pt-pt\/#\/schema\/logo\/image\/","url":"https:\/\/marcela.pt\/wp-content\/uploads\/2025\/03\/logo_white.svg","contentUrl":"https:\/\/marcela.pt\/wp-content\/uploads\/2025\/03\/logo_white.svg","caption":"Marcela Real Estate"},"image":{"@id":"https:\/\/marcela.pt\/pt-pt\/#\/schema\/logo\/image\/"}}]}},"_links":{"self":[{"href":"https:\/\/marcela.pt\/pt-pt\/wp-json\/wp\/v2\/pages\/3415","targetHints":{"allow":["GET"]}}],"collection":[{"href":"https:\/\/marcela.pt\/pt-pt\/wp-json\/wp\/v2\/pages"}],"about":[{"href":"https:\/\/marcela.pt\/pt-pt\/wp-json\/wp\/v2\/types\/page"}],"author":[{"embeddable":true,"href":"https:\/\/marcela.pt\/pt-pt\/wp-json\/wp\/v2\/users\/4"}],"replies":[{"embeddable":true,"href":"https:\/\/marcela.pt\/pt-pt\/wp-json\/wp\/v2\/comments?post=3415"}],"version-history":[{"count":7,"href":"https:\/\/marcela.pt\/pt-pt\/wp-json\/wp\/v2\/pages\/3415\/revisions"}],"predecessor-version":[{"id":4388,"href":"https:\/\/marcela.pt\/pt-pt\/wp-json\/wp\/v2\/pages\/3415\/revisions\/4388"}],"wp:featuredmedia":[{"embeddable":true,"href":"https:\/\/marcela.pt\/pt-pt\/wp-json\/wp\/v2\/media\/3166"}],"wp:attachment":[{"href":"https:\/\/marcela.pt\/pt-pt\/wp-json\/wp\/v2\/media?parent=3415"}],"curies":[{"name":"wp","href":"https:\/\/api.w.org\/{rel}","templated":true}]}}