{"id":3399,"date":"2025-05-02T11:42:54","date_gmt":"2025-05-02T11:42:54","guid":{"rendered":"https:\/\/marcela.pt\/marcela-premium-is-now-marcela-real-estate\/"},"modified":"2025-05-20T15:26:37","modified_gmt":"2025-05-20T15:26:37","slug":"marcela-premium-torna-se-marcela-real-estate","status":"publish","type":"page","link":"https:\/\/marcela.pt\/pt-pt\/marcela-premium-torna-se-marcela-real-estate\/","title":{"rendered":"Marcela Premium torna-se Marcela Real Estate"},"content":{"rendered":"<div class=\"gb-container gb-container-6f18203c dng-section\">\n<div class=\"gb-container gb-container-ee12d364 dng-section__inner\">\n\n<p class=\"gb-headline gb-headline-6a0839c3 gb-headline-text dng-c-title-description-with-image__title title1\">Marcela Premium torna-se Marcela Real Estate<\/p>\n\n\n<div class=\"gb-container gb-container-8edf3287 dng-c-title-description-with-image__vertical-line\"><\/div>\n\n\n<p class=\"gb-headline gb-headline-be64d175 gb-headline-text dng-c-title-description-with-image__text body1\">Mud\u00e1mos de marca! A Marcela Premium passou agora a fazer parte da Marcela Real Estate, a sua ag\u00eancia de confian\u00e7a para a compra e venda de im\u00f3veis no barlavento Algarvio.<br><br>A mesma equipa, mesma dedica\u00e7\u00e3o.<\/p>\n\n\n<div class=\"gb-container gb-container-80a0a1d7 dng-c-buttons\">\n\n<a class=\"gb-button gb-button-43953886 gb-button-text dng-button-primary\" href=\"https:\/\/marcela.pt\/pt-pt\/\">Visite o nosso novo site<\/a>\n\n<\/div>\n<\/div>\n\n<div class=\"gb-container gb-container-76c6b0e2 dng-c-title-description-with-image__image-container\">\n\n<figure class=\"gb-block-image gb-block-image-a1d0bb4d\"><img decoding=\"async\" width=\"2560\" height=\"1707\" class=\"gb-image gb-image-a1d0bb4d dng-c-title-description-with-image__image-container-img lazyload\" data-src=\"https:\/\/marcela.pt\/wp-content\/uploads\/2025\/04\/RM_Maralis_04.11.2024_013-scaled.webp\" alt=\"\" title=\"RM_Maralis_04.11.2024_013\" data-srcset=\"https:\/\/marcela.pt\/wp-content\/uploads\/2025\/04\/RM_Maralis_04.11.2024_013-scaled.webp 2560w, https:\/\/marcela.pt\/wp-content\/uploads\/2025\/04\/RM_Maralis_04.11.2024_013-300x200.webp 300w, https:\/\/marcela.pt\/wp-content\/uploads\/2025\/04\/RM_Maralis_04.11.2024_013-1024x683.webp 1024w, https:\/\/marcela.pt\/wp-content\/uploads\/2025\/04\/RM_Maralis_04.11.2024_013-768x512.webp 768w, https:\/\/marcela.pt\/wp-content\/uploads\/2025\/04\/RM_Maralis_04.11.2024_013-1536x1024.webp 1536w, https:\/\/marcela.pt\/wp-content\/uploads\/2025\/04\/RM_Maralis_04.11.2024_013-2048x1365.webp 2048w\" data-sizes=\"(max-width: 2560px) 100vw, 2560px\" src=\"data:image\/svg+xml;base64,PHN2ZyB3aWR0aD0iMSIgaGVpZ2h0PSIxIiB4bWxucz0iaHR0cDovL3d3dy53My5vcmcvMjAwMC9zdmciPjwvc3ZnPg==\" style=\"--smush-placeholder-width: 2560px; --smush-placeholder-aspect-ratio: 2560\/1707;\" \/><\/figure>\n\n<\/div>\n<\/div>","protected":false},"excerpt":{"rendered":"<p>Marcela Premium torna-se Marcela Real Estate Mud\u00e1mos de marca! A Marcela Premium passou agora a fazer parte da Marcela Real Estate, a sua ag\u00eancia de confian\u00e7a para a compra e venda de im\u00f3veis no barlavento Algarvio. A mesma equipa, mesma dedica\u00e7\u00e3o.<\/p>\n","protected":false},"author":4,"featured_media":0,"parent":0,"menu_order":0,"comment_status":"closed","ping_status":"closed","template":"","meta":{"_acf_changed":false,"footnotes":""},"class_list":["post-3399","page","type-page","status-publish"],"acf":[],"yoast_head":"<!-- This site is optimized with the Yoast SEO Premium plugin v25.1 (Yoast SEO v25.1) - https:\/\/yoast.com\/wordpress\/plugins\/seo\/ -->\n<title>Marcela Premium torna-se Marcela Real Estate - Marcela Real Estate<\/title>\n<meta name=\"robots\" content=\"index, follow, max-snippet:-1, max-image-preview:large, max-video-preview:-1\" \/>\n<link rel=\"canonical\" href=\"https:\/\/marcela.pt\/pt-pt\/marcela-premium-torna-se-marcela-real-estate\/\" \/>\n<meta property=\"og:locale\" content=\"pt_PT\" \/>\n<meta property=\"og:type\" content=\"article\" \/>\n<meta property=\"og:title\" content=\"Marcela Premium torna-se Marcela Real Estate\" \/>\n<meta property=\"og:description\" content=\"Marcela Premium torna-se Marcela Real Estate Mud\u00e1mos de marca! A Marcela Premium passou agora a fazer parte da Marcela Real Estate, a sua ag\u00eancia de confian\u00e7a para a compra e venda de im\u00f3veis no barlavento Algarvio. A mesma equipa, mesma dedica\u00e7\u00e3o.\" \/>\n<meta property=\"og:url\" content=\"https:\/\/marcela.pt\/pt-pt\/marcela-premium-torna-se-marcela-real-estate\/\" \/>\n<meta property=\"og:site_name\" content=\"Marcela Real Estate\" \/>\n<meta property=\"article:modified_time\" content=\"2025-05-20T15:26:37+00:00\" \/>\n<meta property=\"og:image\" content=\"https:\/\/marcela.pt\/wp-content\/uploads\/2025\/04\/RM_Maralis_04.11.2024_013-scaled.webp\" \/>\n<meta name=\"twitter:card\" content=\"summary_large_image\" \/>\n<meta name=\"twitter:label1\" content=\"Tempo estimado de leitura\" \/>\n\t<meta name=\"twitter:data1\" content=\"1 minuto\" \/>\n<script type=\"application\/ld+json\" class=\"yoast-schema-graph\">{\"@context\":\"https:\/\/schema.org\",\"@graph\":[{\"@type\":\"WebPage\",\"@id\":\"https:\/\/marcela.pt\/pt-pt\/marcela-premium-torna-se-marcela-real-estate\/\",\"url\":\"https:\/\/marcela.pt\/pt-pt\/marcela-premium-torna-se-marcela-real-estate\/\",\"name\":\"Marcela Premium torna-se Marcela Real Estate - Marcela Real Estate\",\"isPartOf\":{\"@id\":\"https:\/\/marcela.pt\/pt-pt\/#website\"},\"primaryImageOfPage\":{\"@id\":\"https:\/\/marcela.pt\/pt-pt\/marcela-premium-torna-se-marcela-real-estate\/#primaryimage\"},\"image\":{\"@id\":\"https:\/\/marcela.pt\/pt-pt\/marcela-premium-torna-se-marcela-real-estate\/#primaryimage\"},\"thumbnailUrl\":\"https:\/\/marcela.pt\/wp-content\/uploads\/2025\/04\/RM_Maralis_04.11.2024_013-scaled.webp\",\"datePublished\":\"2025-05-02T11:42:54+00:00\",\"dateModified\":\"2025-05-20T15:26:37+00:00\",\"breadcrumb\":{\"@id\":\"https:\/\/marcela.pt\/pt-pt\/marcela-premium-torna-se-marcela-real-estate\/#breadcrumb\"},\"inLanguage\":\"pt-PT\",\"potentialAction\":[{\"@type\":\"ReadAction\",\"target\":[\"https:\/\/marcela.pt\/pt-pt\/marcela-premium-torna-se-marcela-real-estate\/\"]}]},{\"@type\":\"ImageObject\",\"inLanguage\":\"pt-PT\",\"@id\":\"https:\/\/marcela.pt\/pt-pt\/marcela-premium-torna-se-marcela-real-estate\/#primaryimage\",\"url\":\"https:\/\/marcela.pt\/wp-content\/uploads\/2025\/04\/RM_Maralis_04.11.2024_013-scaled.webp\",\"contentUrl\":\"https:\/\/marcela.pt\/wp-content\/uploads\/2025\/04\/RM_Maralis_04.11.2024_013-scaled.webp\"},{\"@type\":\"BreadcrumbList\",\"@id\":\"https:\/\/marcela.pt\/pt-pt\/marcela-premium-torna-se-marcela-real-estate\/#breadcrumb\",\"itemListElement\":[{\"@type\":\"ListItem\",\"position\":1,\"name\":\"Home\",\"item\":\"https:\/\/marcela.pt\/pt-pt\/\"},{\"@type\":\"ListItem\",\"position\":2,\"name\":\"Marcela Premium torna-se Marcela Real Estate\"}]},{\"@type\":\"WebSite\",\"@id\":\"https:\/\/marcela.pt\/pt-pt\/#website\",\"url\":\"https:\/\/marcela.pt\/pt-pt\/\",\"name\":\"Marcela Real Estate\",\"description\":\"Ag\u00eancia imobili\u00e1ria em Lagos, Algarve\",\"publisher\":{\"@id\":\"https:\/\/marcela.pt\/pt-pt\/#organization\"},\"potentialAction\":[{\"@type\":\"SearchAction\",\"target\":{\"@type\":\"EntryPoint\",\"urlTemplate\":\"https:\/\/marcela.pt\/pt-pt\/?s={search_term_string}\"},\"query-input\":{\"@type\":\"PropertyValueSpecification\",\"valueRequired\":true,\"valueName\":\"search_term_string\"}}],\"inLanguage\":\"pt-PT\"},{\"@type\":\"Organization\",\"@id\":\"https:\/\/marcela.pt\/pt-pt\/#organization\",\"name\":\"Marcela Real Estate\",\"url\":\"https:\/\/marcela.pt\/pt-pt\/\",\"logo\":{\"@type\":\"ImageObject\",\"inLanguage\":\"pt-PT\",\"@id\":\"https:\/\/marcela.pt\/pt-pt\/#\/schema\/logo\/image\/\",\"url\":\"https:\/\/marcela.pt\/wp-content\/uploads\/2025\/03\/logo_white.svg\",\"contentUrl\":\"https:\/\/marcela.pt\/wp-content\/uploads\/2025\/03\/logo_white.svg\",\"caption\":\"Marcela Real Estate\"},\"image\":{\"@id\":\"https:\/\/marcela.pt\/pt-pt\/#\/schema\/logo\/image\/\"}}]}<\/script>\n<!-- \/ Yoast SEO Premium plugin. -->","yoast_head_json":{"title":"Marcela Premium torna-se Marcela Real Estate - Marcela Real Estate","robots":{"index":"index","follow":"follow","max-snippet":"max-snippet:-1","max-image-preview":"max-image-preview:large","max-video-preview":"max-video-preview:-1"},"canonical":"https:\/\/marcela.pt\/pt-pt\/marcela-premium-torna-se-marcela-real-estate\/","og_locale":"pt_PT","og_type":"article","og_title":"Marcela Premium torna-se Marcela Real Estate","og_description":"Marcela Premium torna-se Marcela Real Estate Mud\u00e1mos de marca! A Marcela Premium passou agora a fazer parte da Marcela Real Estate, a sua ag\u00eancia de confian\u00e7a para a compra e venda de im\u00f3veis no barlavento Algarvio. A mesma equipa, mesma dedica\u00e7\u00e3o.","og_url":"https:\/\/marcela.pt\/pt-pt\/marcela-premium-torna-se-marcela-real-estate\/","og_site_name":"Marcela Real Estate","article_modified_time":"2025-05-20T15:26:37+00:00","og_image":[{"url":"https:\/\/marcela.pt\/wp-content\/uploads\/2025\/04\/RM_Maralis_04.11.2024_013-scaled.webp","type":"","width":"","height":""}],"twitter_card":"summary_large_image","twitter_misc":{"Tempo estimado de leitura":"1 minuto"},"schema":{"@context":"https:\/\/schema.org","@graph":[{"@type":"WebPage","@id":"https:\/\/marcela.pt\/pt-pt\/marcela-premium-torna-se-marcela-real-estate\/","url":"https:\/\/marcela.pt\/pt-pt\/marcela-premium-torna-se-marcela-real-estate\/","name":"Marcela Premium torna-se Marcela Real Estate - Marcela Real Estate","isPartOf":{"@id":"https:\/\/marcela.pt\/pt-pt\/#website"},"primaryImageOfPage":{"@id":"https:\/\/marcela.pt\/pt-pt\/marcela-premium-torna-se-marcela-real-estate\/#primaryimage"},"image":{"@id":"https:\/\/marcela.pt\/pt-pt\/marcela-premium-torna-se-marcela-real-estate\/#primaryimage"},"thumbnailUrl":"https:\/\/marcela.pt\/wp-content\/uploads\/2025\/04\/RM_Maralis_04.11.2024_013-scaled.webp","datePublished":"2025-05-02T11:42:54+00:00","dateModified":"2025-05-20T15:26:37+00:00","breadcrumb":{"@id":"https:\/\/marcela.pt\/pt-pt\/marcela-premium-torna-se-marcela-real-estate\/#breadcrumb"},"inLanguage":"pt-PT","potentialAction":[{"@type":"ReadAction","target":["https:\/\/marcela.pt\/pt-pt\/marcela-premium-torna-se-marcela-real-estate\/"]}]},{"@type":"ImageObject","inLanguage":"pt-PT","@id":"https:\/\/marcela.pt\/pt-pt\/marcela-premium-torna-se-marcela-real-estate\/#primaryimage","url":"https:\/\/marcela.pt\/wp-content\/uploads\/2025\/04\/RM_Maralis_04.11.2024_013-scaled.webp","contentUrl":"https:\/\/marcela.pt\/wp-content\/uploads\/2025\/04\/RM_Maralis_04.11.2024_013-scaled.webp"},{"@type":"BreadcrumbList","@id":"https:\/\/marcela.pt\/pt-pt\/marcela-premium-torna-se-marcela-real-estate\/#breadcrumb","itemListElement":[{"@type":"ListItem","position":1,"name":"Home","item":"https:\/\/marcela.pt\/pt-pt\/"},{"@type":"ListItem","position":2,"name":"Marcela Premium torna-se Marcela Real Estate"}]},{"@type":"WebSite","@id":"https:\/\/marcela.pt\/pt-pt\/#website","url":"https:\/\/marcela.pt\/pt-pt\/","name":"Marcela Real Estate","description":"Ag\u00eancia imobili\u00e1ria em Lagos, Algarve","publisher":{"@id":"https:\/\/marcela.pt\/pt-pt\/#organization"},"potentialAction":[{"@type":"SearchAction","target":{"@type":"EntryPoint","urlTemplate":"https:\/\/marcela.pt\/pt-pt\/?s={search_term_string}"},"query-input":{"@type":"PropertyValueSpecification","valueRequired":true,"valueName":"search_term_string"}}],"inLanguage":"pt-PT"},{"@type":"Organization","@id":"https:\/\/marcela.pt\/pt-pt\/#organization","name":"Marcela Real Estate","url":"https:\/\/marcela.pt\/pt-pt\/","logo":{"@type":"ImageObject","inLanguage":"pt-PT","@id":"https:\/\/marcela.pt\/pt-pt\/#\/schema\/logo\/image\/","url":"https:\/\/marcela.pt\/wp-content\/uploads\/2025\/03\/logo_white.svg","contentUrl":"https:\/\/marcela.pt\/wp-content\/uploads\/2025\/03\/logo_white.svg","caption":"Marcela Real Estate"},"image":{"@id":"https:\/\/marcela.pt\/pt-pt\/#\/schema\/logo\/image\/"}}]}},"_links":{"self":[{"href":"https:\/\/marcela.pt\/pt-pt\/wp-json\/wp\/v2\/pages\/3399","targetHints":{"allow":["GET"]}}],"collection":[{"href":"https:\/\/marcela.pt\/pt-pt\/wp-json\/wp\/v2\/pages"}],"about":[{"href":"https:\/\/marcela.pt\/pt-pt\/wp-json\/wp\/v2\/types\/page"}],"author":[{"embeddable":true,"href":"https:\/\/marcela.pt\/pt-pt\/wp-json\/wp\/v2\/users\/4"}],"replies":[{"embeddable":true,"href":"https:\/\/marcela.pt\/pt-pt\/wp-json\/wp\/v2\/comments?post=3399"}],"version-history":[{"count":2,"href":"https:\/\/marcela.pt\/pt-pt\/wp-json\/wp\/v2\/pages\/3399\/revisions"}],"predecessor-version":[{"id":5529,"href":"https:\/\/marcela.pt\/pt-pt\/wp-json\/wp\/v2\/pages\/3399\/revisions\/5529"}],"wp:attachment":[{"href":"https:\/\/marcela.pt\/pt-pt\/wp-json\/wp\/v2\/media?parent=3399"}],"curies":[{"name":"wp","href":"https:\/\/api.w.org\/{rel}","templated":true}]}}