{"id":3395,"date":"2024-10-16T17:45:06","date_gmt":"2024-10-16T17:45:06","guid":{"rendered":"https:\/\/marcela.pt\/privacy-policy\/"},"modified":"2025-05-20T16:34:48","modified_gmt":"2025-05-20T16:34:48","slug":"politica-de-privacidade","status":"publish","type":"page","link":"https:\/\/marcela.pt\/pt-pt\/politica-de-privacidade\/","title":{"rendered":"Pol\u00edtica de Privacidade"},"content":{"rendered":"<div class=\"gb-container gb-container-33cbe60b dng-section\">\n<div class=\"gb-container gb-container-27d69886 dng-c-section__inner\">\n\n<p class=\"gb-headline gb-headline-611d9d74 gb-headline-text dng-c-title-description-with-image__title title1\">Pol\u00edtica de Privacidade e Utiliza\u00e7\u00e3o de Dados Pessoais<\/p>\n\n\n<div class=\"gb-container gb-container-cd7428ff dng-c-title-description-with-image__vertical-line\"><\/div>\n\n\n<p class=\"gb-headline gb-headline-8f055af5 gb-headline-text dng-c-title-description-with-image__text body1\">A sua privacidade \u00e9 muito importante para n\u00f3s. Respeitamos a sua privacidade e estamos comprometidos com a sua prote\u00e7\u00e3o. Para melhor o(a) informar sobre as nossas pr\u00e1ticas, apresentamos este aviso explicando como recolhemos e utilizamos os seus dados pessoais, bem como as op\u00e7\u00f5es dispon\u00edveis relativamente \u00e0 sua gest\u00e3o.<\/p>\n\n<\/div>\n\n<div class=\"gb-container gb-container-b4f7b51d dng-c-title-description-with-image__image-container\">\n\n<figure class=\"gb-block-image gb-block-image-1c1c214e\"><img decoding=\"async\" width=\"1136\" height=\"431\" class=\"gb-image gb-image-1c1c214e dng-c-title-description-with-image__image-container-img lazyload\" data-src=\"https:\/\/marcela.pt\/wp-content\/uploads\/2025\/03\/marcela-properties-frame-168.webp\" alt=\"\" title=\"marcela-properties-frame-168\" data-srcset=\"https:\/\/marcela.pt\/wp-content\/uploads\/2025\/03\/marcela-properties-frame-168.webp 1136w, https:\/\/marcela.pt\/wp-content\/uploads\/2025\/03\/marcela-properties-frame-168-300x114.webp 300w, https:\/\/marcela.pt\/wp-content\/uploads\/2025\/03\/marcela-properties-frame-168-1024x389.webp 1024w, https:\/\/marcela.pt\/wp-content\/uploads\/2025\/03\/marcela-properties-frame-168-768x291.webp 768w\" data-sizes=\"(max-width: 1136px) 100vw, 1136px\" src=\"data:image\/svg+xml;base64,PHN2ZyB3aWR0aD0iMSIgaGVpZ2h0PSIxIiB4bWxucz0iaHR0cDovL3d3dy53My5vcmcvMjAwMC9zdmciPjwvc3ZnPg==\" style=\"--smush-placeholder-width: 1136px; --smush-placeholder-aspect-ratio: 1136\/431;\" \/><\/figure>\n\n<\/div>\n<\/div>\n\n<div class=\"gb-container gb-container-cad7a61e dng-c-section dng-c-border-bottom\">\n<div class=\"gb-container gb-container-a73e3f61 dng-c-section__inner\">\n\n<div class=\"wp-block-group is-vertical is-nowrap is-layout-flex wp-container-core-group-is-layout-fc43baa9 wp-block-group-is-layout-flex\">\n<h3 class=\"gb-headline gb-headline-88d087f1 gb-headline-text dng-c-tdc-image__title\">Informa\u00e7\u00f5es Pessoais que Recolhemos<\/h3>\n\n\n\n<p><\/p>\n\n\n\n<h2 class=\"wp-block-heading body1\" id=\"h-comprador-de-imoveis\"><strong>Comprador de Im\u00f3veis<br><\/strong><\/h2>\n\n\n\n<p class=\"body1\">Ao efetuar um pedido de informa\u00e7\u00e3o ou agendamento de visita, por telefone ou presencialmente nas nossas instala\u00e7\u00f5es, solicitamos os seguintes dados pessoais:<\/p>\n<\/div>\n\n\n\n<ul class=\"wp-block-list body1 has-text-color-color has-text-color has-link-color wp-elements-a3818b1469a658e67d88cfff8c3f53be\">\n<li class=\"body1 has-text-color-color has-text-color has-link-color wp-elements-8376758cef3555b0a4b2e7a4c8f74f6c\">Nome completo<\/li>\n\n\n\n<li>N\u00famero de telefone<\/li>\n\n\n\n<li>Endere\u00e7o de e-mail<\/li>\n\n\n\n<li>Prefer\u00eancias relativamente ao tipo de im\u00f3vel que procura (pre\u00e7o, localiza\u00e7\u00e3o, tipologia, etc.)<\/li>\n<\/ul>\n\n\n\n<p>Estas informa\u00e7\u00f5es s\u00e3o essenciais para podermos fornecer uma resposta mais completa relativamente ao im\u00f3vel ou assunto em quest\u00e3o.<br>Pode optar por n\u00e3o fornecer alguns destes dados; no entanto, sendo alguns obrigat\u00f3rios, poder\u00e1 n\u00e3o ser poss\u00edvel registar o seu pedido.<br>Utilizamos dados como pre\u00e7o, tipologia, estado e localiza\u00e7\u00e3o do im\u00f3vel para melhor responder \u00e0s suas necessidades.<\/p>\n\n\n\n<p><strong>Propriet\u00e1rio de Im\u00f3veis<\/strong><\/p>\n\n\n\n<p>Se pretender colocar o seu im\u00f3vel \u00e0 venda com a nossa empresa, ser\u00e1 necess\u00e1rio celebrar um contrato de media\u00e7\u00e3o imobili\u00e1ria com a Marcela Properties.<br>Para este contrato, recolhemos diversos dados pessoais dos propriet\u00e1rios, incluindo dados de documentos legais e identificativos, essenciais e obrigat\u00f3rios para a celebra\u00e7\u00e3o do Contrato de Media\u00e7\u00e3o Imobili\u00e1ria.<\/p>\n\n\n\n<p>Para mais informa\u00e7\u00f5es, por favor, <a href=\"https:\/\/marcela.pt\/pt-pt\/contacts\/\">contacte-nos<\/a>.<br><\/p>\n\n\n\n<p><strong>Clientes de Alojamento Local<\/strong><\/p>\n\n\n\n<p>Ao solicitar informa\u00e7\u00f5es ou efetuar uma reserva atrav\u00e9s do nosso site, por telefone ou presencialmente, recolhemos os seguintes dados pessoais:<\/p>\n\n\n\n<ul class=\"wp-block-list body1 has-text-color-color has-text-color has-link-color wp-elements-b98243f7747a7f77cd5ef41f00cf0bb0\">\n<li class=\"body1 has-text-color-color has-text-color has-link-color wp-elements-8376758cef3555b0a4b2e7a4c8f74f6c\">Nome completo<\/li>\n\n\n\n<li>N\u00famero de telefone<\/li>\n\n\n\n<li>Endere\u00e7o de e-mail<\/li>\n\n\n\n<li>Datas pretendidas para reserva e n\u00famero de pessoas que ir\u00e3o ocupar o im\u00f3vel<\/li>\n<\/ul>\n\n\n\n<p>Em caso de reserva, \u00e9 necess\u00e1ria a assinatura e aceita\u00e7\u00e3o do formul\u00e1rio de reserva, o qual inclui a recolha dos seguintes dados obrigat\u00f3rios:<\/p>\n\n\n\n<ul class=\"wp-block-list body1 has-text-color-color has-text-color has-link-color wp-elements-c31635c779c9b44583dcbbf26d881074\">\n<li class=\"body1 has-text-color-color has-text-color has-link-color wp-elements-67d7d9a91f6cebbfb089f20616af449c\">C\u00f3pias dos passaportes\/documentos oficiais de identifica\u00e7\u00e3o (por imposi\u00e7\u00e3o legal, para comunica\u00e7\u00e3o ao SEF \u2013 Servi\u00e7o de Estrangeiros e Fronteiras)<\/li>\n\n\n\n<li>Morada<\/li>\n\n\n\n<li>Endere\u00e7o de e-mail<\/li>\n<\/ul>\n\n<\/div>\n\n<div class=\"gb-container gb-container-72564ffd dng-c-mb-35px\"><\/div>\n<\/div>\n\n<div class=\"gb-container gb-container-d28ecf88 dng-c-section dng-c-border-bottom\">\n<div class=\"gb-container gb-container-97e90965 dng-c-section__inner\">\n\n<div class=\"wp-block-group is-vertical is-nowrap is-layout-flex wp-container-core-group-is-layout-fc43baa9 wp-block-group-is-layout-flex\">\n<h3 class=\"gb-headline gb-headline-1f2ade76 gb-headline-text dng-c-tdc-image__title\">Como Utilizamos os Dados Recolhidos<\/h3>\n\n\n\n<p class=\"gb-headline gb-headline-0e460fa0 gb-headline-text dng-c-dc-image__description body1\">Os dados pessoais s\u00e3o utilizados para os seguintes fins:<\/p>\n\n\n\n<ul class=\"wp-block-list body1 has-text-color-color has-text-color has-link-color wp-elements-43cf113f33423b3334188943c9c5edfd\">\n<li class=\"body1 has-text-color-color has-text-color has-link-color wp-elements-10b31334a27f785a0f6573dc1ca40b7d\">Para lhe fornecer ofertas especiais que possam ser do seu interesse<\/li>\n\n\n\n<li>Para lhe disponibilizar informa\u00e7\u00f5es sobre atualiza\u00e7\u00f5es de produtos, novos servi\u00e7os, newsletters e e-mails informativos<\/li>\n\n\n\n<li>No caso de contratos de media\u00e7\u00e3o, CPCV (Contrato-Promessa), escritura, etc., os seus dados s\u00e3o utilizados de acordo com as regras impostas pelo Governo de Portugal (Se desejar mais detalhes, por favor, contacte-nos)<\/li>\n<\/ul>\n\n\n\n<p>Garantimos que nunca enviamos spam ou informa\u00e7\u00f5es n\u00e3o relacionadas com a nossa atividade imobili\u00e1ria. Pode contar com comunica\u00e7\u00f5es diretas e relevantes da nossa parte.<\/p>\n<\/div>\n\n<\/div>\n\n<div class=\"gb-container gb-container-d3f6204c dng-c-mb-35px\"><\/div>\n<\/div>\n\n<div class=\"gb-container gb-container-ef9cc70d dng-c-section dng-c-border-bottom\">\n<div class=\"gb-container gb-container-32066b34 dng-c-section__inner\">\n\n<h3 class=\"gb-headline gb-headline-2d4c1fc1 gb-headline-text dng-c-tdc-image__title\">Cancelar o Recebimento de E-mails, Newsletters e Ofertas<\/h3>\n\n\n\n<p class=\"gb-headline gb-headline-ad6799bf gb-headline-text dng-c-dc-image__description body1\">A qualquer momento pode solicitar a remo\u00e7\u00e3o do seu endere\u00e7o de e-mail da nossa lista de envio de newsletters e ofertas promocionais. Para tal, basta enviar um e-mail para <a href=\"mailto:info@marcela.pt\">info@marcela.pt<\/a> com esse pedido.<\/p>\n\n<\/div>\n<\/div>\n\n<div class=\"gb-container gb-container-3a151054 dng-c-section dng-c-border-bottom\">\n<div class=\"gb-container gb-container-d8691604 dng-c-section__inner\">\n\n<div class=\"wp-block-group is-vertical is-nowrap is-layout-flex wp-container-core-group-is-layout-fc43baa9 wp-block-group-is-layout-flex\">\n<h3 class=\"gb-headline gb-headline-152a1f82 gb-headline-text dng-c-tdc-image__title\">Aceder, Modificar ou Eliminar os Seus Dados Pessoais<\/h3>\n\n\n\n<ul class=\"wp-block-list body1 has-text-color-color has-text-color has-link-color wp-elements-2c8f586600c02a460cfb8bdae67773bc\">\n<li class=\"body1 has-text-color-color has-text-color has-link-color wp-elements-6c430017fe8ff0a215fec72c2a89e802\">Pode, a qualquer momento, solicitar a altera\u00e7\u00e3o ou atualiza\u00e7\u00e3o dos seus dados pessoais<\/li>\n\n\n\n<li>Pode tamb\u00e9m solicitar informa\u00e7\u00e3o sobre os dados que possu\u00edmos<\/li>\n\n\n\n<li>Pode ainda solicitar a elimina\u00e7\u00e3o de todos os seus dados pessoais. Este pedido est\u00e1 sujeito a aprova\u00e7\u00e3o, tendo em conta o enquadramento legal e os prazos obrigat\u00f3rios de conserva\u00e7\u00e3o de dados<\/li>\n<\/ul>\n<\/div>\n\n<\/div>\n\n<div class=\"gb-container gb-container-be80e550 dng-c-mb-35px\"><\/div>\n<\/div>\n\n<div class=\"gb-container gb-container-e5385fe3 dng-c-section dng-c-border-bottom\">\n<div class=\"gb-container gb-container-92379bed dng-c-section__inner\">\n\n<div class=\"wp-block-group is-vertical is-nowrap is-layout-flex wp-container-core-group-is-layout-fc43baa9 wp-block-group-is-layout-flex\">\n<h3 class=\"gb-headline gb-headline-15b1a24b gb-headline-text dng-c-tdc-image__title\">Como Protegemos os Seus Dados Pessoais<\/h3>\n\n\n\n<p class=\"gb-headline gb-headline-bdfd06c1 gb-headline-text dng-c-dc-image__description body1\">Para garantir a seguran\u00e7a dos seus dados, implement\u00e1mos diversas medidas de prote\u00e7\u00e3o. Os seus dados est\u00e3o armazenados em redes seguras, acess\u00edveis apenas por um n\u00famero limitado de pessoas com acessos autorizados e obrigadas a manter a confidencialidade da informa\u00e7\u00e3o.<br>Todos os colaboradores da Marcela Properties recebem forma\u00e7\u00e3o espec\u00edfica sobre prote\u00e7\u00e3o e confidencialidade de dados.<br>Comprometemo-nos a fazer o nosso melhor para proteger os seus dados.<\/p>\n<\/div>\n\n<\/div>\n\n<div class=\"gb-container gb-container-d227f95e dng-c-mb-35px\">\n\n<ul class=\"wp-block-list body1 has-text-color-color has-text-color has-link-color wp-elements-a0d3b8bad5e6a48236d549171381977d\">\n<li><\/li>\n<\/ul>\n\n<\/div>\n<\/div>\n\n<div class=\"gb-container gb-container-64e885f2 dng-c-section dng-c-border-bottom\">\n<div class=\"gb-container gb-container-16716644 dng-c-section__inner\">\n\n<div class=\"wp-block-group is-vertical is-nowrap is-layout-flex wp-container-core-group-is-layout-fc43baa9 wp-block-group-is-layout-flex\">\n<h3 class=\"gb-headline gb-headline-681b5874 gb-headline-text dng-c-tdc-image__title\">Quem Tem Acesso aos Seus Dados Pessoais<\/h3>\n\n\n\n<ul class=\"wp-block-list body1 has-text-color-color has-text-color has-link-color wp-elements-e51b759be559f303a41d6c478a877df6\">\n<li class=\"body1 has-text-color-color has-text-color has-link-color wp-elements-4b3623469bba1a3e12714b0662492d2e\">A Marcela Properties<\/li>\n\n\n\n<li>A empresa respons\u00e1vel pela manuten\u00e7\u00e3o do nosso sistema interno e website. Devido \u00e0 natureza dos servi\u00e7os que presta, esta empresa poder\u00e1 ter acesso t\u00e9cnico aos dados. No entanto, n\u00e3o tem autoriza\u00e7\u00e3o para manusear, interpretar ou utilizar os dados, estando sujeita \u00e0s mesmas obriga\u00e7\u00f5es de confidencialidade e forma\u00e7\u00e3o espec\u00edfica.<\/li>\n<\/ul>\n<\/div>\n\n<\/div>\n\n<div class=\"gb-container gb-container-552194bc dng-c-mb-35px\"><\/div>\n<\/div>\n\n<div class=\"gb-container gb-container-284ed6e7 dng-c-section dng-c-border-bottom\">\n<div class=\"gb-container gb-container-82457465 dng-c-section__inner\">\n\n<div class=\"wp-block-group is-vertical is-nowrap is-layout-flex wp-container-core-group-is-layout-fc43baa9 wp-block-group-is-layout-flex\">\n<h3 class=\"gb-headline gb-headline-37db0069 gb-headline-text dng-c-tdc-image__title\">Os Seus Direitos Sobre os Dados<\/h3>\n\n\n\n<p class=\"gb-headline gb-headline-1630ece5 gb-headline-text dng-c-dc-image__description body1\">Esta pol\u00edtica de privacidade poder\u00e1 ser atualizada em virtude de altera\u00e7\u00f5es legislativas ou novas pr\u00e1ticas tecnol\u00f3gicas. Reservamo-nos o direito de alterar este documento a qualquer momento, pelo que recomendamos que consulte esta p\u00e1gina regularmente.<\/p>\n<\/div>\n\n<\/div>\n<\/div>\n\n<div class=\"gb-container gb-container-658a35e3 dng-c-section dng-c-border-bottom\">\n<div class=\"gb-container gb-container-10ff9778 dng-c-section__inner\">\n\n<div class=\"wp-block-group is-vertical is-nowrap is-layout-flex wp-container-core-group-is-layout-fc43baa9 wp-block-group-is-layout-flex\">\n<h3 class=\"gb-headline gb-headline-d1c0f535 gb-headline-text dng-c-tdc-image__title\">Contacto<\/h3>\n\n\n\n<p class=\"gb-headline gb-headline-a740c67d gb-headline-text dng-c-dc-image__description body1\">Para qualquer quest\u00e3o relacionada com esta pol\u00edtica de privacidade, prote\u00e7\u00e3o de dados ou reclama\u00e7\u00f5es, por favor contacte:<br><br>Marcela Properties<br>Morada: Rua Dr. Joaquim Tello n\u00ba 3 8600-583 Lagos<br>Telefone: <a href=\"tel:351282788977\">+ 351 282 788 977<\/a><br>E-mail: <a href=\"mailto:info@marcela.pt\">info@marcela.pt<\/a><br><\/p>\n<\/div>\n\n<\/div>\n<\/div>","protected":false},"excerpt":{"rendered":"<p>Pol\u00edtica de Privacidade e Utiliza\u00e7\u00e3o de Dados Pessoais A sua privacidade \u00e9 muito importante para n\u00f3s. Respeitamos a sua privacidade e estamos comprometidos com a sua prote\u00e7\u00e3o. Para melhor o(a) informar sobre as nossas pr\u00e1ticas, apresentamos este aviso explicando como recolhemos e utilizamos os seus dados pessoais, bem como as op\u00e7\u00f5es dispon\u00edveis relativamente \u00e0 sua &#8230; <a title=\"Pol\u00edtica de Privacidade\" class=\"read-more\" href=\"https:\/\/marcela.pt\/pt-pt\/politica-de-privacidade\/\" aria-label=\"Leia mais sobre Pol\u00edtica de Privacidade\">Ler mais<\/a><\/p>\n","protected":false},"author":1,"featured_media":0,"parent":0,"menu_order":0,"comment_status":"closed","ping_status":"closed","template":"","meta":{"_acf_changed":false,"footnotes":""},"class_list":["post-3395","page","type-page","status-publish"],"acf":[],"yoast_head":"<!-- This site is optimized with the Yoast SEO Premium plugin v25.1 (Yoast SEO v25.1) - https:\/\/yoast.com\/wordpress\/plugins\/seo\/ -->\n<title>Pol\u00edtica de Privacidade - Marcela Real Estate<\/title>\n<meta name=\"robots\" content=\"index, follow, max-snippet:-1, max-image-preview:large, max-video-preview:-1\" \/>\n<link rel=\"canonical\" href=\"https:\/\/marcela.pt\/pt-pt\/politica-de-privacidade\/\" \/>\n<meta property=\"og:locale\" content=\"pt_PT\" \/>\n<meta property=\"og:type\" content=\"article\" \/>\n<meta property=\"og:title\" content=\"Pol\u00edtica de Privacidade\" \/>\n<meta property=\"og:description\" content=\"Pol\u00edtica de Privacidade e Utiliza\u00e7\u00e3o de Dados Pessoais A sua privacidade \u00e9 muito importante para n\u00f3s. Respeitamos a sua privacidade e estamos comprometidos com a sua prote\u00e7\u00e3o. Para melhor o(a) informar sobre as nossas pr\u00e1ticas, apresentamos este aviso explicando como recolhemos e utilizamos os seus dados pessoais, bem como as op\u00e7\u00f5es dispon\u00edveis relativamente \u00e0 sua ... Ler mais\" \/>\n<meta property=\"og:url\" content=\"https:\/\/marcela.pt\/pt-pt\/politica-de-privacidade\/\" \/>\n<meta property=\"og:site_name\" content=\"Marcela Real Estate\" \/>\n<meta property=\"article:modified_time\" content=\"2025-05-20T16:34:48+00:00\" \/>\n<meta property=\"og:image\" content=\"https:\/\/marcela.pt\/wp-content\/uploads\/2025\/03\/marcela-properties-frame-168.webp\" \/>\n<meta name=\"twitter:card\" content=\"summary_large_image\" \/>\n<meta name=\"twitter:label1\" content=\"Tempo estimado de leitura\" \/>\n\t<meta name=\"twitter:data1\" content=\"4 minutos\" \/>\n<script type=\"application\/ld+json\" class=\"yoast-schema-graph\">{\"@context\":\"https:\/\/schema.org\",\"@graph\":[{\"@type\":\"WebPage\",\"@id\":\"https:\/\/marcela.pt\/pt-pt\/politica-de-privacidade\/\",\"url\":\"https:\/\/marcela.pt\/pt-pt\/politica-de-privacidade\/\",\"name\":\"Pol\u00edtica de Privacidade - Marcela Real Estate\",\"isPartOf\":{\"@id\":\"https:\/\/marcela.pt\/pt-pt\/#website\"},\"primaryImageOfPage\":{\"@id\":\"https:\/\/marcela.pt\/pt-pt\/politica-de-privacidade\/#primaryimage\"},\"image\":{\"@id\":\"https:\/\/marcela.pt\/pt-pt\/politica-de-privacidade\/#primaryimage\"},\"thumbnailUrl\":\"https:\/\/marcela.pt\/wp-content\/uploads\/2025\/03\/marcela-properties-frame-168.webp\",\"datePublished\":\"2024-10-16T17:45:06+00:00\",\"dateModified\":\"2025-05-20T16:34:48+00:00\",\"breadcrumb\":{\"@id\":\"https:\/\/marcela.pt\/pt-pt\/politica-de-privacidade\/#breadcrumb\"},\"inLanguage\":\"pt-PT\",\"potentialAction\":[{\"@type\":\"ReadAction\",\"target\":[\"https:\/\/marcela.pt\/pt-pt\/politica-de-privacidade\/\"]}]},{\"@type\":\"ImageObject\",\"inLanguage\":\"pt-PT\",\"@id\":\"https:\/\/marcela.pt\/pt-pt\/politica-de-privacidade\/#primaryimage\",\"url\":\"https:\/\/marcela.pt\/wp-content\/uploads\/2025\/03\/marcela-properties-frame-168.webp\",\"contentUrl\":\"https:\/\/marcela.pt\/wp-content\/uploads\/2025\/03\/marcela-properties-frame-168.webp\"},{\"@type\":\"BreadcrumbList\",\"@id\":\"https:\/\/marcela.pt\/pt-pt\/politica-de-privacidade\/#breadcrumb\",\"itemListElement\":[{\"@type\":\"ListItem\",\"position\":1,\"name\":\"Home\",\"item\":\"https:\/\/marcela.pt\/pt-pt\/\"},{\"@type\":\"ListItem\",\"position\":2,\"name\":\"Pol\u00edtica de Privacidade\"}]},{\"@type\":\"WebSite\",\"@id\":\"https:\/\/marcela.pt\/pt-pt\/#website\",\"url\":\"https:\/\/marcela.pt\/pt-pt\/\",\"name\":\"Marcela Real Estate\",\"description\":\"Ag\u00eancia imobili\u00e1ria em Lagos, Algarve\",\"publisher\":{\"@id\":\"https:\/\/marcela.pt\/pt-pt\/#organization\"},\"potentialAction\":[{\"@type\":\"SearchAction\",\"target\":{\"@type\":\"EntryPoint\",\"urlTemplate\":\"https:\/\/marcela.pt\/pt-pt\/?s={search_term_string}\"},\"query-input\":{\"@type\":\"PropertyValueSpecification\",\"valueRequired\":true,\"valueName\":\"search_term_string\"}}],\"inLanguage\":\"pt-PT\"},{\"@type\":\"Organization\",\"@id\":\"https:\/\/marcela.pt\/pt-pt\/#organization\",\"name\":\"Marcela Real Estate\",\"url\":\"https:\/\/marcela.pt\/pt-pt\/\",\"logo\":{\"@type\":\"ImageObject\",\"inLanguage\":\"pt-PT\",\"@id\":\"https:\/\/marcela.pt\/pt-pt\/#\/schema\/logo\/image\/\",\"url\":\"https:\/\/marcela.pt\/wp-content\/uploads\/2025\/03\/logo_white.svg\",\"contentUrl\":\"https:\/\/marcela.pt\/wp-content\/uploads\/2025\/03\/logo_white.svg\",\"caption\":\"Marcela Real Estate\"},\"image\":{\"@id\":\"https:\/\/marcela.pt\/pt-pt\/#\/schema\/logo\/image\/\"}}]}<\/script>\n<!-- \/ Yoast SEO Premium plugin. -->","yoast_head_json":{"title":"Pol\u00edtica de Privacidade - Marcela Real Estate","robots":{"index":"index","follow":"follow","max-snippet":"max-snippet:-1","max-image-preview":"max-image-preview:large","max-video-preview":"max-video-preview:-1"},"canonical":"https:\/\/marcela.pt\/pt-pt\/politica-de-privacidade\/","og_locale":"pt_PT","og_type":"article","og_title":"Pol\u00edtica de Privacidade","og_description":"Pol\u00edtica de Privacidade e Utiliza\u00e7\u00e3o de Dados Pessoais A sua privacidade \u00e9 muito importante para n\u00f3s. Respeitamos a sua privacidade e estamos comprometidos com a sua prote\u00e7\u00e3o. Para melhor o(a) informar sobre as nossas pr\u00e1ticas, apresentamos este aviso explicando como recolhemos e utilizamos os seus dados pessoais, bem como as op\u00e7\u00f5es dispon\u00edveis relativamente \u00e0 sua ... Ler mais","og_url":"https:\/\/marcela.pt\/pt-pt\/politica-de-privacidade\/","og_site_name":"Marcela Real Estate","article_modified_time":"2025-05-20T16:34:48+00:00","og_image":[{"url":"https:\/\/marcela.pt\/wp-content\/uploads\/2025\/03\/marcela-properties-frame-168.webp","type":"","width":"","height":""}],"twitter_card":"summary_large_image","twitter_misc":{"Tempo estimado de leitura":"4 minutos"},"schema":{"@context":"https:\/\/schema.org","@graph":[{"@type":"WebPage","@id":"https:\/\/marcela.pt\/pt-pt\/politica-de-privacidade\/","url":"https:\/\/marcela.pt\/pt-pt\/politica-de-privacidade\/","name":"Pol\u00edtica de Privacidade - Marcela Real Estate","isPartOf":{"@id":"https:\/\/marcela.pt\/pt-pt\/#website"},"primaryImageOfPage":{"@id":"https:\/\/marcela.pt\/pt-pt\/politica-de-privacidade\/#primaryimage"},"image":{"@id":"https:\/\/marcela.pt\/pt-pt\/politica-de-privacidade\/#primaryimage"},"thumbnailUrl":"https:\/\/marcela.pt\/wp-content\/uploads\/2025\/03\/marcela-properties-frame-168.webp","datePublished":"2024-10-16T17:45:06+00:00","dateModified":"2025-05-20T16:34:48+00:00","breadcrumb":{"@id":"https:\/\/marcela.pt\/pt-pt\/politica-de-privacidade\/#breadcrumb"},"inLanguage":"pt-PT","potentialAction":[{"@type":"ReadAction","target":["https:\/\/marcela.pt\/pt-pt\/politica-de-privacidade\/"]}]},{"@type":"ImageObject","inLanguage":"pt-PT","@id":"https:\/\/marcela.pt\/pt-pt\/politica-de-privacidade\/#primaryimage","url":"https:\/\/marcela.pt\/wp-content\/uploads\/2025\/03\/marcela-properties-frame-168.webp","contentUrl":"https:\/\/marcela.pt\/wp-content\/uploads\/2025\/03\/marcela-properties-frame-168.webp"},{"@type":"BreadcrumbList","@id":"https:\/\/marcela.pt\/pt-pt\/politica-de-privacidade\/#breadcrumb","itemListElement":[{"@type":"ListItem","position":1,"name":"Home","item":"https:\/\/marcela.pt\/pt-pt\/"},{"@type":"ListItem","position":2,"name":"Pol\u00edtica de Privacidade"}]},{"@type":"WebSite","@id":"https:\/\/marcela.pt\/pt-pt\/#website","url":"https:\/\/marcela.pt\/pt-pt\/","name":"Marcela Real Estate","description":"Ag\u00eancia imobili\u00e1ria em Lagos, Algarve","publisher":{"@id":"https:\/\/marcela.pt\/pt-pt\/#organization"},"potentialAction":[{"@type":"SearchAction","target":{"@type":"EntryPoint","urlTemplate":"https:\/\/marcela.pt\/pt-pt\/?s={search_term_string}"},"query-input":{"@type":"PropertyValueSpecification","valueRequired":true,"valueName":"search_term_string"}}],"inLanguage":"pt-PT"},{"@type":"Organization","@id":"https:\/\/marcela.pt\/pt-pt\/#organization","name":"Marcela Real Estate","url":"https:\/\/marcela.pt\/pt-pt\/","logo":{"@type":"ImageObject","inLanguage":"pt-PT","@id":"https:\/\/marcela.pt\/pt-pt\/#\/schema\/logo\/image\/","url":"https:\/\/marcela.pt\/wp-content\/uploads\/2025\/03\/logo_white.svg","contentUrl":"https:\/\/marcela.pt\/wp-content\/uploads\/2025\/03\/logo_white.svg","caption":"Marcela Real Estate"},"image":{"@id":"https:\/\/marcela.pt\/pt-pt\/#\/schema\/logo\/image\/"}}]}},"_links":{"self":[{"href":"https:\/\/marcela.pt\/pt-pt\/wp-json\/wp\/v2\/pages\/3395","targetHints":{"allow":["GET"]}}],"collection":[{"href":"https:\/\/marcela.pt\/pt-pt\/wp-json\/wp\/v2\/pages"}],"about":[{"href":"https:\/\/marcela.pt\/pt-pt\/wp-json\/wp\/v2\/types\/page"}],"author":[{"embeddable":true,"href":"https:\/\/marcela.pt\/pt-pt\/wp-json\/wp\/v2\/users\/1"}],"replies":[{"embeddable":true,"href":"https:\/\/marcela.pt\/pt-pt\/wp-json\/wp\/v2\/comments?post=3395"}],"version-history":[{"count":1,"href":"https:\/\/marcela.pt\/pt-pt\/wp-json\/wp\/v2\/pages\/3395\/revisions"}],"predecessor-version":[{"id":4030,"href":"https:\/\/marcela.pt\/pt-pt\/wp-json\/wp\/v2\/pages\/3395\/revisions\/4030"}],"wp:attachment":[{"href":"https:\/\/marcela.pt\/pt-pt\/wp-json\/wp\/v2\/media?parent=3395"}],"curies":[{"name":"wp","href":"https:\/\/api.w.org\/{rel}","templated":true}]}}