{"id":3433,"date":"2025-03-26T14:40:08","date_gmt":"2025-03-26T14:40:08","guid":{"rendered":"https:\/\/marcela.pt\/services-for-home-owners\/"},"modified":"2025-05-25T21:00:59","modified_gmt":"2025-05-25T21:00:59","slug":"services-aux-proprietaires","status":"publish","type":"page","link":"https:\/\/marcela.pt\/fr\/locations-gestion-immobiliere\/services-aux-proprietaires\/","title":{"rendered":"Services aux propri\u00e9taires"},"content":{"rendered":"<div class=\"gb-container gb-container-91572876 dng-section\">\n<div class=\"gb-container gb-container-36971048 dng-section\">\n<div class=\"gb-container gb-container-faad1f8f dng-c-section__inner\">\n\n<p class=\"gb-headline gb-headline-46360ab7 gb-headline-text dng-c-title-description-with-image__title title1\">Services aux propri\u00e9taires<\/p>\n\n\n<div class=\"gb-container gb-container-d51ea3fa dng-c-title-description-with-image__vertical-line\"><\/div>\n\n\n<p class=\"gb-headline gb-headline-292983b1 gb-headline-text dng-c-title-description-with-image__text body1\">Nous avons plus de 15 ans d&rsquo;exp\u00e9rience dans ce domaine et un r\u00e9seau soigneusement s\u00e9lectionn\u00e9 de partenaires et d&rsquo;entreprises de confiance qui collaborent avec nous pour garantir que votre propri\u00e9t\u00e9 est toujours en parfait \u00e9tat.<\/p>\n\n<\/div>\n\n<div class=\"gb-container gb-container-c95e9fa0 dng-c-title-description-with-image__image-container\">\n\n<figure class=\"gb-block-image gb-block-image-dc2653dc\"><img decoding=\"async\" width=\"1920\" height=\"1280\" class=\"gb-image gb-image-dc2653dc dng-c-title-description-with-image__image-container-img lazyload\" data-src=\"https:\/\/marcela.pt\/wp-content\/uploads\/2025\/04\/2_6874d396-1d86-4a39-8fa8-3fd17e31e4a5.webp\" alt=\"\" title=\"2_6874d396-1d86-4a39-8fa8-3fd17e31e4a5\" data-srcset=\"https:\/\/marcela.pt\/wp-content\/uploads\/2025\/04\/2_6874d396-1d86-4a39-8fa8-3fd17e31e4a5.webp 1920w, https:\/\/marcela.pt\/wp-content\/uploads\/2025\/04\/2_6874d396-1d86-4a39-8fa8-3fd17e31e4a5-300x200.webp 300w, https:\/\/marcela.pt\/wp-content\/uploads\/2025\/04\/2_6874d396-1d86-4a39-8fa8-3fd17e31e4a5-1024x683.webp 1024w, https:\/\/marcela.pt\/wp-content\/uploads\/2025\/04\/2_6874d396-1d86-4a39-8fa8-3fd17e31e4a5-768x512.webp 768w, https:\/\/marcela.pt\/wp-content\/uploads\/2025\/04\/2_6874d396-1d86-4a39-8fa8-3fd17e31e4a5-1536x1024.webp 1536w\" data-sizes=\"(max-width: 1920px) 100vw, 1920px\" src=\"data:image\/svg+xml;base64,PHN2ZyB3aWR0aD0iMSIgaGVpZ2h0PSIxIiB4bWxucz0iaHR0cDovL3d3dy53My5vcmcvMjAwMC9zdmciPjwvc3ZnPg==\" style=\"--smush-placeholder-width: 1920px; --smush-placeholder-aspect-ratio: 1920\/1280;\" \/><\/figure>\n\n<\/div>\n<\/div>\n\n<div class=\"gb-container gb-container-0f51f7b7 dng-c-title-description-with-image__image-container\"><\/div>\n<\/div>\n\n<div class=\"gb-container gb-container-5459de1c\">\n<div class=\"gb-grid-wrapper gb-grid-wrapper-aa3d0022 _rightOffset\">\n<div class=\"gb-grid-column gb-grid-column-f9a0421e\"><div class=\"gb-container gb-container-f9a0421e\">\n\n<figure class=\"gb-block-image gb-block-image-296e7a58\"><img decoding=\"async\" width=\"2560\" height=\"1707\" class=\"gb-image gb-image-296e7a58 lazyload\" data-src=\"https:\/\/marcela.pt\/wp-content\/uploads\/2025\/04\/modern-scandinavian-home-interior-with-design-wooden-commode-dried-leafs-ceramic-vases-personal-accessories-stylish-home-decor-template-copy-space-white-walls-scaled.webp\" alt=\"\" title=\"modern-scandinavian-home-interior-with-design-wooden-commode-dried-leafs-ceramic-vases-personal-accessories-stylish-home-decor-template-copy-space-white-walls\" data-srcset=\"https:\/\/marcela.pt\/wp-content\/uploads\/2025\/04\/modern-scandinavian-home-interior-with-design-wooden-commode-dried-leafs-ceramic-vases-personal-accessories-stylish-home-decor-template-copy-space-white-walls-scaled.webp 2560w, https:\/\/marcela.pt\/wp-content\/uploads\/2025\/04\/modern-scandinavian-home-interior-with-design-wooden-commode-dried-leafs-ceramic-vases-personal-accessories-stylish-home-decor-template-copy-space-white-walls-300x200.webp 300w, https:\/\/marcela.pt\/wp-content\/uploads\/2025\/04\/modern-scandinavian-home-interior-with-design-wooden-commode-dried-leafs-ceramic-vases-personal-accessories-stylish-home-decor-template-copy-space-white-walls-1024x683.webp 1024w, https:\/\/marcela.pt\/wp-content\/uploads\/2025\/04\/modern-scandinavian-home-interior-with-design-wooden-commode-dried-leafs-ceramic-vases-personal-accessories-stylish-home-decor-template-copy-space-white-walls-768x512.webp 768w, https:\/\/marcela.pt\/wp-content\/uploads\/2025\/04\/modern-scandinavian-home-interior-with-design-wooden-commode-dried-leafs-ceramic-vases-personal-accessories-stylish-home-decor-template-copy-space-white-walls-1536x1024.webp 1536w, https:\/\/marcela.pt\/wp-content\/uploads\/2025\/04\/modern-scandinavian-home-interior-with-design-wooden-commode-dried-leafs-ceramic-vases-personal-accessories-stylish-home-decor-template-copy-space-white-walls-2048x1365.webp 2048w\" data-sizes=\"(max-width: 2560px) 100vw, 2560px\" src=\"data:image\/svg+xml;base64,PHN2ZyB3aWR0aD0iMSIgaGVpZ2h0PSIxIiB4bWxucz0iaHR0cDovL3d3dy53My5vcmcvMjAwMC9zdmciPjwvc3ZnPg==\" style=\"--smush-placeholder-width: 2560px; --smush-placeholder-aspect-ratio: 2560\/1707;\" \/><\/figure>\n\n\n<div class=\"gb-container gb-container-8b638211 dng-horizontal-line\"><\/div>\n<\/div><\/div>\n\n<div class=\"gb-grid-column gb-grid-column-1b9de41a\"><div class=\"gb-container gb-container-1b9de41a\">\n\n<h2 class=\"gb-headline gb-headline-d0146425 gb-headline-text\">Services de gestion immobili\u00e8re<\/h2>\n\n\n\n<p class=\"gb-headline gb-headline-66d07c24 gb-headline-text body1\">La gestion immobili\u00e8re peut s&rsquo;av\u00e9rer d\u00e9courageante, mais nos services complets garantissent que votre propri\u00e9t\u00e9 est g\u00e9r\u00e9e en douceur et bien entretenue.<br>D\u00e9couvrez nos services<\/p>\n\n\n\n<a class=\"gb-button gb-button-b6471ab4 gb-button-text dng-btn-single\" href=\"https:\/\/marcela.pt\/fr\/locations-gestion-immobiliere\/services-aux-proprietaires\/services-de-gestion-immobiliere\/\">en savoir plus<\/a>\n\n<\/div><\/div>\n<\/div>\n\n<div class=\"gb-container gb-container-75befdee dng-content-section\"><\/div>\n<\/div>\n\n<div class=\"gb-container gb-container-821aee91\">\n<div class=\"gb-grid-wrapper gb-grid-wrapper-85f6e187 _leftOffset\">\n<div class=\"gb-grid-column gb-grid-column-2601a55f\"><div class=\"gb-container gb-container-2601a55f\">\n\n<figure class=\"gb-block-image gb-block-image-6b79296a\"><img decoding=\"async\" width=\"1920\" height=\"1280\" class=\"gb-image gb-image-6b79296a lazyload\" data-src=\"https:\/\/marcela.pt\/wp-content\/uploads\/2025\/04\/43-24460-78d1f4f8b6655591b02d22fabb36a692d73ccaed32aa79b785db18e2812971fd-5d967755-8efe-4765-b15a-1e2af02b4b79.webp\" alt=\"\" title=\"43-24460-78d1f4f8b6655591b02d22fabb36a692d73ccaed32aa79b785db18e2812971fd-5d967755-8efe-4765-b15a-1e2af02b4b79\" data-srcset=\"https:\/\/marcela.pt\/wp-content\/uploads\/2025\/04\/43-24460-78d1f4f8b6655591b02d22fabb36a692d73ccaed32aa79b785db18e2812971fd-5d967755-8efe-4765-b15a-1e2af02b4b79.webp 1920w, https:\/\/marcela.pt\/wp-content\/uploads\/2025\/04\/43-24460-78d1f4f8b6655591b02d22fabb36a692d73ccaed32aa79b785db18e2812971fd-5d967755-8efe-4765-b15a-1e2af02b4b79-300x200.webp 300w, https:\/\/marcela.pt\/wp-content\/uploads\/2025\/04\/43-24460-78d1f4f8b6655591b02d22fabb36a692d73ccaed32aa79b785db18e2812971fd-5d967755-8efe-4765-b15a-1e2af02b4b79-1024x683.webp 1024w, https:\/\/marcela.pt\/wp-content\/uploads\/2025\/04\/43-24460-78d1f4f8b6655591b02d22fabb36a692d73ccaed32aa79b785db18e2812971fd-5d967755-8efe-4765-b15a-1e2af02b4b79-768x512.webp 768w, https:\/\/marcela.pt\/wp-content\/uploads\/2025\/04\/43-24460-78d1f4f8b6655591b02d22fabb36a692d73ccaed32aa79b785db18e2812971fd-5d967755-8efe-4765-b15a-1e2af02b4b79-1536x1024.webp 1536w\" data-sizes=\"(max-width: 1920px) 100vw, 1920px\" src=\"data:image\/svg+xml;base64,PHN2ZyB3aWR0aD0iMSIgaGVpZ2h0PSIxIiB4bWxucz0iaHR0cDovL3d3dy53My5vcmcvMjAwMC9zdmciPjwvc3ZnPg==\" style=\"--smush-placeholder-width: 1920px; --smush-placeholder-aspect-ratio: 1920\/1280;\" \/><\/figure>\n\n\n<div class=\"gb-container gb-container-3dcb2436 dng-horizontal-line\"><\/div>\n<\/div><\/div>\n\n<div class=\"gb-grid-column gb-grid-column-7c6420e2\"><div class=\"gb-container gb-container-7c6420e2\">\n\n<h2 class=\"gb-headline gb-headline-cc6f1584 gb-headline-text\">Services de location<\/h2>\n\n\n\n<p class=\"gb-headline gb-headline-23fcc0bb gb-headline-text body1\">Bienvenue dans nos services de location, o\u00f9 la gestion immobili\u00e8re est facile et rentable. Nous maximisons vos revenus locatifs tout en garantissant une bonne exp\u00e9rience pour les propri\u00e9taires et leurs invit\u00e9s.<\/p>\n\n\n\n<a class=\"gb-button gb-button-ab5f4546 gb-button-text dng-btn-single\" href=\"https:\/\/marcela.pt\/fr\/locations-gestion-immobiliere\/services-for-home-owners\/services-de-location\/\">en savoir plus<\/a>\n\n<\/div><\/div>\n<\/div>\n<\/div>\n\n<div class=\"gb-container gb-container-130c35f8\">\n<div class=\"gb-container gb-container-c27931be dng-c-section\">\n\n<h2 class=\"gb-headline gb-headline-531518c9 gb-headline-text title1\">Vous envisagez de louer votre propri\u00e9t\u00e9 ?<\/h2>\n\n\n\n<h5 class=\"gb-headline gb-headline-8caaf6c8 gb-headline-text\">D\u00e9couvrez comment maximiser la valeur de votre propri\u00e9t\u00e9, la louer rapidement et sans tracas.<\/h5>\n\n\n\n<a class=\"gb-button gb-button-0c47776e gb-button-text dng-btn-single\" href=\"#contact-form\">Contactez-nous<\/a>\n\n<\/div>\n<\/div>\n\n<div class=\"gb-container gb-container-ca6bf674\" id=\"contact-form\"><\/div>\n\n\r\n<div id=\"dng-c-form-services-for-home-owners-block_216edb851476647c0637925309cfbfba\" class=\"dng-c-form-services-for-home-owners section-space\">\r\n    <div class=\"dng-content-section\">\r\n        <div class=\"gpc-contactForm_outer\">\r\n                            <h3>Dites-nous comment nous pouvons vous aider<\/h3>\r\n                                                <div class=\"casfariContactLead\">\r\n                <form action=\"\" id=\"marcela_contactForm\">\r\n                    <input type=\"hidden\" id=\"dngForm_nonce_data\" name=\"dngForm_nonce_data\" value=\"6711e86727\" \/>                    <input type=\"hidden\" name=\"action\" value=\"marcela_contactForm\">\r\n                    <input type=\"hidden\" name=\"recipient_mail\" value=\"info@marcela.pt\">\r\n                    <input type=\"hidden\" name=\"contact_type\" id=\"contact_type\" value=\"buyer\">\r\n                    <input type=\"hidden\" name=\"lead_title\" id=\"lead_title\" value=\"Services for Home Owners\">\r\n                    <input type=\"hidden\" name=\"tag\" id=\"tag\" value=\"Home Services Form fr\">\r\n                    <input type=\"hidden\" name=\"form_name\" id=\"form_name\" value=\"Services for Home Owners\">\r\n                    <div class=\"gpcContact_row\">\r\n                        <div class=\"gpcContact_col12\">\r\n                            <div class=\"cas-select\">\r\n                                <!-- <label class=\"body2\" for=\"lead_subject\">Objet<\/label> -->\r\n                                <select name=\"leadType\" id=\"leadType\">\r\n                                    <option value=\"\">Objet<\/option>\r\n                                    <option value=\"Property Management Services\">Services de gestion immobili\u00e8re<\/option>\r\n                                    <option value=\"Rentals Services\">Services de location<\/option>\r\n                                <\/select>\r\n                            <\/div>\r\n                        <\/div>\r\n                        <div class=\"gpcContact_col6\">\r\n                            <div class=\"cas-input\">\r\n                                <input type=\"text\" name=\"name\" id=\"name\" required placeholder=\"Pr\u00e9nom*\">\r\n                            <\/div>\r\n                        <\/div>\r\n                        <div class=\"gpcContact_col6\">\r\n                            <div class=\"cas-input\">\r\n                                <input type=\"text\" name=\"surname\" id=\"surname\" required placeholder=\"Nom de famille*\">\r\n                            <\/div>\r\n                        <\/div>\r\n                        <div class=\"gpcContact_col6\">\r\n                            <div class=\"cas-input\">\r\n                                <input type=\"tel\" name=\"phone\" id=\"phone_\" required placeholder=\"Num\u00e9ro de t\u00e9l\u00e9phone*\">\r\n                            <\/div>\r\n                        <\/div>\r\n                        <div class=\"gpcContact_col6\">\r\n                            <div class=\"cas-input\">\r\n                                <input type=\"email\" name=\"email\" id=\"email\" required placeholder=\"Email*\">\r\n                            <\/div>\r\n                        <\/div>\r\n                        <div class=\"gpcContact_col12\">\r\n                            <textarea name=\"message\" id=\"message\" required placeholder=\"Message\"><\/textarea>\r\n                        <\/div>\r\n                    <\/div>\r\n                    <div class=\"leadForm_contsent\">\r\n                        <div class=\"leadForm_contsent--col\">\r\n                            <div class=\"privacy-formcheck\">\r\n                                <input type=\"checkbox\" required>\r\n                                <p class=\"caption\">J&rsquo;autorise Marcela Real Estate \u00e0 conserver et \u00e0 utiliser mes informations personnelles comme d\u00e9crit dans leur <a href=\"\/fr\/politique-de-confidentialite\/\">Politique de Confidentialit\u00e9<\/a>   et dans le respect des lois en vigueur.\r\n<\/p>\r\n                            <\/div>\r\n                        <\/div>\r\n                        <div class=\"leadForm_contsent--col leadForm_contsent--colsm\">\r\n                            <div class=\"privacy-formcheck cas-news_info\">\r\n                                <input type=\"checkbox\" name=\"cas_mailchimp\">\r\n                                <p class=\"caption\">Abonnez-vous \u00e0 notre newsletter<\/p>\r\n                            <\/div>\r\n                        <\/div>\r\n                        <div class=\"leadForm_contsent--col leadForm_contsent--colmd\">\r\n                            <button class=\"btn-black button-text\" type=\"submit\">ENVOYER<\/button>\r\n                        <\/div>\r\n                    <\/div>\r\n                <\/form>\r\n                <!-- Success Message -->\r\n                <div class=\"form_message form_success\" style=\"display: none;\">\r\n                    <p><\/p>\r\n                <\/div>\r\n                <!-- Error Message -->\r\n                <div class=\"form_message form_error\" style=\"display: none;\">\r\n                    <p><\/p>\r\n                <\/div>\r\n            <\/div>\r\n        <\/div>\r\n    <\/div>\r\n<\/div>","protected":false},"excerpt":{"rendered":"<p>Services aux propri\u00e9taires Nous avons plus de 15 ans d&rsquo;exp\u00e9rience dans ce domaine et un r\u00e9seau soigneusement s\u00e9lectionn\u00e9 de partenaires et d&rsquo;entreprises de confiance qui collaborent avec nous pour garantir que votre propri\u00e9t\u00e9 est toujours en parfait \u00e9tat. Vous envisagez de louer votre propri\u00e9t\u00e9 ? D\u00e9couvrez comment maximiser la valeur de votre propri\u00e9t\u00e9, la louer &#8230; <a title=\"Services aux propri\u00e9taires\" class=\"read-more\" href=\"https:\/\/marcela.pt\/fr\/locations-gestion-immobiliere\/services-aux-proprietaires\/\" aria-label=\"En savoir plus sur Services aux propri\u00e9taires\">Lire plus<\/a><\/p>\n","protected":false},"author":4,"featured_media":0,"parent":3437,"menu_order":0,"comment_status":"closed","ping_status":"closed","template":"","meta":{"_acf_changed":false,"footnotes":""},"class_list":["post-3433","page","type-page","status-publish"],"acf":[],"yoast_head":"<!-- This site is optimized with the Yoast SEO Premium plugin v25.1 (Yoast SEO v25.1) - https:\/\/yoast.com\/wordpress\/plugins\/seo\/ -->\n<title>Services aux propri\u00e9taires - Marcela Real Estate<\/title>\n<meta name=\"robots\" content=\"index, follow, max-snippet:-1, max-image-preview:large, max-video-preview:-1\" \/>\n<link rel=\"canonical\" href=\"https:\/\/marcela.pt\/fr\/locations-gestion-immobiliere\/services-aux-proprietaires\/\" \/>\n<meta property=\"og:locale\" content=\"fr_FR\" \/>\n<meta property=\"og:type\" content=\"article\" \/>\n<meta property=\"og:title\" content=\"Services aux propri\u00e9taires\" \/>\n<meta property=\"og:description\" content=\"Services aux propri\u00e9taires Nous avons plus de 15 ans d&rsquo;exp\u00e9rience dans ce domaine et un r\u00e9seau soigneusement s\u00e9lectionn\u00e9 de partenaires et d&rsquo;entreprises de confiance qui collaborent avec nous pour garantir que votre propri\u00e9t\u00e9 est toujours en parfait \u00e9tat. Vous envisagez de louer votre propri\u00e9t\u00e9 ? D\u00e9couvrez comment maximiser la valeur de votre propri\u00e9t\u00e9, la louer ... Lire plus\" \/>\n<meta property=\"og:url\" content=\"https:\/\/marcela.pt\/fr\/locations-gestion-immobiliere\/services-aux-proprietaires\/\" \/>\n<meta property=\"og:site_name\" content=\"Marcela Real Estate\" \/>\n<meta property=\"article:modified_time\" content=\"2025-05-25T21:00:59+00:00\" \/>\n<meta property=\"og:image\" content=\"https:\/\/marcela.pt\/wp-content\/uploads\/2025\/04\/2_6874d396-1d86-4a39-8fa8-3fd17e31e4a5.webp\" \/>\n<meta name=\"twitter:card\" content=\"summary_large_image\" \/>\n<meta name=\"twitter:label1\" content=\"Dur\u00e9e de lecture estim\u00e9e\" \/>\n\t<meta name=\"twitter:data1\" content=\"2 minutes\" \/>\n<script type=\"application\/ld+json\" class=\"yoast-schema-graph\">{\"@context\":\"https:\/\/schema.org\",\"@graph\":[{\"@type\":\"WebPage\",\"@id\":\"https:\/\/marcela.pt\/fr\/locations-gestion-immobiliere\/services-aux-proprietaires\/\",\"url\":\"https:\/\/marcela.pt\/fr\/locations-gestion-immobiliere\/services-aux-proprietaires\/\",\"name\":\"Services aux propri\u00e9taires - Marcela Real Estate\",\"isPartOf\":{\"@id\":\"https:\/\/marcela.pt\/fr\/#website\"},\"primaryImageOfPage\":{\"@id\":\"https:\/\/marcela.pt\/fr\/locations-gestion-immobiliere\/services-aux-proprietaires\/#primaryimage\"},\"image\":{\"@id\":\"https:\/\/marcela.pt\/fr\/locations-gestion-immobiliere\/services-aux-proprietaires\/#primaryimage\"},\"thumbnailUrl\":\"https:\/\/marcela.pt\/wp-content\/uploads\/2025\/04\/2_6874d396-1d86-4a39-8fa8-3fd17e31e4a5.webp\",\"datePublished\":\"2025-03-26T14:40:08+00:00\",\"dateModified\":\"2025-05-25T21:00:59+00:00\",\"breadcrumb\":{\"@id\":\"https:\/\/marcela.pt\/fr\/locations-gestion-immobiliere\/services-aux-proprietaires\/#breadcrumb\"},\"inLanguage\":\"fr-FR\",\"potentialAction\":[{\"@type\":\"ReadAction\",\"target\":[\"https:\/\/marcela.pt\/fr\/locations-gestion-immobiliere\/services-aux-proprietaires\/\"]}]},{\"@type\":\"ImageObject\",\"inLanguage\":\"fr-FR\",\"@id\":\"https:\/\/marcela.pt\/fr\/locations-gestion-immobiliere\/services-aux-proprietaires\/#primaryimage\",\"url\":\"https:\/\/marcela.pt\/wp-content\/uploads\/2025\/04\/2_6874d396-1d86-4a39-8fa8-3fd17e31e4a5.webp\",\"contentUrl\":\"https:\/\/marcela.pt\/wp-content\/uploads\/2025\/04\/2_6874d396-1d86-4a39-8fa8-3fd17e31e4a5.webp\"},{\"@type\":\"BreadcrumbList\",\"@id\":\"https:\/\/marcela.pt\/fr\/locations-gestion-immobiliere\/services-aux-proprietaires\/#breadcrumb\",\"itemListElement\":[{\"@type\":\"ListItem\",\"position\":1,\"name\":\"Accueil\",\"item\":\"https:\/\/marcela.pt\/fr\/\"},{\"@type\":\"ListItem\",\"position\":2,\"name\":\"Locations et Gestion Immobili\u00e8re\",\"item\":\"https:\/\/marcela.pt\/rentals-property-management\/\"},{\"@type\":\"ListItem\",\"position\":3,\"name\":\"Services aux propri\u00e9taires\"}]},{\"@type\":\"WebSite\",\"@id\":\"https:\/\/marcela.pt\/fr\/#website\",\"url\":\"https:\/\/marcela.pt\/fr\/\",\"name\":\"Marcela Real Estate\",\"description\":\"Agence immobili\u00e8re \u00e0 Lagos, Algarve\",\"publisher\":{\"@id\":\"https:\/\/marcela.pt\/fr\/#organization\"},\"potentialAction\":[{\"@type\":\"SearchAction\",\"target\":{\"@type\":\"EntryPoint\",\"urlTemplate\":\"https:\/\/marcela.pt\/fr\/?s={search_term_string}\"},\"query-input\":{\"@type\":\"PropertyValueSpecification\",\"valueRequired\":true,\"valueName\":\"search_term_string\"}}],\"inLanguage\":\"fr-FR\"},{\"@type\":\"Organization\",\"@id\":\"https:\/\/marcela.pt\/fr\/#organization\",\"name\":\"Marcela Real Estate\",\"url\":\"https:\/\/marcela.pt\/fr\/\",\"logo\":{\"@type\":\"ImageObject\",\"inLanguage\":\"fr-FR\",\"@id\":\"https:\/\/marcela.pt\/fr\/#\/schema\/logo\/image\/\",\"url\":\"https:\/\/marcela.pt\/wp-content\/uploads\/2025\/03\/logo_white.svg\",\"contentUrl\":\"https:\/\/marcela.pt\/wp-content\/uploads\/2025\/03\/logo_white.svg\",\"caption\":\"Marcela Real Estate\"},\"image\":{\"@id\":\"https:\/\/marcela.pt\/fr\/#\/schema\/logo\/image\/\"}}]}<\/script>\n<!-- \/ Yoast SEO Premium plugin. -->","yoast_head_json":{"title":"Services aux propri\u00e9taires - Marcela Real Estate","robots":{"index":"index","follow":"follow","max-snippet":"max-snippet:-1","max-image-preview":"max-image-preview:large","max-video-preview":"max-video-preview:-1"},"canonical":"https:\/\/marcela.pt\/fr\/locations-gestion-immobiliere\/services-aux-proprietaires\/","og_locale":"fr_FR","og_type":"article","og_title":"Services aux propri\u00e9taires","og_description":"Services aux propri\u00e9taires Nous avons plus de 15 ans d&rsquo;exp\u00e9rience dans ce domaine et un r\u00e9seau soigneusement s\u00e9lectionn\u00e9 de partenaires et d&rsquo;entreprises de confiance qui collaborent avec nous pour garantir que votre propri\u00e9t\u00e9 est toujours en parfait \u00e9tat. Vous envisagez de louer votre propri\u00e9t\u00e9 ? D\u00e9couvrez comment maximiser la valeur de votre propri\u00e9t\u00e9, la louer ... Lire plus","og_url":"https:\/\/marcela.pt\/fr\/locations-gestion-immobiliere\/services-aux-proprietaires\/","og_site_name":"Marcela Real Estate","article_modified_time":"2025-05-25T21:00:59+00:00","og_image":[{"url":"https:\/\/marcela.pt\/wp-content\/uploads\/2025\/04\/2_6874d396-1d86-4a39-8fa8-3fd17e31e4a5.webp","type":"","width":"","height":""}],"twitter_card":"summary_large_image","twitter_misc":{"Dur\u00e9e de lecture estim\u00e9e":"2 minutes"},"schema":{"@context":"https:\/\/schema.org","@graph":[{"@type":"WebPage","@id":"https:\/\/marcela.pt\/fr\/locations-gestion-immobiliere\/services-aux-proprietaires\/","url":"https:\/\/marcela.pt\/fr\/locations-gestion-immobiliere\/services-aux-proprietaires\/","name":"Services aux propri\u00e9taires - Marcela Real Estate","isPartOf":{"@id":"https:\/\/marcela.pt\/fr\/#website"},"primaryImageOfPage":{"@id":"https:\/\/marcela.pt\/fr\/locations-gestion-immobiliere\/services-aux-proprietaires\/#primaryimage"},"image":{"@id":"https:\/\/marcela.pt\/fr\/locations-gestion-immobiliere\/services-aux-proprietaires\/#primaryimage"},"thumbnailUrl":"https:\/\/marcela.pt\/wp-content\/uploads\/2025\/04\/2_6874d396-1d86-4a39-8fa8-3fd17e31e4a5.webp","datePublished":"2025-03-26T14:40:08+00:00","dateModified":"2025-05-25T21:00:59+00:00","breadcrumb":{"@id":"https:\/\/marcela.pt\/fr\/locations-gestion-immobiliere\/services-aux-proprietaires\/#breadcrumb"},"inLanguage":"fr-FR","potentialAction":[{"@type":"ReadAction","target":["https:\/\/marcela.pt\/fr\/locations-gestion-immobiliere\/services-aux-proprietaires\/"]}]},{"@type":"ImageObject","inLanguage":"fr-FR","@id":"https:\/\/marcela.pt\/fr\/locations-gestion-immobiliere\/services-aux-proprietaires\/#primaryimage","url":"https:\/\/marcela.pt\/wp-content\/uploads\/2025\/04\/2_6874d396-1d86-4a39-8fa8-3fd17e31e4a5.webp","contentUrl":"https:\/\/marcela.pt\/wp-content\/uploads\/2025\/04\/2_6874d396-1d86-4a39-8fa8-3fd17e31e4a5.webp"},{"@type":"BreadcrumbList","@id":"https:\/\/marcela.pt\/fr\/locations-gestion-immobiliere\/services-aux-proprietaires\/#breadcrumb","itemListElement":[{"@type":"ListItem","position":1,"name":"Accueil","item":"https:\/\/marcela.pt\/fr\/"},{"@type":"ListItem","position":2,"name":"Locations et Gestion Immobili\u00e8re","item":"https:\/\/marcela.pt\/rentals-property-management\/"},{"@type":"ListItem","position":3,"name":"Services aux propri\u00e9taires"}]},{"@type":"WebSite","@id":"https:\/\/marcela.pt\/fr\/#website","url":"https:\/\/marcela.pt\/fr\/","name":"Marcela Real Estate","description":"Agence immobili\u00e8re \u00e0 Lagos, Algarve","publisher":{"@id":"https:\/\/marcela.pt\/fr\/#organization"},"potentialAction":[{"@type":"SearchAction","target":{"@type":"EntryPoint","urlTemplate":"https:\/\/marcela.pt\/fr\/?s={search_term_string}"},"query-input":{"@type":"PropertyValueSpecification","valueRequired":true,"valueName":"search_term_string"}}],"inLanguage":"fr-FR"},{"@type":"Organization","@id":"https:\/\/marcela.pt\/fr\/#organization","name":"Marcela Real Estate","url":"https:\/\/marcela.pt\/fr\/","logo":{"@type":"ImageObject","inLanguage":"fr-FR","@id":"https:\/\/marcela.pt\/fr\/#\/schema\/logo\/image\/","url":"https:\/\/marcela.pt\/wp-content\/uploads\/2025\/03\/logo_white.svg","contentUrl":"https:\/\/marcela.pt\/wp-content\/uploads\/2025\/03\/logo_white.svg","caption":"Marcela Real Estate"},"image":{"@id":"https:\/\/marcela.pt\/fr\/#\/schema\/logo\/image\/"}}]}},"_links":{"self":[{"href":"https:\/\/marcela.pt\/fr\/wp-json\/wp\/v2\/pages\/3433","targetHints":{"allow":["GET"]}}],"collection":[{"href":"https:\/\/marcela.pt\/fr\/wp-json\/wp\/v2\/pages"}],"about":[{"href":"https:\/\/marcela.pt\/fr\/wp-json\/wp\/v2\/types\/page"}],"author":[{"embeddable":true,"href":"https:\/\/marcela.pt\/fr\/wp-json\/wp\/v2\/users\/4"}],"replies":[{"embeddable":true,"href":"https:\/\/marcela.pt\/fr\/wp-json\/wp\/v2\/comments?post=3433"}],"version-history":[{"count":6,"href":"https:\/\/marcela.pt\/fr\/wp-json\/wp\/v2\/pages\/3433\/revisions"}],"predecessor-version":[{"id":4550,"href":"https:\/\/marcela.pt\/fr\/wp-json\/wp\/v2\/pages\/3433\/revisions\/4550"}],"up":[{"embeddable":true,"href":"https:\/\/marcela.pt\/fr\/wp-json\/wp\/v2\/pages\/3437"}],"wp:attachment":[{"href":"https:\/\/marcela.pt\/fr\/wp-json\/wp\/v2\/media?parent=3433"}],"curies":[{"name":"wp","href":"https:\/\/api.w.org\/{rel}","templated":true}]}}