{"id":3401,"date":"2025-04-22T13:26:22","date_gmt":"2025-04-22T13:26:22","guid":{"rendered":"https:\/\/marcela.pt\/properties-to-buy\/"},"modified":"2025-06-03T18:40:16","modified_gmt":"2025-06-03T18:40:16","slug":"proprietes-a-vendre","status":"publish","type":"page","link":"https:\/\/marcela.pt\/fr\/proprietes-a-vendre\/","title":{"rendered":"Biens \u00e0 Acheter"},"content":{"rendered":"","protected":false},"excerpt":{"rendered":"","protected":false},"author":2,"featured_media":0,"parent":0,"menu_order":0,"comment_status":"closed","ping_status":"closed","template":"","meta":{"_acf_changed":false,"footnotes":""},"class_list":["post-3401","page","type-page","status-publish"],"acf":[],"yoast_head":"<!-- This site is optimized with the Yoast SEO Premium plugin v25.1 (Yoast SEO v25.1) - https:\/\/yoast.com\/wordpress\/plugins\/seo\/ -->\n<title>Acheter un bien en Algarve | Marcela Real Estate<\/title>\n<meta name=\"description\" content=\"D\u00e9couvrez des biens \u00e0 vendre dans l\u2019ouest de l\u2019Algarve avec Marcela Real Estate. Biens de qualit\u00e9, s\u00e9curit\u00e9 et belles opportunit\u00e9s d\u2019investissement.\" \/>\n<meta name=\"robots\" content=\"index, follow, max-snippet:-1, max-image-preview:large, max-video-preview:-1\" \/>\n<link rel=\"canonical\" href=\"https:\/\/marcela.pt\/fr\/proprietes-a-vendre\/\" \/>\n<meta property=\"og:locale\" content=\"fr_FR\" \/>\n<meta property=\"og:type\" content=\"article\" \/>\n<meta property=\"og:title\" content=\"Biens \u00e0 Acheter\" \/>\n<meta property=\"og:description\" content=\"D\u00e9couvrez des biens \u00e0 vendre dans l\u2019ouest de l\u2019Algarve avec Marcela Real Estate. Biens de qualit\u00e9, s\u00e9curit\u00e9 et belles opportunit\u00e9s d\u2019investissement.\" \/>\n<meta property=\"og:url\" content=\"https:\/\/marcela.pt\/fr\/proprietes-a-vendre\/\" \/>\n<meta property=\"og:site_name\" content=\"Marcela Real Estate\" \/>\n<meta property=\"article:modified_time\" content=\"2025-06-03T18:40:16+00:00\" \/>\n<meta name=\"twitter:card\" content=\"summary_large_image\" \/>\n<script type=\"application\/ld+json\" class=\"yoast-schema-graph\">{\"@context\":\"https:\/\/schema.org\",\"@graph\":[{\"@type\":\"WebPage\",\"@id\":\"https:\/\/marcela.pt\/fr\/proprietes-a-vendre\/\",\"url\":\"https:\/\/marcela.pt\/fr\/proprietes-a-vendre\/\",\"name\":\"Acheter un bien en Algarve | Marcela Real Estate\",\"isPartOf\":{\"@id\":\"https:\/\/marcela.pt\/fr\/#website\"},\"datePublished\":\"2025-04-22T13:26:22+00:00\",\"dateModified\":\"2025-06-03T18:40:16+00:00\",\"description\":\"D\u00e9couvrez des biens \u00e0 vendre dans l\u2019ouest de l\u2019Algarve avec Marcela Real Estate. Biens de qualit\u00e9, s\u00e9curit\u00e9 et belles opportunit\u00e9s d\u2019investissement.\",\"breadcrumb\":{\"@id\":\"https:\/\/marcela.pt\/fr\/proprietes-a-vendre\/#breadcrumb\"},\"inLanguage\":\"fr-FR\",\"potentialAction\":[{\"@type\":\"ReadAction\",\"target\":[\"https:\/\/marcela.pt\/fr\/proprietes-a-vendre\/\"]}]},{\"@type\":\"BreadcrumbList\",\"@id\":\"https:\/\/marcela.pt\/fr\/proprietes-a-vendre\/#breadcrumb\",\"itemListElement\":[{\"@type\":\"ListItem\",\"position\":1,\"name\":\"Accueil\",\"item\":\"https:\/\/marcela.pt\/fr\/\"},{\"@type\":\"ListItem\",\"position\":2,\"name\":\"Biens \u00e0 Acheter\"}]},{\"@type\":\"WebSite\",\"@id\":\"https:\/\/marcela.pt\/fr\/#website\",\"url\":\"https:\/\/marcela.pt\/fr\/\",\"name\":\"Marcela Real Estate\",\"description\":\"Agence immobili\u00e8re \u00e0 Lagos, Algarve\",\"publisher\":{\"@id\":\"https:\/\/marcela.pt\/fr\/#organization\"},\"potentialAction\":[{\"@type\":\"SearchAction\",\"target\":{\"@type\":\"EntryPoint\",\"urlTemplate\":\"https:\/\/marcela.pt\/fr\/?s={search_term_string}\"},\"query-input\":{\"@type\":\"PropertyValueSpecification\",\"valueRequired\":true,\"valueName\":\"search_term_string\"}}],\"inLanguage\":\"fr-FR\"},{\"@type\":\"Organization\",\"@id\":\"https:\/\/marcela.pt\/fr\/#organization\",\"name\":\"Marcela Real Estate\",\"url\":\"https:\/\/marcela.pt\/fr\/\",\"logo\":{\"@type\":\"ImageObject\",\"inLanguage\":\"fr-FR\",\"@id\":\"https:\/\/marcela.pt\/fr\/#\/schema\/logo\/image\/\",\"url\":\"https:\/\/marcela.pt\/wp-content\/uploads\/2025\/03\/logo_white.svg\",\"contentUrl\":\"https:\/\/marcela.pt\/wp-content\/uploads\/2025\/03\/logo_white.svg\",\"caption\":\"Marcela Real Estate\"},\"image\":{\"@id\":\"https:\/\/marcela.pt\/fr\/#\/schema\/logo\/image\/\"}}]}<\/script>\n<!-- \/ Yoast SEO Premium plugin. -->","yoast_head_json":{"title":"Acheter un bien en Algarve | Marcela Real Estate","description":"D\u00e9couvrez des biens \u00e0 vendre dans l\u2019ouest de l\u2019Algarve avec Marcela Real Estate. Biens de qualit\u00e9, s\u00e9curit\u00e9 et belles opportunit\u00e9s d\u2019investissement.","robots":{"index":"index","follow":"follow","max-snippet":"max-snippet:-1","max-image-preview":"max-image-preview:large","max-video-preview":"max-video-preview:-1"},"canonical":"https:\/\/marcela.pt\/fr\/proprietes-a-vendre\/","og_locale":"fr_FR","og_type":"article","og_title":"Biens \u00e0 Acheter","og_description":"D\u00e9couvrez des biens \u00e0 vendre dans l\u2019ouest de l\u2019Algarve avec Marcela Real Estate. Biens de qualit\u00e9, s\u00e9curit\u00e9 et belles opportunit\u00e9s d\u2019investissement.","og_url":"https:\/\/marcela.pt\/fr\/proprietes-a-vendre\/","og_site_name":"Marcela Real Estate","article_modified_time":"2025-06-03T18:40:16+00:00","twitter_card":"summary_large_image","schema":{"@context":"https:\/\/schema.org","@graph":[{"@type":"WebPage","@id":"https:\/\/marcela.pt\/fr\/proprietes-a-vendre\/","url":"https:\/\/marcela.pt\/fr\/proprietes-a-vendre\/","name":"Acheter un bien en Algarve | Marcela Real Estate","isPartOf":{"@id":"https:\/\/marcela.pt\/fr\/#website"},"datePublished":"2025-04-22T13:26:22+00:00","dateModified":"2025-06-03T18:40:16+00:00","description":"D\u00e9couvrez des biens \u00e0 vendre dans l\u2019ouest de l\u2019Algarve avec Marcela Real Estate. Biens de qualit\u00e9, s\u00e9curit\u00e9 et belles opportunit\u00e9s d\u2019investissement.","breadcrumb":{"@id":"https:\/\/marcela.pt\/fr\/proprietes-a-vendre\/#breadcrumb"},"inLanguage":"fr-FR","potentialAction":[{"@type":"ReadAction","target":["https:\/\/marcela.pt\/fr\/proprietes-a-vendre\/"]}]},{"@type":"BreadcrumbList","@id":"https:\/\/marcela.pt\/fr\/proprietes-a-vendre\/#breadcrumb","itemListElement":[{"@type":"ListItem","position":1,"name":"Accueil","item":"https:\/\/marcela.pt\/fr\/"},{"@type":"ListItem","position":2,"name":"Biens \u00e0 Acheter"}]},{"@type":"WebSite","@id":"https:\/\/marcela.pt\/fr\/#website","url":"https:\/\/marcela.pt\/fr\/","name":"Marcela Real Estate","description":"Agence immobili\u00e8re \u00e0 Lagos, Algarve","publisher":{"@id":"https:\/\/marcela.pt\/fr\/#organization"},"potentialAction":[{"@type":"SearchAction","target":{"@type":"EntryPoint","urlTemplate":"https:\/\/marcela.pt\/fr\/?s={search_term_string}"},"query-input":{"@type":"PropertyValueSpecification","valueRequired":true,"valueName":"search_term_string"}}],"inLanguage":"fr-FR"},{"@type":"Organization","@id":"https:\/\/marcela.pt\/fr\/#organization","name":"Marcela Real Estate","url":"https:\/\/marcela.pt\/fr\/","logo":{"@type":"ImageObject","inLanguage":"fr-FR","@id":"https:\/\/marcela.pt\/fr\/#\/schema\/logo\/image\/","url":"https:\/\/marcela.pt\/wp-content\/uploads\/2025\/03\/logo_white.svg","contentUrl":"https:\/\/marcela.pt\/wp-content\/uploads\/2025\/03\/logo_white.svg","caption":"Marcela Real Estate"},"image":{"@id":"https:\/\/marcela.pt\/fr\/#\/schema\/logo\/image\/"}}]}},"_links":{"self":[{"href":"https:\/\/marcela.pt\/fr\/wp-json\/wp\/v2\/pages\/3401","targetHints":{"allow":["GET"]}}],"collection":[{"href":"https:\/\/marcela.pt\/fr\/wp-json\/wp\/v2\/pages"}],"about":[{"href":"https:\/\/marcela.pt\/fr\/wp-json\/wp\/v2\/types\/page"}],"author":[{"embeddable":true,"href":"https:\/\/marcela.pt\/fr\/wp-json\/wp\/v2\/users\/2"}],"replies":[{"embeddable":true,"href":"https:\/\/marcela.pt\/fr\/wp-json\/wp\/v2\/comments?post=3401"}],"version-history":[{"count":4,"href":"https:\/\/marcela.pt\/fr\/wp-json\/wp\/v2\/pages\/3401\/revisions"}],"predecessor-version":[{"id":5233,"href":"https:\/\/marcela.pt\/fr\/wp-json\/wp\/v2\/pages\/3401\/revisions\/5233"}],"wp:attachment":[{"href":"https:\/\/marcela.pt\/fr\/wp-json\/wp\/v2\/media?parent=3401"}],"curies":[{"name":"wp","href":"https:\/\/api.w.org\/{rel}","templated":true}]}}