{"id":3474,"date":"2025-01-22T10:34:52","date_gmt":"2025-01-22T10:34:52","guid":{"rendered":"https:\/\/marcela.pt\/general-conditions\/"},"modified":"2025-05-28T14:20:19","modified_gmt":"2025-05-28T14:20:19","slug":"allgemeine-bedingungen","status":"publish","type":"page","link":"https:\/\/marcela.pt\/de\/rahmenbedingungen\/","title":{"rendered":"Allgemeine Bedingungen"},"content":{"rendered":"<div class=\"gb-container gb-container-06bb4eae dng-c-border-bottom\">\n\n<div class=\"wp-block-group is-nowrap is-layout-flex wp-container-core-group-is-layout-ad2f72ca wp-block-group-is-layout-flex\">\n<h2 class=\"wp-block-heading\" id=\"h-allgemeine-nutzungsbedingungen\"><strong>Allgemeine Nutzungsbedingungen<\/strong><\/h2>\n<\/div>\n\n\n\n<p>Diese Website wird von Marcela Real Estate mit dem Ziel zur Verf\u00fcgung gestellt, den Nutzern detaillierte Informationen \u00fcber die zum Verkauf und zur Vermietung stehenden Immobilien zu bieten und die Kommunikation zwischen potenziellen Kunden und unserem Team zu erleichtern.<\/p>\n\n\n\n<h5 class=\"wp-block-heading\" id=\"h-1-geistiges-eigentum-und-bildrechte\"><strong>1. Geistiges Eigentum und Bildrechte<\/strong><\/h5>\n\n\n\n<p>Der gesamte Inhalt dieser Website &#8211; einschlie\u00dflich der Texte, Logos, Bilder, Videos und anderer visueller Elemente &#8211; ist Eigentum von Marcela Real Estate. Jegliche Reproduktion, Vervielf\u00e4ltigung, Verbreitung, Ver\u00e4nderung oder unerlaubte Nutzung von Bildern oder Inhalten ist strengstens untersagt.<\/p>\n\n\n\n<p>Die Verwendung eines auf dieser Website ver\u00f6ffentlichten Bildes, ob f\u00fcr kommerzielle oder nicht-kommerzielle Zwecke, ist ohne vorherige schriftliche Genehmigung unseres Teams nicht gestattet. Wenn Sie einen unserer Inhalte verwenden m\u00f6chten, setzen Sie sich bitte mit uns in Verbindung, um eine formelle Genehmigung einzuholen.<\/p>\n\n\n\n<h5 class=\"wp-block-heading\" id=\"h-2-antrag-auf-anderung-des-inhalts\"><strong>2. Antrag auf \u00c4nderung des Inhalts<\/strong><\/h5>\n\n\n\n<p>Antr\u00e4ge auf Korrekturen oder \u00c4nderungen an den auf der Website angezeigten Informationen m\u00fcssen \u00fcber unsere offiziellen Kontaktkan\u00e4le eingereicht werden. Marcela Real Estate beh\u00e4lt sich das Recht vor, solche Anfragen anhand interner Kriterien in Bezug auf Genauigkeit und Relevanz zu bewerten und zu beantworten.<\/p>\n\n\n\n<h5 class=\"wp-block-heading\" id=\"h-3-inhaltliche-richtigkeit-und-verantwortung\"><strong>3. Inhaltliche Richtigkeit und Verantwortung<\/strong><\/h5>\n\n\n\n<p>Marcela Real Estate ist bem\u00fcht, die Richtigkeit, Aktualit\u00e4t und Vollst\u00e4ndigkeit der auf der Website ver\u00f6ffentlichten Informationen sicherzustellen. Alle Informationen k\u00f6nnen jedoch ohne vorherige Ank\u00fcndigung ge\u00e4ndert werden und stellen kein verbindliches Angebot dar.<\/p>\n\n\n\n<h5 class=\"wp-block-heading\" id=\"h-4-angemessene-nutzung-der-website\"><strong>4.<\/strong> <strong>Angemessene Nutzung der Website<\/strong><\/h5>\n\n\n\n<p>Durch den Zugriff auf diese Website erkl\u00e4rt sich der Nutzer damit einverstanden:<\/p>\n\n\n\n<ul class=\"wp-block-list\">\n<li>die Website nicht f\u00fcr ungesetzliche oder sch\u00e4dliche Zwecke zu nutzen<\/li>\n\n\n\n<li>nicht zu versuchen, sich unbefugten Zugang zu gesperrten Bereichen zu verschaffen<\/li>\n\n\n\n<li>keine Viren, Malware oder sonstigen b\u00f6sartigen Codes einzuschleusen<\/li>\n<\/ul>\n\n\n\n<p>Verst\u00f6\u00dfe gegen diese Bedingungen k\u00f6nnen zur Sperrung des Zugangs und gegebenenfalls zu rechtlichen Schritten f\u00fchren.<\/p>\n\n\n\n<p><\/p>\n\n<\/div>","protected":false},"excerpt":{"rendered":"<p>Allgemeine Nutzungsbedingungen Diese Website wird von Marcela Real Estate mit dem Ziel zur Verf\u00fcgung gestellt, den Nutzern detaillierte Informationen \u00fcber die zum Verkauf und zur Vermietung stehenden Immobilien zu bieten und die Kommunikation zwischen potenziellen Kunden und unserem Team zu erleichtern. 1. Geistiges Eigentum und Bildrechte Der gesamte Inhalt dieser Website &#8211; einschlie\u00dflich der Texte, &#8230; <a title=\"Allgemeine Bedingungen\" class=\"read-more\" href=\"https:\/\/marcela.pt\/de\/rahmenbedingungen\/\" aria-label=\"Mehr Informationen \u00fcber Allgemeine Bedingungen\">Weiterlesen &#8230;<\/a><\/p>\n","protected":false},"author":0,"featured_media":0,"parent":0,"menu_order":0,"comment_status":"closed","ping_status":"closed","template":"","meta":{"_acf_changed":false,"footnotes":""},"class_list":["post-3474","page","type-page","status-publish"],"acf":[],"yoast_head":"<!-- This site is optimized with the Yoast SEO Premium plugin v25.1 (Yoast SEO v25.1) - https:\/\/yoast.com\/wordpress\/plugins\/seo\/ -->\n<title>Allgemeine Bedingungen - Marcela Real Estate<\/title>\n<meta name=\"robots\" content=\"index, follow, max-snippet:-1, max-image-preview:large, max-video-preview:-1\" \/>\n<link rel=\"canonical\" href=\"https:\/\/marcela.pt\/de\/rahmenbedingungen\/\" \/>\n<meta property=\"og:locale\" content=\"de_DE\" \/>\n<meta property=\"og:type\" content=\"article\" \/>\n<meta property=\"og:title\" content=\"Allgemeine Bedingungen\" \/>\n<meta property=\"og:description\" content=\"Allgemeine Nutzungsbedingungen Diese Website wird von Marcela Real Estate mit dem Ziel zur Verf\u00fcgung gestellt, den Nutzern detaillierte Informationen \u00fcber die zum Verkauf und zur Vermietung stehenden Immobilien zu bieten und die Kommunikation zwischen potenziellen Kunden und unserem Team zu erleichtern. 1. Geistiges Eigentum und Bildrechte Der gesamte Inhalt dieser Website &#8211; einschlie\u00dflich der Texte, ... Weiterlesen ...\" \/>\n<meta property=\"og:url\" content=\"https:\/\/marcela.pt\/de\/rahmenbedingungen\/\" \/>\n<meta property=\"og:site_name\" content=\"Marcela Real Estate\" \/>\n<meta property=\"article:modified_time\" content=\"2025-05-28T14:20:19+00:00\" \/>\n<meta name=\"twitter:card\" content=\"summary_large_image\" \/>\n<meta name=\"twitter:label1\" content=\"Gesch\u00e4tzte Lesezeit\" \/>\n\t<meta name=\"twitter:data1\" content=\"2\u00a0Minute\" \/>\n<script type=\"application\/ld+json\" class=\"yoast-schema-graph\">{\"@context\":\"https:\/\/schema.org\",\"@graph\":[{\"@type\":\"WebPage\",\"@id\":\"https:\/\/marcela.pt\/de\/rahmenbedingungen\/\",\"url\":\"https:\/\/marcela.pt\/de\/rahmenbedingungen\/\",\"name\":\"Allgemeine Bedingungen - Marcela Real Estate\",\"isPartOf\":{\"@id\":\"https:\/\/marcela.pt\/de\/#website\"},\"datePublished\":\"2025-01-22T10:34:52+00:00\",\"dateModified\":\"2025-05-28T14:20:19+00:00\",\"breadcrumb\":{\"@id\":\"https:\/\/marcela.pt\/de\/rahmenbedingungen\/#breadcrumb\"},\"inLanguage\":\"de\",\"potentialAction\":[{\"@type\":\"ReadAction\",\"target\":[\"https:\/\/marcela.pt\/de\/rahmenbedingungen\/\"]}]},{\"@type\":\"BreadcrumbList\",\"@id\":\"https:\/\/marcela.pt\/de\/rahmenbedingungen\/#breadcrumb\",\"itemListElement\":[{\"@type\":\"ListItem\",\"position\":1,\"name\":\"Startseite\",\"item\":\"https:\/\/marcela.pt\/de\/\"},{\"@type\":\"ListItem\",\"position\":2,\"name\":\"Allgemeine Bedingungen\"}]},{\"@type\":\"WebSite\",\"@id\":\"https:\/\/marcela.pt\/de\/#website\",\"url\":\"https:\/\/marcela.pt\/de\/\",\"name\":\"Marcela Real Estate\",\"description\":\"Immobilienagentur in Lagos, Algarve\",\"publisher\":{\"@id\":\"https:\/\/marcela.pt\/de\/#organization\"},\"potentialAction\":[{\"@type\":\"SearchAction\",\"target\":{\"@type\":\"EntryPoint\",\"urlTemplate\":\"https:\/\/marcela.pt\/de\/?s={search_term_string}\"},\"query-input\":{\"@type\":\"PropertyValueSpecification\",\"valueRequired\":true,\"valueName\":\"search_term_string\"}}],\"inLanguage\":\"de\"},{\"@type\":\"Organization\",\"@id\":\"https:\/\/marcela.pt\/de\/#organization\",\"name\":\"Marcela Real Estate\",\"url\":\"https:\/\/marcela.pt\/de\/\",\"logo\":{\"@type\":\"ImageObject\",\"inLanguage\":\"de\",\"@id\":\"https:\/\/marcela.pt\/de\/#\/schema\/logo\/image\/\",\"url\":\"https:\/\/marcela.pt\/wp-content\/uploads\/2025\/03\/logo_white.svg\",\"contentUrl\":\"https:\/\/marcela.pt\/wp-content\/uploads\/2025\/03\/logo_white.svg\",\"caption\":\"Marcela Real Estate\"},\"image\":{\"@id\":\"https:\/\/marcela.pt\/de\/#\/schema\/logo\/image\/\"}}]}<\/script>\n<!-- \/ Yoast SEO Premium plugin. -->","yoast_head_json":{"title":"Allgemeine Bedingungen - Marcela Real Estate","robots":{"index":"index","follow":"follow","max-snippet":"max-snippet:-1","max-image-preview":"max-image-preview:large","max-video-preview":"max-video-preview:-1"},"canonical":"https:\/\/marcela.pt\/de\/rahmenbedingungen\/","og_locale":"de_DE","og_type":"article","og_title":"Allgemeine Bedingungen","og_description":"Allgemeine Nutzungsbedingungen Diese Website wird von Marcela Real Estate mit dem Ziel zur Verf\u00fcgung gestellt, den Nutzern detaillierte Informationen \u00fcber die zum Verkauf und zur Vermietung stehenden Immobilien zu bieten und die Kommunikation zwischen potenziellen Kunden und unserem Team zu erleichtern. 1. Geistiges Eigentum und Bildrechte Der gesamte Inhalt dieser Website &#8211; einschlie\u00dflich der Texte, ... Weiterlesen ...","og_url":"https:\/\/marcela.pt\/de\/rahmenbedingungen\/","og_site_name":"Marcela Real Estate","article_modified_time":"2025-05-28T14:20:19+00:00","twitter_card":"summary_large_image","twitter_misc":{"Gesch\u00e4tzte Lesezeit":"2\u00a0Minute"},"schema":{"@context":"https:\/\/schema.org","@graph":[{"@type":"WebPage","@id":"https:\/\/marcela.pt\/de\/rahmenbedingungen\/","url":"https:\/\/marcela.pt\/de\/rahmenbedingungen\/","name":"Allgemeine Bedingungen - Marcela Real Estate","isPartOf":{"@id":"https:\/\/marcela.pt\/de\/#website"},"datePublished":"2025-01-22T10:34:52+00:00","dateModified":"2025-05-28T14:20:19+00:00","breadcrumb":{"@id":"https:\/\/marcela.pt\/de\/rahmenbedingungen\/#breadcrumb"},"inLanguage":"de","potentialAction":[{"@type":"ReadAction","target":["https:\/\/marcela.pt\/de\/rahmenbedingungen\/"]}]},{"@type":"BreadcrumbList","@id":"https:\/\/marcela.pt\/de\/rahmenbedingungen\/#breadcrumb","itemListElement":[{"@type":"ListItem","position":1,"name":"Startseite","item":"https:\/\/marcela.pt\/de\/"},{"@type":"ListItem","position":2,"name":"Allgemeine Bedingungen"}]},{"@type":"WebSite","@id":"https:\/\/marcela.pt\/de\/#website","url":"https:\/\/marcela.pt\/de\/","name":"Marcela Real Estate","description":"Immobilienagentur in Lagos, Algarve","publisher":{"@id":"https:\/\/marcela.pt\/de\/#organization"},"potentialAction":[{"@type":"SearchAction","target":{"@type":"EntryPoint","urlTemplate":"https:\/\/marcela.pt\/de\/?s={search_term_string}"},"query-input":{"@type":"PropertyValueSpecification","valueRequired":true,"valueName":"search_term_string"}}],"inLanguage":"de"},{"@type":"Organization","@id":"https:\/\/marcela.pt\/de\/#organization","name":"Marcela Real Estate","url":"https:\/\/marcela.pt\/de\/","logo":{"@type":"ImageObject","inLanguage":"de","@id":"https:\/\/marcela.pt\/de\/#\/schema\/logo\/image\/","url":"https:\/\/marcela.pt\/wp-content\/uploads\/2025\/03\/logo_white.svg","contentUrl":"https:\/\/marcela.pt\/wp-content\/uploads\/2025\/03\/logo_white.svg","caption":"Marcela Real Estate"},"image":{"@id":"https:\/\/marcela.pt\/de\/#\/schema\/logo\/image\/"}}]}},"_links":{"self":[{"href":"https:\/\/marcela.pt\/de\/wp-json\/wp\/v2\/pages\/3474","targetHints":{"allow":["GET"]}}],"collection":[{"href":"https:\/\/marcela.pt\/de\/wp-json\/wp\/v2\/pages"}],"about":[{"href":"https:\/\/marcela.pt\/de\/wp-json\/wp\/v2\/types\/page"}],"replies":[{"embeddable":true,"href":"https:\/\/marcela.pt\/de\/wp-json\/wp\/v2\/comments?post=3474"}],"version-history":[{"count":4,"href":"https:\/\/marcela.pt\/de\/wp-json\/wp\/v2\/pages\/3474\/revisions"}],"predecessor-version":[{"id":4931,"href":"https:\/\/marcela.pt\/de\/wp-json\/wp\/v2\/pages\/3474\/revisions\/4931"}],"wp:attachment":[{"href":"https:\/\/marcela.pt\/de\/wp-json\/wp\/v2\/media?parent=3474"}],"curies":[{"name":"wp","href":"https:\/\/api.w.org\/{rel}","templated":true}]}}