{"id":3462,"date":"2025-03-13T11:33:27","date_gmt":"2025-03-13T11:33:27","guid":{"rendered":"https:\/\/marcela.pt\/about-us\/"},"modified":"2025-05-25T18:24:06","modified_gmt":"2025-05-25T18:24:06","slug":"uber-uns","status":"publish","type":"page","link":"https:\/\/marcela.pt\/de\/uber-uns\/","title":{"rendered":"\u00dcber uns"},"content":{"rendered":"<div class=\"gb-container gb-container-0597a3e9 lazyload\" style=\"background-image:inherit;\" data-bg-image=\"url(https:\/\/marcela.pt\/wp-content\/uploads\/2025\/04\/43-22588-78d1f4f8b6655591b02d22fabb36a692d73ccaed32aa79b785db18e2812971fd-2f7c6a65-b7bc-4805-a711-19767dadbd36.jpg)\">\n<div class=\"gb-container gb-container-349ffcf3\">\n<div class=\"gb-container gb-container-e13d7f4b dng-full-container\">\n\n<h1 class=\"gb-headline gb-headline-5529823e gb-headline-text\">\u00dcber uns<\/h1>\n\n<\/div>\n<\/div>\n<\/div>\n\n<div class=\"gb-container gb-container-a6b03ce5 dng-section\">\n<div class=\"gb-container gb-container-b8964e57 dng-section__inner\">\n\n<p class=\"gb-headline gb-headline-7cf08a40 gb-headline-text dng-c-title-description-with-image__title title1\">Marcela Real Estate<\/p>\n\n\n<div class=\"gb-container gb-container-476608f9 dng-c-title-description-with-image__vertical-line\"><\/div>\n\n\n<p class=\"gb-headline gb-headline-47a51a9a gb-headline-text dng-c-title-description-with-image__text body1\">Marcela Real Estate ist ein Immobilienunternehmen, das sich auf den Westen der Algarve spezialisiert hat.<br>Angetrieben von der Lebensart und Kultur der Algarve, sind wir seit \u00fcber 30 Jahren Experten auf dem lokalen Immobilienmarkt und haben uns stets dem Ziel verschrieben, f\u00fcr unsere Kunden und Freunde die passende Immobilie zu finden.<\/p>\n\n<\/div>\n\n<div class=\"gb-container gb-container-3df30cae dng-c-title-description-with-image__image-container\"><\/div>\n<\/div>\n\n\n<p><\/p>\n\n\n<div class=\"gb-container gb-container-c2a865fd dng-c-mb-65px\">\n<div class=\"gb-container gb-container-22189c6b dng-c-cta-3cols\">\n\n<figure class=\"gb-block-image gb-block-image-f108becd\"><img decoding=\"async\" width=\"2560\" height=\"1707\" class=\"gb-image gb-image-f108becd dng-c-cta-3cols__image lazyload\" data-src=\"https:\/\/marcela.pt\/wp-content\/uploads\/2025\/04\/modern-retro-concept-home-interior-with-design-sofa-armchair-coffee-table-plants-mock-up-poster-map-carpet-personal-accessoreis-stylish-home-decor-living-room-scaled.webp\" alt=\"\" title=\"modern-retro-concept-home-interior-with-design-sofa-armchair-coffee-table-plants-mock-up-poster-map-carpet-personal-accessoreis-stylish-home-decor-living-room\" data-srcset=\"https:\/\/marcela.pt\/wp-content\/uploads\/2025\/04\/modern-retro-concept-home-interior-with-design-sofa-armchair-coffee-table-plants-mock-up-poster-map-carpet-personal-accessoreis-stylish-home-decor-living-room-scaled.webp 2560w, https:\/\/marcela.pt\/wp-content\/uploads\/2025\/04\/modern-retro-concept-home-interior-with-design-sofa-armchair-coffee-table-plants-mock-up-poster-map-carpet-personal-accessoreis-stylish-home-decor-living-room-300x200.webp 300w, https:\/\/marcela.pt\/wp-content\/uploads\/2025\/04\/modern-retro-concept-home-interior-with-design-sofa-armchair-coffee-table-plants-mock-up-poster-map-carpet-personal-accessoreis-stylish-home-decor-living-room-1024x683.webp 1024w, https:\/\/marcela.pt\/wp-content\/uploads\/2025\/04\/modern-retro-concept-home-interior-with-design-sofa-armchair-coffee-table-plants-mock-up-poster-map-carpet-personal-accessoreis-stylish-home-decor-living-room-768x512.webp 768w, https:\/\/marcela.pt\/wp-content\/uploads\/2025\/04\/modern-retro-concept-home-interior-with-design-sofa-armchair-coffee-table-plants-mock-up-poster-map-carpet-personal-accessoreis-stylish-home-decor-living-room-1536x1024.webp 1536w, https:\/\/marcela.pt\/wp-content\/uploads\/2025\/04\/modern-retro-concept-home-interior-with-design-sofa-armchair-coffee-table-plants-mock-up-poster-map-carpet-personal-accessoreis-stylish-home-decor-living-room-2048x1365.webp 2048w\" data-sizes=\"(max-width: 2560px) 100vw, 2560px\" src=\"data:image\/svg+xml;base64,PHN2ZyB3aWR0aD0iMSIgaGVpZ2h0PSIxIiB4bWxucz0iaHR0cDovL3d3dy53My5vcmcvMjAwMC9zdmciPjwvc3ZnPg==\" style=\"--smush-placeholder-width: 2560px; --smush-placeholder-aspect-ratio: 2560\/1707;\" \/><\/figure>\n\n<\/div>\n\n<div class=\"gb-container gb-container-7dc4a5c9 dng-c-cta-3cols__grid\">\n<div class=\"gb-grid-wrapper gb-grid-wrapper-f7623772\">\n<div class=\"gb-grid-column gb-grid-column-bf651e28\"><div class=\"gb-container gb-container-bf651e28\">\n<div class=\"gb-container gb-container-dd31435e dng-c-cta__card\">\n\n<h3 class=\"gb-headline gb-headline-3098fa24 gb-headline-text\">Unser umfassendes Dienstleistungsangebot<\/h3>\n\n\n\n<p class=\"gb-headline gb-headline-1f74f0fc gb-headline-text body2\">Wir bieten einen vollst\u00e4ndigen und individuell abgestimmten Service, einschlie\u00dflich Kauf und Verkauf von Immobilien, Immobilienverwaltung, Projektmanagement und Vermietungen.<\/p>\n\n\n\n<a class=\"gb-button gb-button-2fe13ad5 gb-button-text dng-c-button--secondary\" href=\"https:\/\/marcela.pt\/de\/vermietung-immobilienverwaltung\/\">MEHR ENTDECKEN<\/a>\n\n<\/div>\n<\/div><\/div>\n\n<div class=\"gb-grid-column gb-grid-column-a55d44dd\"><div class=\"gb-container gb-container-a55d44dd\">\n<div class=\"gb-container gb-container-f8f9a357 dng-c-cta__card\">\n\n<h3 class=\"gb-headline gb-headline-9838c8c0 gb-headline-text\">Immobilien zum Verkauf<\/h3>\n\n\n\n<p class=\"gb-headline gb-headline-7f170ace gb-headline-text body2\">Unser aktuelles Portfolio umfasst mehr als 500 Imobilien an der Algarve; von preiswerten H\u00e4usern bis hin zu luxuri\u00f6sen Villen mit Meerblick. Unser Angebot ist divers und enth\u00e4lt Wohnungen, Stadth\u00e4user, Villen, alte Bauernh\u00e4user, Grundst\u00fccke, Gesch\u00e4ftsr\u00e4ume und Investitionsobjekte.<\/p>\n\n\n\n<a class=\"gb-button gb-button-8a026a33 gb-button-text dng-c-button--secondary\" href=\"https:\/\/marcela.pt\/de\/immobilien-kaufen\/\">IMMOBILIE SUCHEN<\/a>\n\n<\/div>\n<\/div><\/div>\n\n<div class=\"gb-grid-column gb-grid-column-8891dfd7\"><div class=\"gb-container gb-container-8891dfd7\">\n<div class=\"gb-container gb-container-80569d72 dng-c-cta__card\">\n\n<h3 class=\"gb-headline gb-headline-f3578591 gb-headline-text\">Kauf und Verkauf von Immobilien<\/h3>\n\n\n\n<p class=\"gb-headline gb-headline-9225b8ca gb-headline-text body2\">Wenn Sie eine Immobilie kaufen oder verkaufen m\u00f6chten, sind Sie bei uns richtig. Wir begleiten Sie durch den gesamten Prozess und unterst\u00fctzen Sie dabei, den lokalen Markt besser zu verstehen und fundierte Entscheidungen zu treffen.<\/p>\n\n\n\n<a class=\"gb-button gb-button-92ac98a7 gb-button-text dng-c-button--secondary\" href=\"https:\/\/marcela.pt\/de\/kauf-and-verkauf-einer-immobilie-in-portugal\/\">MEHR ENTDECKEN<\/a>\n\n<\/div>\n<\/div><\/div>\n<\/div>\n<\/div>\n<\/div>\n\n\n<div data-dng-c-title-metrics id=\"dng-c-title-and-metrics-block_01175e2beeaed4226e27b33d7b13655f\" class=\"dng-c-title-and-metrics\">\n        <div class=\"dng-c-title-and-metrics__container metrics-cols-3 dng-content-section\">\n                        <div class=\"dng-c-title-and-metrics__widget\">\n            <div class=\"dng-c-title-and-metrics__number-wrapper display dng-count-level\">\n                                                <span class=\"dng-c-title-and-metrics__number dng-count-up\"\n                    data-value=\"30000\"><\/span>\n                                                <span class=\"dng-c-title-and-metrics__number-suffix\">\n                    m\u00b2                <\/span>\n                            <\/div>\n                        <p class=\"dng-c-title-and-metrics__desc body1\">\n                VERKAUFT            <\/p>\n                                <\/div>\n                <div class=\"dng-c-title-and-metrics__widget\">\n            <div class=\"dng-c-title-and-metrics__number-wrapper display dng-count-level\">\n                                                <span class=\"dng-c-title-and-metrics__number dng-count-up\"\n                    data-value=\"40000\"><\/span>\n                                            <\/div>\n                        <p class=\"dng-c-title-and-metrics__desc body1\">\n                ZUFRIEDENE KUNDEN            <\/p>\n                                <\/div>\n                <div class=\"dng-c-title-and-metrics__widget\">\n            <div class=\"dng-c-title-and-metrics__number-wrapper display dng-count-level\">\n                                                <span class=\"dng-c-title-and-metrics__number dng-count-up\"\n                    data-value=\"185\"><\/span>\n                                            <\/div>\n                        <p class=\"dng-c-title-and-metrics__desc body1\">\n                BETREUTE NATIONALIT\u00c4TEN            <\/p>\n                                <\/div>\n                    <\/div>\n<\/div>\n\n<div class=\"gb-container gb-container-b7b0c961\">\n<div class=\"gb-container gb-container-49f9d70f dng-c-section\">\n\n<h2 class=\"gb-headline gb-headline-13db9db9 gb-headline-text title1\">Unser Team<\/h2>\n\n\n\n<h5 class=\"gb-headline gb-headline-c323b416 gb-headline-text\">Lernen Sie das leidenschaftliche und engagierte Team kennen, das Marcela Real Estate einzigartig macht.<\/h5>\n\n\n\n<a class=\"gb-button gb-button-daa69bfd gb-button-text dng-btn-single\" href=\"https:\/\/marcela.pt\/de\/uber-uns\/team\/\">Mehr entdecken<\/a>\n\n<\/div>\n<\/div>\n\n<div class=\"gb-container gb-container-402ac9f6 dng-c-section dng-c-border-bottom\">\n<div class=\"gb-container gb-container-1cfd6205 dng-c-section__inner\">\n\n<h3 class=\"gb-headline gb-headline-9fc53873 gb-headline-text dng-c-tdc-image__title\">Unsere Geschichte<\/h3>\n\n\n\n<p class=\"gb-headline gb-headline-1e9c89b7 gb-headline-text dng-c-dc-image__description body1\">Vor drei\u00dfig Jahren gr\u00fcndete Ant\u00f3nio Marcela Marcela Properties mit dem Traum, Menschen mit ihrer Wunschimmobilie zu verbinden. Alles begann mit einer Vision: den lokalen Immobilienmarkt durch einen Service zu revolutionieren, der Fachwissen, pers\u00f6nliche N\u00e4he und Respekt f\u00fcr die Gemeinschaft vereint. Von Anfang an haben wir Wert auf den Aufbau starker und vertrauensvoller Beziehungen gelegt, geleitet von Integrit\u00e4t und Engagement.<br><br>In diesen drei Jahrzehnten haben wir die Ver\u00e4nderungen des Sektors miterlebt, aus jeder Verhandlung gelernt und sind an jeder gemeisterten Herausforderung gewachsen.<br><br>Unsere Geschichte ist gepr\u00e4gt von Erfolgen, die weit \u00fcber Zahlen hinausgehen \u2013 sie erz\u00e4hlt von Familien, die ihr Zuhause fanden, von Investoren, die ihre Projekte verwirklichten, und von Tr\u00e4umen, die wir begleitet haben.<\/p>\n\n<\/div>\n\n<div class=\"gb-container gb-container-9e314e7b dng-c-mb-35px\"><\/div>\n<\/div>\n\n<div class=\"gb-container gb-container-439ba746 dng-c-section dng-c-border-bottom\">\n<div class=\"gb-container gb-container-2b83381f dng-c-section__inner\">\n\n<h3 class=\"gb-headline gb-headline-4dcc7d4f gb-headline-text dng-c-tdc-image__title\">Heute<\/h3>\n\n\n\n<p class=\"gb-headline gb-headline-d45e7a8b gb-headline-text dng-c-dc-image__description body1\">Heute ist Marcela Properties ein Marktf\u00fchrer, bekannt f\u00fcr die Qualit\u00e4t seiner Dienstleistungen und die Vielfalt seines Immobilienportfolios. Unser Team besteht aus leidenschaftlichen Fachleuten mit tiefem Marktverst\u00e4ndnis und einem ausgepr\u00e4gten Gesp\u00fcr f\u00fcr Trends und Kundenbed\u00fcrfnisse.<br><br>Unser Portfolio umfasst alles \u2013 von Baugrundst\u00fccken bis hin zu hochwertigen Residenzen.<br>Unser entscheidender Unterschied liegt im ma\u00dfgeschneiderten Service: Wir wissen, dass jeder Kunde einzigartig ist und individuelle L\u00f6sungen verdient.<\/p>\n\n<\/div>\n\n<div class=\"gb-container gb-container-3a42045d dng-c-mb-35px\"><\/div>\n\n<div class=\"gb-container gb-container-879492fd dng-c-mb-65px\">\n\n<figure class=\"gb-block-image gb-block-image-2bbefda7\"><img decoding=\"async\" width=\"1920\" height=\"1280\" class=\"gb-image gb-image-2bbefda7 dng-c-tdc-image__img lazyload\" data-src=\"https:\/\/marcela.pt\/wp-content\/uploads\/2025\/04\/43-23594-78d1f4f8b6655591b02d22fabb36a692d73ccaed32aa79b785db18e2812971fd-b99cf7a9-ed3e-4e7d-a038-e7cfa58d9ba1-1.webp\" alt=\"\" title=\"43-23594-78d1f4f8b6655591b02d22fabb36a692d73ccaed32aa79b785db18e2812971fd-b99cf7a9-ed3e-4e7d-a038-e7cfa58d9ba1\" data-srcset=\"https:\/\/marcela.pt\/wp-content\/uploads\/2025\/04\/43-23594-78d1f4f8b6655591b02d22fabb36a692d73ccaed32aa79b785db18e2812971fd-b99cf7a9-ed3e-4e7d-a038-e7cfa58d9ba1-1.webp 1920w, https:\/\/marcela.pt\/wp-content\/uploads\/2025\/04\/43-23594-78d1f4f8b6655591b02d22fabb36a692d73ccaed32aa79b785db18e2812971fd-b99cf7a9-ed3e-4e7d-a038-e7cfa58d9ba1-1-300x200.webp 300w, https:\/\/marcela.pt\/wp-content\/uploads\/2025\/04\/43-23594-78d1f4f8b6655591b02d22fabb36a692d73ccaed32aa79b785db18e2812971fd-b99cf7a9-ed3e-4e7d-a038-e7cfa58d9ba1-1-1024x683.webp 1024w, https:\/\/marcela.pt\/wp-content\/uploads\/2025\/04\/43-23594-78d1f4f8b6655591b02d22fabb36a692d73ccaed32aa79b785db18e2812971fd-b99cf7a9-ed3e-4e7d-a038-e7cfa58d9ba1-1-768x512.webp 768w, https:\/\/marcela.pt\/wp-content\/uploads\/2025\/04\/43-23594-78d1f4f8b6655591b02d22fabb36a692d73ccaed32aa79b785db18e2812971fd-b99cf7a9-ed3e-4e7d-a038-e7cfa58d9ba1-1-1536x1024.webp 1536w\" data-sizes=\"(max-width: 1920px) 100vw, 1920px\" src=\"data:image\/svg+xml;base64,PHN2ZyB3aWR0aD0iMSIgaGVpZ2h0PSIxIiB4bWxucz0iaHR0cDovL3d3dy53My5vcmcvMjAwMC9zdmciPjwvc3ZnPg==\" style=\"--smush-placeholder-width: 1920px; --smush-placeholder-aspect-ratio: 1920\/1280;\" \/><\/figure>\n\n<\/div>\n<\/div>\n\n<div class=\"gb-container gb-container-013a2cc7 dng-c-section dng-c-border-bottom\">\n<div class=\"gb-container gb-container-074edc94 dng-c-section__inner\">\n\n<div class=\"wp-block-group is-vertical is-nowrap is-layout-flex wp-container-core-group-is-layout-fc43baa9 wp-block-group-is-layout-flex\">\n<h3 class=\"gb-headline gb-headline-43092ec3 gb-headline-text dng-c-tdc-image__title\">Unsere Vision<\/h3>\n\n\n\n<p class=\"gb-headline gb-headline-dc62fd5c gb-headline-text dng-c-dc-image__description body1\">Mit Optimismus und Entschlossenheit blicken wir in die Zukunft.<br><br>Unser Ziel ist es, nachhaltig weiter zu wachsen, stets Exzellenz im Service zu bieten und Innovation in unseren Prozessen voranzutreiben.<br><br>Wir m\u00f6chten unsere Pr\u00e4senz sowohl im lokalen Markt als auch in neuen Regionen erweitern und weiterhin als Br\u00fccke zwischen Tr\u00e4umen und deren Verwirklichung dienen.<br><br>Daher streben wir danach, dass jeder Kunde seine ideale Immobilie oder Investition findet.<br>Mit dem gleichen vision\u00e4ren Geist, der Marcela Real Estate gegr\u00fcndet hat, bleiben wir unserer Mission treu: mehr zu sein als ein Dienstleister \u2013 ein vertrauensvoller Partner auf dem Weg jedes einzelnen Kunden.<\/p>\n<\/div>\n\n<\/div>\n\n<div class=\"gb-container gb-container-13d406fd dng-c-mb-35px\"><\/div>\n<\/div>\n\n<div class=\"gb-container gb-container-786339e1\">\n<div class=\"gb-container gb-container-1c68da8b dng-c-section\">\n\n<h2 class=\"gb-headline gb-headline-0bb2d88c gb-headline-text title1\">Erw\u00e4gen Sie den Verkauf Ihrer Immobilie?<\/h2>\n\n\n\n<h5 class=\"gb-headline gb-headline-fc8c08c7 gb-headline-text\">Erfahren Sie, wie Sie den Wert Ihrer Immobilie maximieren, sie schnell und problemlos verkaufen k\u00f6nnen.<\/h5>\n\n\n\n<a class=\"gb-button gb-button-09d049fb gb-button-text dng-btn-single\" href=\"https:\/\/marcela.pt\/de\/kauf-and-verkauf-einer-immobilie-in-portugal\/immobilien-kaufen-verkaufen-in-portugal-immobilien-verkaufen-in-portugal\/\">immobile verkaufen<\/a>\n\n<\/div>\n<\/div>\n\n\n<p><\/p>\n","protected":false},"excerpt":{"rendered":"<p>\u00dcber uns Marcela Real Estate Marcela Real Estate ist ein Immobilienunternehmen, das sich auf den Westen der Algarve spezialisiert hat.Angetrieben von der Lebensart und Kultur der Algarve, sind wir seit \u00fcber 30 Jahren Experten auf dem lokalen Immobilienmarkt und haben uns stets dem Ziel verschrieben, f\u00fcr unsere Kunden und Freunde die passende Immobilie zu finden. &#8230; <a title=\"\u00dcber uns\" class=\"read-more\" href=\"https:\/\/marcela.pt\/de\/uber-uns\/\" aria-label=\"Mehr Informationen \u00fcber \u00dcber uns\">Weiterlesen &#8230;<\/a><\/p>\n","protected":false},"author":0,"featured_media":3313,"parent":0,"menu_order":0,"comment_status":"closed","ping_status":"closed","template":"","meta":{"_acf_changed":false,"footnotes":""},"class_list":["post-3462","page","type-page","status-publish","has-post-thumbnail"],"acf":[],"yoast_head":"<!-- This site is optimized with the Yoast SEO Premium plugin v25.1 (Yoast SEO v25.1) - https:\/\/yoast.com\/wordpress\/plugins\/seo\/ -->\n<title>Marcela Real Estate | Immobilienmakler Algarve<\/title>\n<meta name=\"description\" content=\"Erfahrene Makler in der Algarve bieten Beratung, Marktkenntnis und Unterst\u00fctzung bei rechtlichen sowie administrativen Immobilienfragen.\" \/>\n<meta name=\"robots\" content=\"index, follow, max-snippet:-1, max-image-preview:large, max-video-preview:-1\" \/>\n<link rel=\"canonical\" href=\"https:\/\/marcela.pt\/de\/uber-uns\/\" \/>\n<meta property=\"og:locale\" content=\"de_DE\" \/>\n<meta property=\"og:type\" content=\"article\" \/>\n<meta property=\"og:title\" content=\"\u00dcber uns\" \/>\n<meta property=\"og:description\" content=\"Erfahrene Makler in der Algarve bieten Beratung, Marktkenntnis und Unterst\u00fctzung bei rechtlichen sowie administrativen Immobilienfragen.\" \/>\n<meta property=\"og:url\" content=\"https:\/\/marcela.pt\/de\/uber-uns\/\" \/>\n<meta property=\"og:site_name\" content=\"Marcela Real Estate\" \/>\n<meta property=\"article:modified_time\" content=\"2025-05-25T18:24:06+00:00\" \/>\n<meta property=\"og:image\" content=\"https:\/\/marcela.pt\/wp-content\/uploads\/2025\/04\/43-22588-78d1f4f8b6655591b02d22fabb36a692d73ccaed32aa79b785db18e2812971fd-2f7c6a65-b7bc-4805-a711-19767dadbd36.jpg\" \/>\n\t<meta property=\"og:image:width\" content=\"1920\" \/>\n\t<meta property=\"og:image:height\" content=\"1280\" \/>\n\t<meta property=\"og:image:type\" content=\"image\/jpeg\" \/>\n<meta name=\"twitter:card\" content=\"summary_large_image\" \/>\n<meta name=\"twitter:label1\" content=\"Gesch\u00e4tzte Lesezeit\" \/>\n\t<meta name=\"twitter:data1\" content=\"3\u00a0Minute\" \/>\n<script type=\"application\/ld+json\" class=\"yoast-schema-graph\">{\"@context\":\"https:\/\/schema.org\",\"@graph\":[{\"@type\":\"WebPage\",\"@id\":\"https:\/\/marcela.pt\/de\/uber-uns\/\",\"url\":\"https:\/\/marcela.pt\/de\/uber-uns\/\",\"name\":\"Marcela Real Estate | Immobilienmakler Algarve\",\"isPartOf\":{\"@id\":\"https:\/\/marcela.pt\/de\/#website\"},\"primaryImageOfPage\":{\"@id\":\"https:\/\/marcela.pt\/de\/uber-uns\/#primaryimage\"},\"image\":{\"@id\":\"https:\/\/marcela.pt\/de\/uber-uns\/#primaryimage\"},\"thumbnailUrl\":\"https:\/\/marcela.pt\/wp-content\/uploads\/2025\/04\/43-22588-78d1f4f8b6655591b02d22fabb36a692d73ccaed32aa79b785db18e2812971fd-2f7c6a65-b7bc-4805-a711-19767dadbd36.jpg\",\"datePublished\":\"2025-03-13T11:33:27+00:00\",\"dateModified\":\"2025-05-25T18:24:06+00:00\",\"description\":\"Erfahrene Makler in der Algarve bieten Beratung, Marktkenntnis und Unterst\u00fctzung bei rechtlichen sowie administrativen Immobilienfragen.\",\"breadcrumb\":{\"@id\":\"https:\/\/marcela.pt\/de\/uber-uns\/#breadcrumb\"},\"inLanguage\":\"de\",\"potentialAction\":[{\"@type\":\"ReadAction\",\"target\":[\"https:\/\/marcela.pt\/de\/uber-uns\/\"]}]},{\"@type\":\"ImageObject\",\"inLanguage\":\"de\",\"@id\":\"https:\/\/marcela.pt\/de\/uber-uns\/#primaryimage\",\"url\":\"https:\/\/marcela.pt\/wp-content\/uploads\/2025\/04\/43-22588-78d1f4f8b6655591b02d22fabb36a692d73ccaed32aa79b785db18e2812971fd-2f7c6a65-b7bc-4805-a711-19767dadbd36.jpg\",\"contentUrl\":\"https:\/\/marcela.pt\/wp-content\/uploads\/2025\/04\/43-22588-78d1f4f8b6655591b02d22fabb36a692d73ccaed32aa79b785db18e2812971fd-2f7c6a65-b7bc-4805-a711-19767dadbd36.jpg\",\"width\":1920,\"height\":1280},{\"@type\":\"BreadcrumbList\",\"@id\":\"https:\/\/marcela.pt\/de\/uber-uns\/#breadcrumb\",\"itemListElement\":[{\"@type\":\"ListItem\",\"position\":1,\"name\":\"Startseite\",\"item\":\"https:\/\/marcela.pt\/de\/\"},{\"@type\":\"ListItem\",\"position\":2,\"name\":\"\u00dcber uns\"}]},{\"@type\":\"WebSite\",\"@id\":\"https:\/\/marcela.pt\/de\/#website\",\"url\":\"https:\/\/marcela.pt\/de\/\",\"name\":\"Marcela Real Estate\",\"description\":\"Immobilienagentur in Lagos, Algarve\",\"publisher\":{\"@id\":\"https:\/\/marcela.pt\/de\/#organization\"},\"potentialAction\":[{\"@type\":\"SearchAction\",\"target\":{\"@type\":\"EntryPoint\",\"urlTemplate\":\"https:\/\/marcela.pt\/de\/?s={search_term_string}\"},\"query-input\":{\"@type\":\"PropertyValueSpecification\",\"valueRequired\":true,\"valueName\":\"search_term_string\"}}],\"inLanguage\":\"de\"},{\"@type\":\"Organization\",\"@id\":\"https:\/\/marcela.pt\/de\/#organization\",\"name\":\"Marcela Real Estate\",\"url\":\"https:\/\/marcela.pt\/de\/\",\"logo\":{\"@type\":\"ImageObject\",\"inLanguage\":\"de\",\"@id\":\"https:\/\/marcela.pt\/de\/#\/schema\/logo\/image\/\",\"url\":\"https:\/\/marcela.pt\/wp-content\/uploads\/2025\/03\/logo_white.svg\",\"contentUrl\":\"https:\/\/marcela.pt\/wp-content\/uploads\/2025\/03\/logo_white.svg\",\"caption\":\"Marcela Real Estate\"},\"image\":{\"@id\":\"https:\/\/marcela.pt\/de\/#\/schema\/logo\/image\/\"}}]}<\/script>\n<!-- \/ Yoast SEO Premium plugin. -->","yoast_head_json":{"title":"Marcela Real Estate | Immobilienmakler Algarve","description":"Erfahrene Makler in der Algarve bieten Beratung, Marktkenntnis und Unterst\u00fctzung bei rechtlichen sowie administrativen Immobilienfragen.","robots":{"index":"index","follow":"follow","max-snippet":"max-snippet:-1","max-image-preview":"max-image-preview:large","max-video-preview":"max-video-preview:-1"},"canonical":"https:\/\/marcela.pt\/de\/uber-uns\/","og_locale":"de_DE","og_type":"article","og_title":"\u00dcber uns","og_description":"Erfahrene Makler in der Algarve bieten Beratung, Marktkenntnis und Unterst\u00fctzung bei rechtlichen sowie administrativen Immobilienfragen.","og_url":"https:\/\/marcela.pt\/de\/uber-uns\/","og_site_name":"Marcela Real Estate","article_modified_time":"2025-05-25T18:24:06+00:00","og_image":[{"width":1920,"height":1280,"url":"https:\/\/marcela.pt\/wp-content\/uploads\/2025\/04\/43-22588-78d1f4f8b6655591b02d22fabb36a692d73ccaed32aa79b785db18e2812971fd-2f7c6a65-b7bc-4805-a711-19767dadbd36.jpg","type":"image\/jpeg"}],"twitter_card":"summary_large_image","twitter_misc":{"Gesch\u00e4tzte Lesezeit":"3\u00a0Minute"},"schema":{"@context":"https:\/\/schema.org","@graph":[{"@type":"WebPage","@id":"https:\/\/marcela.pt\/de\/uber-uns\/","url":"https:\/\/marcela.pt\/de\/uber-uns\/","name":"Marcela Real Estate | Immobilienmakler Algarve","isPartOf":{"@id":"https:\/\/marcela.pt\/de\/#website"},"primaryImageOfPage":{"@id":"https:\/\/marcela.pt\/de\/uber-uns\/#primaryimage"},"image":{"@id":"https:\/\/marcela.pt\/de\/uber-uns\/#primaryimage"},"thumbnailUrl":"https:\/\/marcela.pt\/wp-content\/uploads\/2025\/04\/43-22588-78d1f4f8b6655591b02d22fabb36a692d73ccaed32aa79b785db18e2812971fd-2f7c6a65-b7bc-4805-a711-19767dadbd36.jpg","datePublished":"2025-03-13T11:33:27+00:00","dateModified":"2025-05-25T18:24:06+00:00","description":"Erfahrene Makler in der Algarve bieten Beratung, Marktkenntnis und Unterst\u00fctzung bei rechtlichen sowie administrativen Immobilienfragen.","breadcrumb":{"@id":"https:\/\/marcela.pt\/de\/uber-uns\/#breadcrumb"},"inLanguage":"de","potentialAction":[{"@type":"ReadAction","target":["https:\/\/marcela.pt\/de\/uber-uns\/"]}]},{"@type":"ImageObject","inLanguage":"de","@id":"https:\/\/marcela.pt\/de\/uber-uns\/#primaryimage","url":"https:\/\/marcela.pt\/wp-content\/uploads\/2025\/04\/43-22588-78d1f4f8b6655591b02d22fabb36a692d73ccaed32aa79b785db18e2812971fd-2f7c6a65-b7bc-4805-a711-19767dadbd36.jpg","contentUrl":"https:\/\/marcela.pt\/wp-content\/uploads\/2025\/04\/43-22588-78d1f4f8b6655591b02d22fabb36a692d73ccaed32aa79b785db18e2812971fd-2f7c6a65-b7bc-4805-a711-19767dadbd36.jpg","width":1920,"height":1280},{"@type":"BreadcrumbList","@id":"https:\/\/marcela.pt\/de\/uber-uns\/#breadcrumb","itemListElement":[{"@type":"ListItem","position":1,"name":"Startseite","item":"https:\/\/marcela.pt\/de\/"},{"@type":"ListItem","position":2,"name":"\u00dcber uns"}]},{"@type":"WebSite","@id":"https:\/\/marcela.pt\/de\/#website","url":"https:\/\/marcela.pt\/de\/","name":"Marcela Real Estate","description":"Immobilienagentur in Lagos, Algarve","publisher":{"@id":"https:\/\/marcela.pt\/de\/#organization"},"potentialAction":[{"@type":"SearchAction","target":{"@type":"EntryPoint","urlTemplate":"https:\/\/marcela.pt\/de\/?s={search_term_string}"},"query-input":{"@type":"PropertyValueSpecification","valueRequired":true,"valueName":"search_term_string"}}],"inLanguage":"de"},{"@type":"Organization","@id":"https:\/\/marcela.pt\/de\/#organization","name":"Marcela Real Estate","url":"https:\/\/marcela.pt\/de\/","logo":{"@type":"ImageObject","inLanguage":"de","@id":"https:\/\/marcela.pt\/de\/#\/schema\/logo\/image\/","url":"https:\/\/marcela.pt\/wp-content\/uploads\/2025\/03\/logo_white.svg","contentUrl":"https:\/\/marcela.pt\/wp-content\/uploads\/2025\/03\/logo_white.svg","caption":"Marcela Real Estate"},"image":{"@id":"https:\/\/marcela.pt\/de\/#\/schema\/logo\/image\/"}}]}},"_links":{"self":[{"href":"https:\/\/marcela.pt\/de\/wp-json\/wp\/v2\/pages\/3462","targetHints":{"allow":["GET"]}}],"collection":[{"href":"https:\/\/marcela.pt\/de\/wp-json\/wp\/v2\/pages"}],"about":[{"href":"https:\/\/marcela.pt\/de\/wp-json\/wp\/v2\/types\/page"}],"replies":[{"embeddable":true,"href":"https:\/\/marcela.pt\/de\/wp-json\/wp\/v2\/comments?post=3462"}],"version-history":[{"count":11,"href":"https:\/\/marcela.pt\/de\/wp-json\/wp\/v2\/pages\/3462\/revisions"}],"predecessor-version":[{"id":4480,"href":"https:\/\/marcela.pt\/de\/wp-json\/wp\/v2\/pages\/3462\/revisions\/4480"}],"wp:featuredmedia":[{"embeddable":true,"href":"https:\/\/marcela.pt\/de\/wp-json\/wp\/v2\/media\/3313"}],"wp:attachment":[{"href":"https:\/\/marcela.pt\/de\/wp-json\/wp\/v2\/media?parent=3462"}],"curies":[{"name":"wp","href":"https:\/\/api.w.org\/{rel}","templated":true}]}}