{"id":3434,"date":"2025-03-26T14:40:08","date_gmt":"2025-03-26T14:40:08","guid":{"rendered":"https:\/\/marcela.pt\/services-for-home-owners\/"},"modified":"2025-05-25T21:03:28","modified_gmt":"2025-05-25T21:03:28","slug":"dienstleistungen-fur-hauseigentumer","status":"publish","type":"page","link":"https:\/\/marcela.pt\/de\/vermietung-immobilienverwaltung\/dienstleistungen-fur-hauseigentumer\/","title":{"rendered":"Dienstleistungen f\u00fcr Hauseigent\u00fcmer"},"content":{"rendered":"<div class=\"gb-container gb-container-91572876 dng-section\">\n<div class=\"gb-container gb-container-36971048 dng-section\">\n<div class=\"gb-container gb-container-faad1f8f dng-c-section__inner\">\n\n<p class=\"gb-headline gb-headline-46360ab7 gb-headline-text dng-c-title-description-with-image__title title1\">Dienstleistungen f\u00fcr Hauseigent\u00fcmer<\/p>\n\n\n<div class=\"gb-container gb-container-d51ea3fa dng-c-title-description-with-image__vertical-line\"><\/div>\n\n\n<p class=\"gb-headline gb-headline-292983b1 gb-headline-text dng-c-title-description-with-image__text body1\">Besitzen Sie eine Immobilie an der Algarve? Wir bieten ma\u00dfgeschneiderte L\u00f6sungen f\u00fcr die Vermietung und Verwaltung und k\u00fcmmern uns um Ihr Haus, als w\u00e4re es unser eigenes.<\/p>\n\n<\/div>\n\n<div class=\"gb-container gb-container-c95e9fa0 dng-c-title-description-with-image__image-container\">\n\n<figure class=\"gb-block-image gb-block-image-dc2653dc\"><img decoding=\"async\" width=\"1920\" height=\"1280\" class=\"gb-image gb-image-dc2653dc dng-c-title-description-with-image__image-container-img lazyload\" data-src=\"https:\/\/marcela.pt\/wp-content\/uploads\/2025\/04\/2_6874d396-1d86-4a39-8fa8-3fd17e31e4a5.webp\" alt=\"\" title=\"2_6874d396-1d86-4a39-8fa8-3fd17e31e4a5\" data-srcset=\"https:\/\/marcela.pt\/wp-content\/uploads\/2025\/04\/2_6874d396-1d86-4a39-8fa8-3fd17e31e4a5.webp 1920w, https:\/\/marcela.pt\/wp-content\/uploads\/2025\/04\/2_6874d396-1d86-4a39-8fa8-3fd17e31e4a5-300x200.webp 300w, https:\/\/marcela.pt\/wp-content\/uploads\/2025\/04\/2_6874d396-1d86-4a39-8fa8-3fd17e31e4a5-1024x683.webp 1024w, https:\/\/marcela.pt\/wp-content\/uploads\/2025\/04\/2_6874d396-1d86-4a39-8fa8-3fd17e31e4a5-768x512.webp 768w, https:\/\/marcela.pt\/wp-content\/uploads\/2025\/04\/2_6874d396-1d86-4a39-8fa8-3fd17e31e4a5-1536x1024.webp 1536w\" data-sizes=\"(max-width: 1920px) 100vw, 1920px\" src=\"data:image\/svg+xml;base64,PHN2ZyB3aWR0aD0iMSIgaGVpZ2h0PSIxIiB4bWxucz0iaHR0cDovL3d3dy53My5vcmcvMjAwMC9zdmciPjwvc3ZnPg==\" style=\"--smush-placeholder-width: 1920px; --smush-placeholder-aspect-ratio: 1920\/1280;\" \/><\/figure>\n\n<\/div>\n<\/div>\n\n<div class=\"gb-container gb-container-0f51f7b7 dng-c-title-description-with-image__image-container\"><\/div>\n<\/div>\n\n<div class=\"gb-container gb-container-5459de1c\">\n<div class=\"gb-grid-wrapper gb-grid-wrapper-aa3d0022 _rightOffset\">\n<div class=\"gb-grid-column gb-grid-column-f9a0421e\"><div class=\"gb-container gb-container-f9a0421e\">\n\n<figure class=\"gb-block-image gb-block-image-296e7a58\"><img decoding=\"async\" width=\"2560\" height=\"1707\" class=\"gb-image gb-image-296e7a58 lazyload\" data-src=\"https:\/\/marcela.pt\/wp-content\/uploads\/2025\/04\/modern-scandinavian-home-interior-with-design-wooden-commode-dried-leafs-ceramic-vases-personal-accessories-stylish-home-decor-template-copy-space-white-walls-scaled.webp\" alt=\"\" title=\"modern-scandinavian-home-interior-with-design-wooden-commode-dried-leafs-ceramic-vases-personal-accessories-stylish-home-decor-template-copy-space-white-walls\" data-srcset=\"https:\/\/marcela.pt\/wp-content\/uploads\/2025\/04\/modern-scandinavian-home-interior-with-design-wooden-commode-dried-leafs-ceramic-vases-personal-accessories-stylish-home-decor-template-copy-space-white-walls-scaled.webp 2560w, https:\/\/marcela.pt\/wp-content\/uploads\/2025\/04\/modern-scandinavian-home-interior-with-design-wooden-commode-dried-leafs-ceramic-vases-personal-accessories-stylish-home-decor-template-copy-space-white-walls-300x200.webp 300w, https:\/\/marcela.pt\/wp-content\/uploads\/2025\/04\/modern-scandinavian-home-interior-with-design-wooden-commode-dried-leafs-ceramic-vases-personal-accessories-stylish-home-decor-template-copy-space-white-walls-1024x683.webp 1024w, https:\/\/marcela.pt\/wp-content\/uploads\/2025\/04\/modern-scandinavian-home-interior-with-design-wooden-commode-dried-leafs-ceramic-vases-personal-accessories-stylish-home-decor-template-copy-space-white-walls-768x512.webp 768w, https:\/\/marcela.pt\/wp-content\/uploads\/2025\/04\/modern-scandinavian-home-interior-with-design-wooden-commode-dried-leafs-ceramic-vases-personal-accessories-stylish-home-decor-template-copy-space-white-walls-1536x1024.webp 1536w, https:\/\/marcela.pt\/wp-content\/uploads\/2025\/04\/modern-scandinavian-home-interior-with-design-wooden-commode-dried-leafs-ceramic-vases-personal-accessories-stylish-home-decor-template-copy-space-white-walls-2048x1365.webp 2048w\" data-sizes=\"(max-width: 2560px) 100vw, 2560px\" src=\"data:image\/svg+xml;base64,PHN2ZyB3aWR0aD0iMSIgaGVpZ2h0PSIxIiB4bWxucz0iaHR0cDovL3d3dy53My5vcmcvMjAwMC9zdmciPjwvc3ZnPg==\" style=\"--smush-placeholder-width: 2560px; --smush-placeholder-aspect-ratio: 2560\/1707;\" \/><\/figure>\n\n\n<div class=\"gb-container gb-container-8b638211 dng-horizontal-line\"><\/div>\n<\/div><\/div>\n\n<div class=\"gb-grid-column gb-grid-column-1b9de41a\"><div class=\"gb-container gb-container-1b9de41a\">\n\n<h2 class=\"gb-headline gb-headline-d0146425 gb-headline-text\">Immobilienverwaltungsdiense<\/h2>\n\n\n\n<p class=\"gb-headline gb-headline-66d07c24 gb-headline-text body1\">Die Verwaltung einer Immobilie kann eine Herausforderung sein, aber mit unseren umfassenden Dienstleistungen stellen wir sicher, dass Ihre Immobilie bestens betreut und reibungslos verwaltet wird.<\/p>\n\n\n\n<a class=\"gb-button gb-button-b6471ab4 gb-button-text dng-btn-single\" href=\"https:\/\/marcela.pt\/de\/vermietung-immobilienverwaltung\/dienstleistungen-fur-hauseigentumer\/immobilienverwaltungsdienste\/\">Kontaktformular<\/a>\n\n<\/div><\/div>\n<\/div>\n\n<div class=\"gb-container gb-container-75befdee dng-content-section\"><\/div>\n<\/div>\n\n<div class=\"gb-container gb-container-821aee91\">\n<div class=\"gb-grid-wrapper gb-grid-wrapper-85f6e187 _leftOffset\">\n<div class=\"gb-grid-column gb-grid-column-2601a55f\"><div class=\"gb-container gb-container-2601a55f\">\n\n<figure class=\"gb-block-image gb-block-image-6b79296a\"><img decoding=\"async\" width=\"1920\" height=\"1280\" class=\"gb-image gb-image-6b79296a lazyload\" data-src=\"https:\/\/marcela.pt\/wp-content\/uploads\/2025\/04\/43-24460-78d1f4f8b6655591b02d22fabb36a692d73ccaed32aa79b785db18e2812971fd-5d967755-8efe-4765-b15a-1e2af02b4b79.webp\" alt=\"\" title=\"43-24460-78d1f4f8b6655591b02d22fabb36a692d73ccaed32aa79b785db18e2812971fd-5d967755-8efe-4765-b15a-1e2af02b4b79\" data-srcset=\"https:\/\/marcela.pt\/wp-content\/uploads\/2025\/04\/43-24460-78d1f4f8b6655591b02d22fabb36a692d73ccaed32aa79b785db18e2812971fd-5d967755-8efe-4765-b15a-1e2af02b4b79.webp 1920w, https:\/\/marcela.pt\/wp-content\/uploads\/2025\/04\/43-24460-78d1f4f8b6655591b02d22fabb36a692d73ccaed32aa79b785db18e2812971fd-5d967755-8efe-4765-b15a-1e2af02b4b79-300x200.webp 300w, https:\/\/marcela.pt\/wp-content\/uploads\/2025\/04\/43-24460-78d1f4f8b6655591b02d22fabb36a692d73ccaed32aa79b785db18e2812971fd-5d967755-8efe-4765-b15a-1e2af02b4b79-1024x683.webp 1024w, https:\/\/marcela.pt\/wp-content\/uploads\/2025\/04\/43-24460-78d1f4f8b6655591b02d22fabb36a692d73ccaed32aa79b785db18e2812971fd-5d967755-8efe-4765-b15a-1e2af02b4b79-768x512.webp 768w, https:\/\/marcela.pt\/wp-content\/uploads\/2025\/04\/43-24460-78d1f4f8b6655591b02d22fabb36a692d73ccaed32aa79b785db18e2812971fd-5d967755-8efe-4765-b15a-1e2af02b4b79-1536x1024.webp 1536w\" data-sizes=\"(max-width: 1920px) 100vw, 1920px\" src=\"data:image\/svg+xml;base64,PHN2ZyB3aWR0aD0iMSIgaGVpZ2h0PSIxIiB4bWxucz0iaHR0cDovL3d3dy53My5vcmcvMjAwMC9zdmciPjwvc3ZnPg==\" style=\"--smush-placeholder-width: 1920px; --smush-placeholder-aspect-ratio: 1920\/1280;\" \/><\/figure>\n\n\n<div class=\"gb-container gb-container-3dcb2436 dng-horizontal-line\"><\/div>\n<\/div><\/div>\n\n<div class=\"gb-grid-column gb-grid-column-7c6420e2\"><div class=\"gb-container gb-container-7c6420e2\">\n\n<h2 class=\"gb-headline gb-headline-cc6f1584 gb-headline-text\">Vermietungsdienste<\/h2>\n\n\n\n<p class=\"gb-headline gb-headline-23fcc0bb gb-headline-text body1\">Welcome to our rental services!<br>We maximize your rental income and ensure a seamless experience for owners and guests.<\/p>\n\n\n\n<a class=\"gb-button gb-button-ab5f4546 gb-button-text dng-btn-single\" href=\"https:\/\/marcela.pt\/de\/vermietung-immobilienverwaltung\/dienstleistungen-fur-hauseigentumer\/mietservices\/\">Mehr erfahren<\/a>\n\n<\/div><\/div>\n<\/div>\n<\/div>\n\n<div class=\"gb-container gb-container-130c35f8\">\n<div class=\"gb-container gb-container-c27931be dng-c-section\">\n\n<h2 class=\"gb-headline gb-headline-531518c9 gb-headline-text title1\">Denken Sie dar\u00fcber nach, Ihre Immobilie zu vermieten?<\/h2>\n\n\n\n<h5 class=\"gb-headline gb-headline-8caaf6c8 gb-headline-text\">Entdecken Sie, wie Sie den Wert Ihrer Immobilie maximieren und sie schnell und problemlos vermieten k\u00f6nnen.<\/h5>\n\n\n\n<a class=\"gb-button gb-button-0c47776e gb-button-text dng-btn-single\" href=\"#contact-form\">Kontaktieren Sie uns<\/a>\n\n<\/div>\n<\/div>\n\n<div class=\"gb-container gb-container-ca6bf674\" id=\"contact-form\"><\/div>\n\n\r\n<div id=\"dng-c-form-services-for-home-owners-block_e3dac9df46ccda98b23ebdffb0888461\" class=\"dng-c-form-services-for-home-owners section-space\">\r\n    <div class=\"dng-content-section\">\r\n        <div class=\"gpc-contactForm_outer\">\r\n                            <h3>Lassen Sie uns wissen, wie wir Ihnen helfen k\u00f6nnen<\/h3>\r\n                                                <div class=\"casfariContactLead\">\r\n                <form action=\"\" id=\"marcela_contactForm\">\r\n                    <input type=\"hidden\" id=\"dngForm_nonce_data\" name=\"dngForm_nonce_data\" value=\"6711e86727\" \/>                    <input type=\"hidden\" name=\"action\" value=\"marcela_contactForm\">\r\n                    <input type=\"hidden\" name=\"recipient_mail\" value=\"info@marcela.pt\">\r\n                    <input type=\"hidden\" name=\"contact_type\" id=\"contact_type\" value=\"buyer\">\r\n                    <input type=\"hidden\" name=\"lead_title\" id=\"lead_title\" value=\"Services for Home Owners\">\r\n                    <input type=\"hidden\" name=\"tag\" id=\"tag\" value=\"Home Services Form de\">\r\n                    <input type=\"hidden\" name=\"form_name\" id=\"form_name\" value=\"Services for Home Owners\">\r\n                    <div class=\"gpcContact_row\">\r\n                        <div class=\"gpcContact_col12\">\r\n                            <div class=\"cas-select\">\r\n                                <!-- <label class=\"body2\" for=\"lead_subject\">Betreff<\/label> -->\r\n                                <select name=\"leadType\" id=\"leadType\">\r\n                                    <option value=\"\">Betreff<\/option>\r\n                                    <option value=\"Property Management Services\">Immobilienverwaltungsdienste<\/option>\r\n                                    <option value=\"Rentals Services\">Mietservices<\/option>\r\n                                <\/select>\r\n                            <\/div>\r\n                        <\/div>\r\n                        <div class=\"gpcContact_col6\">\r\n                            <div class=\"cas-input\">\r\n                                <input type=\"text\" name=\"name\" id=\"name\" required placeholder=\"Vorname*\">\r\n                            <\/div>\r\n                        <\/div>\r\n                        <div class=\"gpcContact_col6\">\r\n                            <div class=\"cas-input\">\r\n                                <input type=\"text\" name=\"surname\" id=\"surname\" required placeholder=\"Nachname*\">\r\n                            <\/div>\r\n                        <\/div>\r\n                        <div class=\"gpcContact_col6\">\r\n                            <div class=\"cas-input\">\r\n                                <input type=\"tel\" name=\"phone\" id=\"phone_\" required placeholder=\"Telefonnummer*\">\r\n                            <\/div>\r\n                        <\/div>\r\n                        <div class=\"gpcContact_col6\">\r\n                            <div class=\"cas-input\">\r\n                                <input type=\"email\" name=\"email\" id=\"email\" required placeholder=\"Email*\">\r\n                            <\/div>\r\n                        <\/div>\r\n                        <div class=\"gpcContact_col12\">\r\n                            <textarea name=\"message\" id=\"message\" required placeholder=\"Nachricht\"><\/textarea>\r\n                        <\/div>\r\n                    <\/div>\r\n                    <div class=\"leadForm_contsent\">\r\n                        <div class=\"leadForm_contsent--col\">\r\n                            <div class=\"privacy-formcheck\">\r\n                                <input type=\"checkbox\" required>\r\n                                <p class=\"caption\">Ich erteile Marcela Real Estate die Erlaubnis, meine personenbezogenen Daten wie in ihrer  <a href=\"\/de\/datenschutzrichtlinie\/\">Datenschutzrichtlinie<\/a> beschrieben und in \u00dcbereinstimmung mit den geltenden Gesetzen aufzubewahren und zu verwenden.\r\n<\/p>\r\n                            <\/div>\r\n                        <\/div>\r\n                        <div class=\"leadForm_contsent--col leadForm_contsent--colsm\">\r\n                            <div class=\"privacy-formcheck cas-news_info\">\r\n                                <input type=\"checkbox\" name=\"cas_mailchimp\">\r\n                                <p class=\"caption\">Abonnieren Sie unseren Newsletter<\/p>\r\n                            <\/div>\r\n                        <\/div>\r\n                        <div class=\"leadForm_contsent--col leadForm_contsent--colmd\">\r\n                            <button class=\"btn-black button-text\" type=\"submit\">SENDEN<\/button>\r\n                        <\/div>\r\n                    <\/div>\r\n                <\/form>\r\n                <!-- Success Message -->\r\n                <div class=\"form_message form_success\" style=\"display: none;\">\r\n                    <p><\/p>\r\n                <\/div>\r\n                <!-- Error Message -->\r\n                <div class=\"form_message form_error\" style=\"display: none;\">\r\n                    <p><\/p>\r\n                <\/div>\r\n            <\/div>\r\n        <\/div>\r\n    <\/div>\r\n<\/div>\n\n\n<p><\/p>\n","protected":false},"excerpt":{"rendered":"<p>Dienstleistungen f\u00fcr Hauseigent\u00fcmer Besitzen Sie eine Immobilie an der Algarve? Wir bieten ma\u00dfgeschneiderte L\u00f6sungen f\u00fcr die Vermietung und Verwaltung und k\u00fcmmern uns um Ihr Haus, als w\u00e4re es unser eigenes. Denken Sie dar\u00fcber nach, Ihre Immobilie zu vermieten? Entdecken Sie, wie Sie den Wert Ihrer Immobilie maximieren und sie schnell und problemlos vermieten k\u00f6nnen.<\/p>\n","protected":false},"author":4,"featured_media":0,"parent":3438,"menu_order":0,"comment_status":"closed","ping_status":"closed","template":"","meta":{"_acf_changed":false,"footnotes":""},"class_list":["post-3434","page","type-page","status-publish"],"acf":[],"yoast_head":"<!-- This site is optimized with the Yoast SEO Premium plugin v25.1 (Yoast SEO v25.1) - https:\/\/yoast.com\/wordpress\/plugins\/seo\/ -->\n<title>Dienstleistungen f\u00fcr Hauseigent\u00fcmer - Marcela Real Estate<\/title>\n<meta name=\"robots\" content=\"index, follow, max-snippet:-1, max-image-preview:large, max-video-preview:-1\" \/>\n<link rel=\"canonical\" href=\"https:\/\/marcela.pt\/de\/vermietung-immobilienverwaltung\/dienstleistungen-fur-hauseigentumer\/\" \/>\n<meta property=\"og:locale\" content=\"de_DE\" \/>\n<meta property=\"og:type\" content=\"article\" \/>\n<meta property=\"og:title\" content=\"Dienstleistungen f\u00fcr Hauseigent\u00fcmer\" \/>\n<meta property=\"og:description\" content=\"Dienstleistungen f\u00fcr Hauseigent\u00fcmer Besitzen Sie eine Immobilie an der Algarve? Wir bieten ma\u00dfgeschneiderte L\u00f6sungen f\u00fcr die Vermietung und Verwaltung und k\u00fcmmern uns um Ihr Haus, als w\u00e4re es unser eigenes. Denken Sie dar\u00fcber nach, Ihre Immobilie zu vermieten? Entdecken Sie, wie Sie den Wert Ihrer Immobilie maximieren und sie schnell und problemlos vermieten k\u00f6nnen.\" \/>\n<meta property=\"og:url\" content=\"https:\/\/marcela.pt\/de\/vermietung-immobilienverwaltung\/dienstleistungen-fur-hauseigentumer\/\" \/>\n<meta property=\"og:site_name\" content=\"Marcela Real Estate\" \/>\n<meta property=\"article:modified_time\" content=\"2025-05-25T21:03:28+00:00\" \/>\n<meta property=\"og:image\" content=\"https:\/\/marcela.pt\/wp-content\/uploads\/2025\/04\/2_6874d396-1d86-4a39-8fa8-3fd17e31e4a5.webp\" \/>\n<meta name=\"twitter:card\" content=\"summary_large_image\" \/>\n<meta name=\"twitter:label1\" content=\"Gesch\u00e4tzte Lesezeit\" \/>\n\t<meta name=\"twitter:data1\" content=\"2\u00a0Minute\" \/>\n<script type=\"application\/ld+json\" class=\"yoast-schema-graph\">{\"@context\":\"https:\/\/schema.org\",\"@graph\":[{\"@type\":\"WebPage\",\"@id\":\"https:\/\/marcela.pt\/de\/vermietung-immobilienverwaltung\/dienstleistungen-fur-hauseigentumer\/\",\"url\":\"https:\/\/marcela.pt\/de\/vermietung-immobilienverwaltung\/dienstleistungen-fur-hauseigentumer\/\",\"name\":\"Dienstleistungen f\u00fcr Hauseigent\u00fcmer - Marcela Real Estate\",\"isPartOf\":{\"@id\":\"https:\/\/marcela.pt\/de\/#website\"},\"primaryImageOfPage\":{\"@id\":\"https:\/\/marcela.pt\/de\/vermietung-immobilienverwaltung\/dienstleistungen-fur-hauseigentumer\/#primaryimage\"},\"image\":{\"@id\":\"https:\/\/marcela.pt\/de\/vermietung-immobilienverwaltung\/dienstleistungen-fur-hauseigentumer\/#primaryimage\"},\"thumbnailUrl\":\"https:\/\/marcela.pt\/wp-content\/uploads\/2025\/04\/2_6874d396-1d86-4a39-8fa8-3fd17e31e4a5.webp\",\"datePublished\":\"2025-03-26T14:40:08+00:00\",\"dateModified\":\"2025-05-25T21:03:28+00:00\",\"breadcrumb\":{\"@id\":\"https:\/\/marcela.pt\/de\/vermietung-immobilienverwaltung\/dienstleistungen-fur-hauseigentumer\/#breadcrumb\"},\"inLanguage\":\"de\",\"potentialAction\":[{\"@type\":\"ReadAction\",\"target\":[\"https:\/\/marcela.pt\/de\/vermietung-immobilienverwaltung\/dienstleistungen-fur-hauseigentumer\/\"]}]},{\"@type\":\"ImageObject\",\"inLanguage\":\"de\",\"@id\":\"https:\/\/marcela.pt\/de\/vermietung-immobilienverwaltung\/dienstleistungen-fur-hauseigentumer\/#primaryimage\",\"url\":\"https:\/\/marcela.pt\/wp-content\/uploads\/2025\/04\/2_6874d396-1d86-4a39-8fa8-3fd17e31e4a5.webp\",\"contentUrl\":\"https:\/\/marcela.pt\/wp-content\/uploads\/2025\/04\/2_6874d396-1d86-4a39-8fa8-3fd17e31e4a5.webp\"},{\"@type\":\"BreadcrumbList\",\"@id\":\"https:\/\/marcela.pt\/de\/vermietung-immobilienverwaltung\/dienstleistungen-fur-hauseigentumer\/#breadcrumb\",\"itemListElement\":[{\"@type\":\"ListItem\",\"position\":1,\"name\":\"Startseite\",\"item\":\"https:\/\/marcela.pt\/de\/\"},{\"@type\":\"ListItem\",\"position\":2,\"name\":\"Vermietung &amp; Immobilienverwaltung\",\"item\":\"https:\/\/marcela.pt\/rentals-property-management\/\"},{\"@type\":\"ListItem\",\"position\":3,\"name\":\"Dienstleistungen f\u00fcr Hauseigent\u00fcmer\"}]},{\"@type\":\"WebSite\",\"@id\":\"https:\/\/marcela.pt\/de\/#website\",\"url\":\"https:\/\/marcela.pt\/de\/\",\"name\":\"Marcela Real Estate\",\"description\":\"Immobilienagentur in Lagos, Algarve\",\"publisher\":{\"@id\":\"https:\/\/marcela.pt\/de\/#organization\"},\"potentialAction\":[{\"@type\":\"SearchAction\",\"target\":{\"@type\":\"EntryPoint\",\"urlTemplate\":\"https:\/\/marcela.pt\/de\/?s={search_term_string}\"},\"query-input\":{\"@type\":\"PropertyValueSpecification\",\"valueRequired\":true,\"valueName\":\"search_term_string\"}}],\"inLanguage\":\"de\"},{\"@type\":\"Organization\",\"@id\":\"https:\/\/marcela.pt\/de\/#organization\",\"name\":\"Marcela Real Estate\",\"url\":\"https:\/\/marcela.pt\/de\/\",\"logo\":{\"@type\":\"ImageObject\",\"inLanguage\":\"de\",\"@id\":\"https:\/\/marcela.pt\/de\/#\/schema\/logo\/image\/\",\"url\":\"https:\/\/marcela.pt\/wp-content\/uploads\/2025\/03\/logo_white.svg\",\"contentUrl\":\"https:\/\/marcela.pt\/wp-content\/uploads\/2025\/03\/logo_white.svg\",\"caption\":\"Marcela Real Estate\"},\"image\":{\"@id\":\"https:\/\/marcela.pt\/de\/#\/schema\/logo\/image\/\"}}]}<\/script>\n<!-- \/ Yoast SEO Premium plugin. -->","yoast_head_json":{"title":"Dienstleistungen f\u00fcr Hauseigent\u00fcmer - Marcela Real Estate","robots":{"index":"index","follow":"follow","max-snippet":"max-snippet:-1","max-image-preview":"max-image-preview:large","max-video-preview":"max-video-preview:-1"},"canonical":"https:\/\/marcela.pt\/de\/vermietung-immobilienverwaltung\/dienstleistungen-fur-hauseigentumer\/","og_locale":"de_DE","og_type":"article","og_title":"Dienstleistungen f\u00fcr Hauseigent\u00fcmer","og_description":"Dienstleistungen f\u00fcr Hauseigent\u00fcmer Besitzen Sie eine Immobilie an der Algarve? Wir bieten ma\u00dfgeschneiderte L\u00f6sungen f\u00fcr die Vermietung und Verwaltung und k\u00fcmmern uns um Ihr Haus, als w\u00e4re es unser eigenes. Denken Sie dar\u00fcber nach, Ihre Immobilie zu vermieten? Entdecken Sie, wie Sie den Wert Ihrer Immobilie maximieren und sie schnell und problemlos vermieten k\u00f6nnen.","og_url":"https:\/\/marcela.pt\/de\/vermietung-immobilienverwaltung\/dienstleistungen-fur-hauseigentumer\/","og_site_name":"Marcela Real Estate","article_modified_time":"2025-05-25T21:03:28+00:00","og_image":[{"url":"https:\/\/marcela.pt\/wp-content\/uploads\/2025\/04\/2_6874d396-1d86-4a39-8fa8-3fd17e31e4a5.webp","type":"","width":"","height":""}],"twitter_card":"summary_large_image","twitter_misc":{"Gesch\u00e4tzte Lesezeit":"2\u00a0Minute"},"schema":{"@context":"https:\/\/schema.org","@graph":[{"@type":"WebPage","@id":"https:\/\/marcela.pt\/de\/vermietung-immobilienverwaltung\/dienstleistungen-fur-hauseigentumer\/","url":"https:\/\/marcela.pt\/de\/vermietung-immobilienverwaltung\/dienstleistungen-fur-hauseigentumer\/","name":"Dienstleistungen f\u00fcr Hauseigent\u00fcmer - Marcela Real Estate","isPartOf":{"@id":"https:\/\/marcela.pt\/de\/#website"},"primaryImageOfPage":{"@id":"https:\/\/marcela.pt\/de\/vermietung-immobilienverwaltung\/dienstleistungen-fur-hauseigentumer\/#primaryimage"},"image":{"@id":"https:\/\/marcela.pt\/de\/vermietung-immobilienverwaltung\/dienstleistungen-fur-hauseigentumer\/#primaryimage"},"thumbnailUrl":"https:\/\/marcela.pt\/wp-content\/uploads\/2025\/04\/2_6874d396-1d86-4a39-8fa8-3fd17e31e4a5.webp","datePublished":"2025-03-26T14:40:08+00:00","dateModified":"2025-05-25T21:03:28+00:00","breadcrumb":{"@id":"https:\/\/marcela.pt\/de\/vermietung-immobilienverwaltung\/dienstleistungen-fur-hauseigentumer\/#breadcrumb"},"inLanguage":"de","potentialAction":[{"@type":"ReadAction","target":["https:\/\/marcela.pt\/de\/vermietung-immobilienverwaltung\/dienstleistungen-fur-hauseigentumer\/"]}]},{"@type":"ImageObject","inLanguage":"de","@id":"https:\/\/marcela.pt\/de\/vermietung-immobilienverwaltung\/dienstleistungen-fur-hauseigentumer\/#primaryimage","url":"https:\/\/marcela.pt\/wp-content\/uploads\/2025\/04\/2_6874d396-1d86-4a39-8fa8-3fd17e31e4a5.webp","contentUrl":"https:\/\/marcela.pt\/wp-content\/uploads\/2025\/04\/2_6874d396-1d86-4a39-8fa8-3fd17e31e4a5.webp"},{"@type":"BreadcrumbList","@id":"https:\/\/marcela.pt\/de\/vermietung-immobilienverwaltung\/dienstleistungen-fur-hauseigentumer\/#breadcrumb","itemListElement":[{"@type":"ListItem","position":1,"name":"Startseite","item":"https:\/\/marcela.pt\/de\/"},{"@type":"ListItem","position":2,"name":"Vermietung &amp; Immobilienverwaltung","item":"https:\/\/marcela.pt\/rentals-property-management\/"},{"@type":"ListItem","position":3,"name":"Dienstleistungen f\u00fcr Hauseigent\u00fcmer"}]},{"@type":"WebSite","@id":"https:\/\/marcela.pt\/de\/#website","url":"https:\/\/marcela.pt\/de\/","name":"Marcela Real Estate","description":"Immobilienagentur in Lagos, Algarve","publisher":{"@id":"https:\/\/marcela.pt\/de\/#organization"},"potentialAction":[{"@type":"SearchAction","target":{"@type":"EntryPoint","urlTemplate":"https:\/\/marcela.pt\/de\/?s={search_term_string}"},"query-input":{"@type":"PropertyValueSpecification","valueRequired":true,"valueName":"search_term_string"}}],"inLanguage":"de"},{"@type":"Organization","@id":"https:\/\/marcela.pt\/de\/#organization","name":"Marcela Real Estate","url":"https:\/\/marcela.pt\/de\/","logo":{"@type":"ImageObject","inLanguage":"de","@id":"https:\/\/marcela.pt\/de\/#\/schema\/logo\/image\/","url":"https:\/\/marcela.pt\/wp-content\/uploads\/2025\/03\/logo_white.svg","contentUrl":"https:\/\/marcela.pt\/wp-content\/uploads\/2025\/03\/logo_white.svg","caption":"Marcela Real Estate"},"image":{"@id":"https:\/\/marcela.pt\/de\/#\/schema\/logo\/image\/"}}]}},"_links":{"self":[{"href":"https:\/\/marcela.pt\/de\/wp-json\/wp\/v2\/pages\/3434","targetHints":{"allow":["GET"]}}],"collection":[{"href":"https:\/\/marcela.pt\/de\/wp-json\/wp\/v2\/pages"}],"about":[{"href":"https:\/\/marcela.pt\/de\/wp-json\/wp\/v2\/types\/page"}],"author":[{"embeddable":true,"href":"https:\/\/marcela.pt\/de\/wp-json\/wp\/v2\/users\/4"}],"replies":[{"embeddable":true,"href":"https:\/\/marcela.pt\/de\/wp-json\/wp\/v2\/comments?post=3434"}],"version-history":[{"count":5,"href":"https:\/\/marcela.pt\/de\/wp-json\/wp\/v2\/pages\/3434\/revisions"}],"predecessor-version":[{"id":4551,"href":"https:\/\/marcela.pt\/de\/wp-json\/wp\/v2\/pages\/3434\/revisions\/4551"}],"up":[{"embeddable":true,"href":"https:\/\/marcela.pt\/de\/wp-json\/wp\/v2\/pages\/3438"}],"wp:attachment":[{"href":"https:\/\/marcela.pt\/de\/wp-json\/wp\/v2\/media?parent=3434"}],"curies":[{"name":"wp","href":"https:\/\/api.w.org\/{rel}","templated":true}]}}